{"id":35484,"date":"2025-02-20T23:37:26","date_gmt":"2025-02-20T22:37:26","guid":{"rendered":"http:\/\/olemosaic.com\/producto\/4-bols-de-coco-de-13-x-6-cm-toro-3\/"},"modified":"2025-07-25T18:50:16","modified_gmt":"2025-07-25T16:50:16","slug":"4-bols-en-noix-de-coco-de-13-x-6-cm-taureau-3","status":"publish","type":"product","link":"https:\/\/olemosaic.com\/fr\/produit\/4-bols-en-noix-de-coco-de-13-x-6-cm-taureau-3\/","title":{"rendered":"4 Bols en noix de coco de 13 x 6 cm. Motifs floraux. Taureau."},"content":{"rendered":"<p>Cet ensemble de 4 bols en noix de coco est un v\u00e9ritable bijou artisanal qui capture l&rsquo;essence du patrimoine culturel espagnol. Avec des dimensions de 13 x 6 cm chacun, ces bols sont d\u00e9cor\u00e9s de la figure embl\u00e9matique du taureau espagnol, symbole de force et de tradition dans la culture ib\u00e9rique. Chaque bol pr\u00e9sente un design unique, orn\u00e9 de mosa\u00efques aux couleurs vibrantes comprenant des fleurs et des formes g\u00e9om\u00e9triques, cr\u00e9ant un attrait visuel qui anime n&rsquo;importe quelle table ou espace d\u00e9coratif.<\/p>\n<p>Les taureaux, repr\u00e9sent\u00e9s avec une finition brun profond, ressortent intens\u00e9ment sur un fond de textures vari\u00e9es, ce qui conf\u00e8re \u00e0 chaque pi\u00e8ce un caract\u00e8re singulier et authentique. Les mosa\u00efques, compos\u00e9es d&rsquo;une palette de couleurs incluant des bleus, des jaunes et des oranges, apportent un air joyeux et festif, faisant de cet ensemble un merveilleux ajout pour les r\u00e9unions sociales ou les moments sp\u00e9ciaux.<\/p>\n<p>Ces bols ne sont pas seulement fonctionnels et d\u00e9coratifs, ils repr\u00e9sentent \u00e9galement un excellent souvenir pour les touristes cherchant \u00e0 emporter un morceau de la riche culture espagnole. Chez Ol\u00e9 Mosaic, en tant que grossistes de souvenirs authentiques, nous proposons cet ensemble qui c\u00e9l\u00e8bre l&rsquo;artisanat et les traditions de l&rsquo;Espagne, en faisant une excellente option pour les boutiques de cadeaux touristiques cherchant \u00e0 offrir \u00e0 leurs clients des souvenirs m\u00e9morables et repr\u00e9sentatifs de la culture ib\u00e9rique.<\/p>\n","protected":false},"excerpt":{"rendered":"<p>Ensemble de 4 bols en noix de coco de 13 x 6 cm, d\u00e9cor\u00e9s de motifs de l&#8217;embl\u00e9matique taureau espagnol. Chaque bol pr\u00e9sente un design unique, avec des mosa\u00efques aux couleurs vibrantes, incluant des fleurs et des formes g\u00e9om\u00e9triques qui rehaussent son attrait visuel. Les taureaux, repr\u00e9sent\u00e9s avec une finition marron, se d\u00e9tachent sur un fond de textures vari\u00e9es. Cette collection est parfaite pour apporter une touche culturelle et joyeuse \u00e0 n&rsquo;importe quelle table ou espace d\u00e9coratif.<\/p>\n","protected":false},"featured_media":13919,"template":"","meta":{"_acf_changed":false},"product_brand":[],"product_cat":[521],"product_tag":[530],"class_list":{"0":"post-35484","1":"product","2":"type-product","3":"status-publish","4":"has-post-thumbnail","6":"product_cat-bols","7":"product_tag-animaux","8":"pa_motivo-taureaux","10":"first","11":"instock","12":"shipping-taxable","13":"product-type-simple"},"acf":[],"_links":{"self":[{"href":"https:\/\/olemosaic.com\/fr\/wp-json\/wp\/v2\/product\/35484","targetHints":{"allow":["GET"]}}],"collection":[{"href":"https:\/\/olemosaic.com\/fr\/wp-json\/wp\/v2\/product"}],"about":[{"href":"https:\/\/olemosaic.com\/fr\/wp-json\/wp\/v2\/types\/product"}],"wp:featuredmedia":[{"embeddable":true,"href":"https:\/\/olemosaic.com\/fr\/wp-json\/wp\/v2\/media\/13919"}],"wp:attachment":[{"href":"https:\/\/olemosaic.com\/fr\/wp-json\/wp\/v2\/media?parent=35484"}],"wp:term":[{"taxonomy":"product_brand","embeddable":true,"href":"https:\/\/olemosaic.com\/fr\/wp-json\/wp\/v2\/product_brand?post=35484"},{"taxonomy":"product_cat","embeddable":true,"href":"https:\/\/olemosaic.com\/fr\/wp-json\/wp\/v2\/product_cat?post=35484"},{"taxonomy":"product_tag","embeddable":true,"href":"https:\/\/olemosaic.com\/fr\/wp-json\/wp\/v2\/product_tag?post=35484"}],"curies":[{"name":"wp","href":"https:\/\/api.w.org\/{rel}","templated":true}]}}