{"id":35457,"date":"2025-02-20T23:37:25","date_gmt":"2025-02-20T22:37:25","guid":{"rendered":"http:\/\/olemosaic.com\/producto\/4-bols-de-coco-de-13-x-6-cm-isla-mallorca-5\/"},"modified":"2025-07-25T18:56:58","modified_gmt":"2025-07-25T16:56:58","slug":"4-bols-en-noix-de-coco-de-13-x-6-cm-ile-majorque-5","status":"publish","type":"product","link":"https:\/\/olemosaic.com\/fr\/produit\/4-bols-en-noix-de-coco-de-13-x-6-cm-ile-majorque-5\/","title":{"rendered":"4 Bols en noix de coco de 13 x 6 cm. Motifs \u00e0 pois. \u00cele. Majorque."},"content":{"rendered":"<p>Ce lot de 4 bols en noix de coco, mesurant 13 x 6 cm, est une d\u00e9monstration vibrante de l&rsquo;essence m\u00e9diterran\u00e9enne de Majorque. Chaque bol est d\u00e9cor\u00e9 de mani\u00e8re artisanale avec des motifs exclusifs et captivants qui \u00e9voquent la beaut\u00e9 et la splendeur des plages de l&rsquo;\u00eele. Les designs incluent des motifs \u00e0 pois dans les tons bleus, roses et jaunes, qui apportent une touche joyeuse et color\u00e9e, parfaite pour toute occasion. De plus, sa surface lisse et brillante rehausse la d\u00e9licatesse de chaque design, offrant une finition qui allie \u00e9l\u00e9gance et fra\u00eecheur.<\/p>\n<p>Fabriqu\u00e9s de mani\u00e8re durable \u00e0 partir de coques de noix de coco, ces bols ne sont pas seulement fonctionnels, id\u00e9aux pour servir des ap\u00e9ritifs, des fruits secs ou des salades, mais ils sont aussi un pr\u00e9cieux \u00e9l\u00e9ment d\u00e9coratif qui sublime n&rsquo;importe quelle table. Leur authenticit\u00e9 et le soin apport\u00e9 \u00e0 leur \u00e9laboration en font un souvenir repr\u00e9sentatif de Majorque, parfait pour les touristes \u00e0 la recherche d&rsquo;un souvenir sp\u00e9cial refl\u00e9tant la culture et la tradition locales.<\/p>\n<p>Chez Ol\u00e9 Mosaic, nous nous distinguons dans la distribution de ces charmants souvenirs en gros, id\u00e9aux pour les boutiques de cadeaux touristiques souhaitant proposer des produits uniques et de qualit\u00e9. Ce lot de bols en noix de coco est un choix exquis qui t\u00e9moigne de l&rsquo;authenticit\u00e9 du design artisanal et du mode de vie m\u00e9diterran\u00e9en.<\/p>\n","protected":false},"excerpt":{"rendered":"<p>Ensemble de 4 bols en noix de coco de 13 x 6 cm, d\u00e9cor\u00e9s de motifs frappants aux couleurs vibrantes. Chaque bol pr\u00e9sente un design unique, avec des motifs \u00e0 pois dans les tons bleus, roses et jaunes, qui \u00e9voquent la beaut\u00e9 des plages de Majorque. Fabriqu\u00e9s artisanalement, ces bols sont parfaits pour servir des ap\u00e9ritifs ou comme \u00e9l\u00e9ment d\u00e9coratif, ajoutant une touche m\u00e9diterran\u00e9enne et joyeuse \u00e0 n&rsquo;importe quelle table.<\/p>\n","protected":false},"featured_media":13917,"template":"","meta":{"_acf_changed":false},"product_brand":[],"product_cat":[521],"product_tag":[],"class_list":{"0":"post-35457","1":"product","2":"type-product","3":"status-publish","4":"has-post-thumbnail","6":"product_cat-bols","7":"pa_ciudad-mallorca","8":"pa_motivo-iles","9":"pa_pais-espana","11":"first","12":"instock","13":"shipping-taxable","14":"product-type-simple"},"acf":[],"_links":{"self":[{"href":"https:\/\/olemosaic.com\/fr\/wp-json\/wp\/v2\/product\/35457","targetHints":{"allow":["GET"]}}],"collection":[{"href":"https:\/\/olemosaic.com\/fr\/wp-json\/wp\/v2\/product"}],"about":[{"href":"https:\/\/olemosaic.com\/fr\/wp-json\/wp\/v2\/types\/product"}],"wp:featuredmedia":[{"embeddable":true,"href":"https:\/\/olemosaic.com\/fr\/wp-json\/wp\/v2\/media\/13917"}],"wp:attachment":[{"href":"https:\/\/olemosaic.com\/fr\/wp-json\/wp\/v2\/media?parent=35457"}],"wp:term":[{"taxonomy":"product_brand","embeddable":true,"href":"https:\/\/olemosaic.com\/fr\/wp-json\/wp\/v2\/product_brand?post=35457"},{"taxonomy":"product_cat","embeddable":true,"href":"https:\/\/olemosaic.com\/fr\/wp-json\/wp\/v2\/product_cat?post=35457"},{"taxonomy":"product_tag","embeddable":true,"href":"https:\/\/olemosaic.com\/fr\/wp-json\/wp\/v2\/product_tag?post=35457"}],"curies":[{"name":"wp","href":"https:\/\/api.w.org\/{rel}","templated":true}]}}