{"id":35456,"date":"2025-02-20T23:37:25","date_gmt":"2025-02-20T22:37:25","guid":{"rendered":"http:\/\/olemosaic.com\/producto\/4-bols-de-coco-de-13-x-6-cm-caballito-de-mar-mallorca-4\/"},"modified":"2025-07-25T19:26:54","modified_gmt":"2025-07-25T17:26:54","slug":"4-bols-en-noix-de-coco-de-13-x-6-cm-hippocampe-majorque-4","status":"publish","type":"product","link":"https:\/\/olemosaic.com\/fr\/produit\/4-bols-en-noix-de-coco-de-13-x-6-cm-hippocampe-majorque-4\/","title":{"rendered":"4 Bols en noix de coco de 13 x 6 cm. Hippocampe. Design Mosa\u00efque. Majorque."},"content":{"rendered":"<p>Cet ensemble de 4 bols en noix de coco, de 13 x 6 cm, est un hommage \u00e0 la beaut\u00e9 naturelle de Majorque. D\u00e9cor\u00e9s de charmants motifs d&rsquo;hippocampes et de d\u00e9tails vibrants, ils capturent l&rsquo;essence de la M\u00e9diterran\u00e9e. Chaque bol pr\u00e9sente une finition en mosa\u00efque dans les tons bleu, rose, jaune et transparent, cr\u00e9ant un design attrayant et distinctif qui se d\u00e9marquera sur n&rsquo;importe quelle table. Les hippocampes, symboles de tranquillit\u00e9 et de chance, sont subtilement dessin\u00e9s, ajoutant une touche de sophistication et d&rsquo;authenticit\u00e9 \u00e0 chaque pi\u00e8ce.<\/p>\n<p>L&rsquo;utilisation de mat\u00e9riaux durables et l&rsquo;art de l&rsquo;artisanat local se refl\u00e8tent dans la qualit\u00e9 de ces bols, id\u00e9aux pour servir des ap\u00e9ritifs ou comme \u00e9l\u00e9ments d\u00e9coratifs dans n&rsquo;importe quel foyer. La combinaison de couleurs et de design ludique \u00e9voque les journ\u00e9es d&rsquo;\u00e9t\u00e9 chaudes et ensoleill\u00e9es sur les c\u00f4tes majorquines, en faisant un souvenir parfait de l&rsquo;\u00eele.<\/p>\n<p>Chez Ol\u00e9 Mosaic, nous nous sp\u00e9cialisons dans la distribution en gros de souvenirs authentiques de Majorque qui \u00e9voquent sa riche culture et sa connexion avec la nature. Cet ensemble de bols est une excellente option pour les boutiques de cadeaux touristiques \u00e0 la recherche de produits uniques et repr\u00e9sentatifs, garantissant aux touristes un petit morceau de Majorque qu&rsquo;ils appr\u00e9cieront et appr\u00e9cieront.<\/p>\n","protected":false},"excerpt":{"rendered":"<p>Ensemble de 4 bols en noix de coco de 13 x 6 cm, d\u00e9cor\u00e9s de charmants motifs d&rsquo;hippocampes et de d\u00e9tails color\u00e9s. Chaque bol pr\u00e9sente une finition en mosa\u00efque dans les tons bleu, rose, jaune et transparent, ce qui leur conf\u00e8re un design attrayant et distinctif. Parfaits pour servir des ap\u00e9ritifs ou comme \u00e9l\u00e9ment d\u00e9coratif, ces bols refl\u00e8tent l&rsquo;essence de la M\u00e9diterran\u00e9e et apportent une touche de Majorque \u00e0 votre foyer. Chaque pi\u00e8ce comprend un texte subtil soulignant son origine.<\/p>\n","protected":false},"featured_media":13916,"template":"","meta":{"_acf_changed":false},"product_brand":[],"product_cat":[521],"product_tag":[530],"class_list":{"0":"post-35456","1":"product","2":"type-product","3":"status-publish","4":"has-post-thumbnail","6":"product_cat-bols","7":"product_tag-animaux","8":"pa_ciudad-mallorca","9":"pa_motivo-hippocampes","10":"pa_pais-espana","12":"first","13":"instock","14":"shipping-taxable","15":"product-type-simple"},"acf":[],"_links":{"self":[{"href":"https:\/\/olemosaic.com\/fr\/wp-json\/wp\/v2\/product\/35456","targetHints":{"allow":["GET"]}}],"collection":[{"href":"https:\/\/olemosaic.com\/fr\/wp-json\/wp\/v2\/product"}],"about":[{"href":"https:\/\/olemosaic.com\/fr\/wp-json\/wp\/v2\/types\/product"}],"wp:featuredmedia":[{"embeddable":true,"href":"https:\/\/olemosaic.com\/fr\/wp-json\/wp\/v2\/media\/13916"}],"wp:attachment":[{"href":"https:\/\/olemosaic.com\/fr\/wp-json\/wp\/v2\/media?parent=35456"}],"wp:term":[{"taxonomy":"product_brand","embeddable":true,"href":"https:\/\/olemosaic.com\/fr\/wp-json\/wp\/v2\/product_brand?post=35456"},{"taxonomy":"product_cat","embeddable":true,"href":"https:\/\/olemosaic.com\/fr\/wp-json\/wp\/v2\/product_cat?post=35456"},{"taxonomy":"product_tag","embeddable":true,"href":"https:\/\/olemosaic.com\/fr\/wp-json\/wp\/v2\/product_tag?post=35456"}],"curies":[{"name":"wp","href":"https:\/\/api.w.org\/{rel}","templated":true}]}}