{"id":35451,"date":"2025-02-20T23:37:24","date_gmt":"2025-02-20T22:37:24","guid":{"rendered":"http:\/\/olemosaic.com\/producto\/colgador-de-ceramica-sardinas-6\/"},"modified":"2025-07-25T18:34:12","modified_gmt":"2025-07-25T16:34:12","slug":"suspension-en-ceramique-sardines-6","status":"publish","type":"product","link":"https:\/\/olemosaic.com\/fr\/produit\/suspension-en-ceramique-sardines-6\/","title":{"rendered":"Suspension en c\u00e9ramique. Sardines."},"content":{"rendered":"<p>Cette suspension en c\u00e9ramique en forme de sardine est un souvenir attrayant qui \u00e9voque l&rsquo;essence de la M\u00e9diterran\u00e9e. Avec un design vibrant qui met en valeur ses \u00e9cailles dans des tons bleus, oranges et jaunes, cet article capture la vitalit\u00e9 des c\u00f4tes espagnoles et leur riche tradition de p\u00eache. Peinte \u00e0 la main, chaque suspension se distingue par sa technique artisanale m\u00e9ticuleuse, garantissant que chaque pi\u00e8ce est unique et t\u00e9moigne du talent local. Sa forme stylis\u00e9e et ses couleurs vives apportent une touche joyeuse \u00e0 n&rsquo;importe quel environnement, en faisant un \u00e9l\u00e9ment d\u00e9coratif id\u00e9al pour les maisons, les boutiques ou les espaces m\u00e9diterran\u00e9ens.<\/p>\n<p>La sardine, si embl\u00e9matique de la culture gastronomique et de la p\u00eache en Espagne, n&rsquo;est pas seulement un symbole de la richesse marine de la r\u00e9gion, mais aussi une repr\u00e9sentation de l&rsquo;art populaire pr\u00e9sent dans chaque recoin du littoral. Cette suspension ne remplit pas seulement une fonction pratique, elle agit \u00e9galement comme un rappel de la saveur de la mer et des traditions locales. Chez Ol\u00e9 Mosaic, en tant que distributeurs de souvenirs en gros, nous proposons ce charmant souvenir qui sera une excellente option pour les boutiques de cadeaux touristiques \u00e0 la recherche d&rsquo;articles authentiques et repr\u00e9sentatifs. Cette suspension de sardine est, sans aucun doute, un cadeau parfait pour ceux qui souhaitent emporter un petit morceau de la culture m\u00e9diterran\u00e9enne.<\/p>\n","protected":false},"excerpt":{"rendered":"<p>Suspension en c\u00e9ramique en forme de sardine, un souvenir charmant qui capture l&rsquo;essence de la mer. Cet article color\u00e9 pr\u00e9sente un design vibrant d&rsquo;\u00e9cailles dans des tons bleus, oranges et jaunes, apportant une touche joyeuse \u00e0 n&rsquo;importe quel espace. Peinte dans un style artisanal, elle se distingue par sa technique manuelle et le soin apport\u00e9 aux d\u00e9tails, id\u00e9ale pour les d\u00e9corations m\u00e9diterran\u00e9ennes. Chaque pi\u00e8ce est unique et c\u00e9l\u00e8bre la tradition de la p\u00eache de la r\u00e9gion, ce qui en fait un cadeau parfait.<\/p>\n","protected":false},"featured_media":8937,"template":"","meta":{"_acf_changed":false},"product_brand":[],"product_cat":[791],"product_tag":[530,585],"class_list":{"0":"post-35451","1":"product","2":"type-product","3":"status-publish","4":"has-post-thumbnail","6":"product_cat-pateres","7":"product_tag-animaux","8":"product_tag-ceramique","9":"pa_motivo-sardines","11":"first","12":"instock","13":"shipping-taxable","14":"product-type-simple"},"acf":[],"_links":{"self":[{"href":"https:\/\/olemosaic.com\/fr\/wp-json\/wp\/v2\/product\/35451","targetHints":{"allow":["GET"]}}],"collection":[{"href":"https:\/\/olemosaic.com\/fr\/wp-json\/wp\/v2\/product"}],"about":[{"href":"https:\/\/olemosaic.com\/fr\/wp-json\/wp\/v2\/types\/product"}],"wp:featuredmedia":[{"embeddable":true,"href":"https:\/\/olemosaic.com\/fr\/wp-json\/wp\/v2\/media\/8937"}],"wp:attachment":[{"href":"https:\/\/olemosaic.com\/fr\/wp-json\/wp\/v2\/media?parent=35451"}],"wp:term":[{"taxonomy":"product_brand","embeddable":true,"href":"https:\/\/olemosaic.com\/fr\/wp-json\/wp\/v2\/product_brand?post=35451"},{"taxonomy":"product_cat","embeddable":true,"href":"https:\/\/olemosaic.com\/fr\/wp-json\/wp\/v2\/product_cat?post=35451"},{"taxonomy":"product_tag","embeddable":true,"href":"https:\/\/olemosaic.com\/fr\/wp-json\/wp\/v2\/product_tag?post=35451"}],"curies":[{"name":"wp","href":"https:\/\/api.w.org\/{rel}","templated":true}]}}