{"id":35450,"date":"2025-02-20T23:37:24","date_gmt":"2025-02-20T22:37:24","guid":{"rendered":"http:\/\/olemosaic.com\/producto\/colgador-de-ceramica-sardinas-lisboa-mosaico-3\/"},"modified":"2025-07-25T18:34:13","modified_gmt":"2025-07-25T16:34:13","slug":"suspension-en-ceramique-sardines-lisbonne-mosaique-3","status":"publish","type":"product","link":"https:\/\/olemosaic.com\/fr\/produit\/suspension-en-ceramique-sardines-lisbonne-mosaique-3\/","title":{"rendered":"Suspension en c\u00e9ramique. Sardines. Mosa\u00efque. Lisbonne. Portugal."},"content":{"rendered":"<p>Cette suspension en c\u00e9ramique en forme de sardine est une charmante repr\u00e9sentation du patrimoine culturel de Lisbonne, id\u00e9ale pour ceux qui recherchent un souvenir authentique de la vibrante capitale portugaise. Fabriqu\u00e9e en c\u00e9ramique de haute qualit\u00e9, cet article d\u00e9coratif se distingue par son design color\u00e9, qui \u00e9voque les mosa\u00efques traditionnelles de Lisbonne. Avec une finition brillante, la sardine pr\u00e9sente une riche palette de tons bleus, rouges, oranges et verts, formant des motifs complexes qui rappellent l&rsquo;exquise azulejer\u00eda ornant de nombreux b\u00e2timents historiques de la ville.<\/p>\n<p>La forme de sardine n&rsquo;est pas seulement symbolique, car ce poisson est un \u00e9l\u00e9ment iconique de la gastronomie portugaise, connu pour son importance dans la culture locale, mais elle repr\u00e9sente \u00e9galement la fra\u00eecheur et la joie de l&rsquo;ambiance maritime de Lisbonne. Cette suspension, avec son traitement visuel d\u00e9licat et son design moderne fusionn\u00e9 avec des \u00e9l\u00e9ments folkloriques, non seulement embellit n&rsquo;importe quel espace, mais agit \u00e9galement comme un rappel d&rsquo;une visite m\u00e9morable.<\/p>\n<p>Chez Ol\u00e9 Mosaic, nous proposons cette suspension exclusive de sardine parmi nos souvenirs repr\u00e9sentatifs de Lisbonne, garantissant des produits authentiques et de haute qualit\u00e9 pour les boutiques de cadeaux touristiques. Cette suspension en c\u00e9ramique est un choix parfait pour ceux qui souhaitent ramener un morceau de culture portugaise chez eux ou offrir une pi\u00e8ce unique et significative. Avec un m\u00e9lange parfait entre fonctionnalit\u00e9 et art, ce souvenir se distingue comme un choix id\u00e9al pour ceux qui recherchent le charme de Lisbonne dans leur foyer.<\/p>\n","protected":false},"excerpt":{"rendered":"<p>Suspension en c\u00e9ramique en forme de sardine, inspir\u00e9e des mosa\u00efques color\u00e9es de Lisbonne. Cet objet d\u00e9coratif, fabriqu\u00e9 en c\u00e9ramique, pr\u00e9sente un design vibrant avec divers motifs dans des tons bleus, rouges, oranges et verts, \u00e9voquant l&rsquo;architecture traditionnelle portugaise. Il est id\u00e9al pour ajouter une touche culturelle \u00e0 n&rsquo;importe quel espace, car son design attrayant combine des formes modernes avec des \u00e9l\u00e9ments folkloriques, constituant un souvenir authentique du riche h\u00e9ritage de Lisbonne.<\/p>\n","protected":false},"featured_media":11242,"template":"","meta":{"_acf_changed":false},"product_brand":[],"product_cat":[791],"product_tag":[530,585],"class_list":{"0":"post-35450","1":"product","2":"type-product","3":"status-publish","4":"has-post-thumbnail","6":"product_cat-pateres","7":"product_tag-animaux","8":"product_tag-ceramique","9":"pa_ciudad-lisboa","10":"pa_motivo-sardines","11":"pa_pais-portugal","13":"first","14":"instock","15":"shipping-taxable","16":"product-type-simple"},"acf":[],"_links":{"self":[{"href":"https:\/\/olemosaic.com\/fr\/wp-json\/wp\/v2\/product\/35450","targetHints":{"allow":["GET"]}}],"collection":[{"href":"https:\/\/olemosaic.com\/fr\/wp-json\/wp\/v2\/product"}],"about":[{"href":"https:\/\/olemosaic.com\/fr\/wp-json\/wp\/v2\/types\/product"}],"wp:featuredmedia":[{"embeddable":true,"href":"https:\/\/olemosaic.com\/fr\/wp-json\/wp\/v2\/media\/11242"}],"wp:attachment":[{"href":"https:\/\/olemosaic.com\/fr\/wp-json\/wp\/v2\/media?parent=35450"}],"wp:term":[{"taxonomy":"product_brand","embeddable":true,"href":"https:\/\/olemosaic.com\/fr\/wp-json\/wp\/v2\/product_brand?post=35450"},{"taxonomy":"product_cat","embeddable":true,"href":"https:\/\/olemosaic.com\/fr\/wp-json\/wp\/v2\/product_cat?post=35450"},{"taxonomy":"product_tag","embeddable":true,"href":"https:\/\/olemosaic.com\/fr\/wp-json\/wp\/v2\/product_tag?post=35450"}],"curies":[{"name":"wp","href":"https:\/\/api.w.org\/{rel}","templated":true}]}}