{"id":35448,"date":"2025-02-20T23:37:24","date_gmt":"2025-02-20T22:37:24","guid":{"rendered":"http:\/\/olemosaic.com\/producto\/colgador-de-ceramica-sardinas-5\/"},"modified":"2025-07-25T18:34:09","modified_gmt":"2025-07-25T16:34:09","slug":"crochet-en-ceramique-sardines-bleu","status":"publish","type":"product","link":"https:\/\/olemosaic.com\/fr\/produit\/crochet-en-ceramique-sardines-bleu\/","title":{"rendered":"Crochet en c\u00e9ramique. Sardines. Bleu."},"content":{"rendered":"<p>D\u00e9couvrez le charmant crochet en c\u00e9ramique en forme de sardine, un joyau de l&rsquo;art portugais con\u00e7u pour apporter une touche joyeuse et color\u00e9e \u00e0 votre foyer. Ce produit artisanal, fabriqu\u00e9 avec une finition soign\u00e9e peinte \u00e0 la main, se distingue par ses tons bleus vibrants qui \u00e9voquent les eaux cristallines de la c\u00f4te portugaise. Avec son petit visage sympathique et sa texture agr\u00e9able, ce crochet combine fonctionnalit\u00e9 et beaut\u00e9, devenant un \u00e9l\u00e9ment d\u00e9coratif id\u00e9al pour tout espace, des cuisines aux salons.<\/p>\n<p>Les motifs complexes de c\u00e9ramique traditionnelle qui ornent le crochet refl\u00e8tent le riche h\u00e9ritage culturel du Portugal, symbolisant la connexion du pays avec la mer et sa riche gastronomie, o\u00f9 la sardine est un plat embl\u00e9matique. Ce souvenir n&rsquo;est pas seulement un crochet pratique, mais aussi un rappel de la chaleur et de l&rsquo;hospitalit\u00e9 de la culture portugaise.<\/p>\n<p>Parfait pour les touristes \u00e0 la recherche de souvenirs authentiques, ce crochet de sardine est une excellente option pour ceux qui souhaitent ramener chez eux un petit morceau de l&rsquo;essence c\u00f4ti\u00e8re du Portugal. Chez Ol\u00e9 Mosaic, nous sommes fiers de proposer des souvenirs en c\u00e9ramique authentiques et artisanaux en gros qui c\u00e9l\u00e8brent la tradition et la cr\u00e9ativit\u00e9 de la r\u00e9gion. Ce crochet est un merveilleux ajout pour les boutiques de cadeaux touristiques qui cherchent \u00e0 offrir des produits uniques et repr\u00e9sentatifs.<\/p>\n","protected":false},"excerpt":{"rendered":"<p>Crochet en c\u00e9ramique en forme de sardine, con\u00e7u dans des tons bleus vibrants et avec des d\u00e9tails d\u00e9coratifs. Ce produit artisanal pr\u00e9sente un design fini \u00e0 la main, incorporant des motifs de c\u00e9ramique traditionnelle qui \u00e9voquent l&rsquo;essence c\u00f4ti\u00e8re du Portugal. Avec un design joyeux et sympathique, incluant un petit visage et une texture attrayante, ce crochet est une pi\u00e8ce fonctionnelle et d\u00e9corative parfaite pour tout foyer souhaitant souligner ses racines marines.<\/p>\n","protected":false},"featured_media":8940,"template":"","meta":{"_acf_changed":false},"product_brand":[],"product_cat":[791],"product_tag":[530,585],"class_list":{"0":"post-35448","1":"product","2":"type-product","3":"status-publish","4":"has-post-thumbnail","6":"product_cat-pateres","7":"product_tag-animaux","8":"product_tag-ceramique","9":"pa_motivo-sardines","11":"first","12":"instock","13":"shipping-taxable","14":"product-type-simple"},"acf":[],"_links":{"self":[{"href":"https:\/\/olemosaic.com\/fr\/wp-json\/wp\/v2\/product\/35448","targetHints":{"allow":["GET"]}}],"collection":[{"href":"https:\/\/olemosaic.com\/fr\/wp-json\/wp\/v2\/product"}],"about":[{"href":"https:\/\/olemosaic.com\/fr\/wp-json\/wp\/v2\/types\/product"}],"wp:featuredmedia":[{"embeddable":true,"href":"https:\/\/olemosaic.com\/fr\/wp-json\/wp\/v2\/media\/8940"}],"wp:attachment":[{"href":"https:\/\/olemosaic.com\/fr\/wp-json\/wp\/v2\/media?parent=35448"}],"wp:term":[{"taxonomy":"product_brand","embeddable":true,"href":"https:\/\/olemosaic.com\/fr\/wp-json\/wp\/v2\/product_brand?post=35448"},{"taxonomy":"product_cat","embeddable":true,"href":"https:\/\/olemosaic.com\/fr\/wp-json\/wp\/v2\/product_cat?post=35448"},{"taxonomy":"product_tag","embeddable":true,"href":"https:\/\/olemosaic.com\/fr\/wp-json\/wp\/v2\/product_tag?post=35448"}],"curies":[{"name":"wp","href":"https:\/\/api.w.org\/{rel}","templated":true}]}}