{"id":35447,"date":"2025-02-20T23:37:24","date_gmt":"2025-02-20T22:37:24","guid":{"rendered":"http:\/\/olemosaic.com\/producto\/colgador-de-ceramica-sardinas-4\/"},"modified":"2025-07-25T19:11:25","modified_gmt":"2025-07-25T17:11:25","slug":"crochet-en-ceramique-sardines-fr","status":"publish","type":"product","link":"https:\/\/olemosaic.com\/fr\/produit\/crochet-en-ceramique-sardines-fr\/","title":{"rendered":"Crochet en c\u00e9ramique. Sardines."},"content":{"rendered":"<p>Ce crochet en c\u00e9ramique en forme de sardine est une pi\u00e8ce vibrante qui capture l&rsquo;essence de la culture m\u00e9diterran\u00e9enne. Son design peint \u00e0 la main se distingue par des motifs g\u00e9om\u00e9triques frappants dans des tons rouges et bleus, \u00e9voquant la fra\u00eecheur et le dynamisme de la vie marine. La sardine, avec un visage expressif et des d\u00e9tails artistiques m\u00e9ticuleusement \u00e9labor\u00e9s, devient un \u00e9l\u00e9ment d\u00e9coratif optimal pour ajouter une touche amusante et color\u00e9e \u00e0 n&rsquo;importe quel espace de la maison, que ce soit dans la cuisine ou le salon.<\/p>\n<p>Le choix de la sardine comme motif souligne l&rsquo;importance de ce poisson dans la gastronomie et la tradition c\u00f4ti\u00e8re, particuli\u00e8rement dans des r\u00e9gions comme l&rsquo;Andalousie, o\u00f9 les c\u00e9l\u00e9brations autour de la p\u00eache sont courantes. Ce crochet n&rsquo;est pas seulement fonctionnel, il repr\u00e9sente aussi un fragment du folklore espagnol, \u00e9tant un excellent souvenir qui rappelle la chaleur et la joie de l&rsquo;ambiance m\u00e9diterran\u00e9enne. Chez Ol\u00e9 Mosaic, nous sommes fiers d&rsquo;offrir des souvenirs authentiques, et ce crochet en c\u00e9ramique est une option id\u00e9ale pour les boutiques de cadeaux touristiques \u00e0 la recherche de produits distinctifs. Il est parfait pour les touristes qui souhaitent emporter un souvenir color\u00e9 et repr\u00e9sentatif de leur exp\u00e9rience. En tant que distributeurs de souvenirs, nous garantissons des produits qui capturent le riche h\u00e9ritage culturel de l&rsquo;Espagne, incluant ce charmant crochet de sardines.<\/p>\n","protected":false},"excerpt":{"rendered":"<p>Crochet en c\u00e9ramique en forme de sardine, d\u00e9cor\u00e9 de motifs g\u00e9om\u00e9triques vibrants dans des tons rouges et bleus. Ce produit artisanal, parfait pour donner une touche amusante \u00e0 n&rsquo;importe quel espace, pr\u00e9sente un design artisanal, peint \u00e0 la main, qui \u00e9voque la culture marine typique de la c\u00f4te m\u00e9diterran\u00e9enne. La sardine, avec son visage joyeux et ses d\u00e9tails m\u00e9ticuleusement \u00e9labor\u00e9s, est id\u00e9ale pour \u00eatre suspendue dans la cuisine ou comme \u00e9l\u00e9ment d\u00e9coratif \u00e0 la maison.<\/p>\n","protected":false},"featured_media":8938,"template":"","meta":{"_acf_changed":false},"product_brand":[],"product_cat":[791],"product_tag":[530,585],"class_list":{"0":"post-35447","1":"product","2":"type-product","3":"status-publish","4":"has-post-thumbnail","6":"product_cat-pateres","7":"product_tag-animaux","8":"product_tag-ceramique","9":"pa_motivo-sardines","11":"first","12":"instock","13":"shipping-taxable","14":"product-type-simple"},"acf":[],"_links":{"self":[{"href":"https:\/\/olemosaic.com\/fr\/wp-json\/wp\/v2\/product\/35447","targetHints":{"allow":["GET"]}}],"collection":[{"href":"https:\/\/olemosaic.com\/fr\/wp-json\/wp\/v2\/product"}],"about":[{"href":"https:\/\/olemosaic.com\/fr\/wp-json\/wp\/v2\/types\/product"}],"wp:featuredmedia":[{"embeddable":true,"href":"https:\/\/olemosaic.com\/fr\/wp-json\/wp\/v2\/media\/8938"}],"wp:attachment":[{"href":"https:\/\/olemosaic.com\/fr\/wp-json\/wp\/v2\/media?parent=35447"}],"wp:term":[{"taxonomy":"product_brand","embeddable":true,"href":"https:\/\/olemosaic.com\/fr\/wp-json\/wp\/v2\/product_brand?post=35447"},{"taxonomy":"product_cat","embeddable":true,"href":"https:\/\/olemosaic.com\/fr\/wp-json\/wp\/v2\/product_cat?post=35447"},{"taxonomy":"product_tag","embeddable":true,"href":"https:\/\/olemosaic.com\/fr\/wp-json\/wp\/v2\/product_tag?post=35447"}],"curies":[{"name":"wp","href":"https:\/\/api.w.org\/{rel}","templated":true}]}}