{"id":35444,"date":"2025-02-20T23:37:23","date_gmt":"2025-02-20T22:37:23","guid":{"rendered":"http:\/\/olemosaic.com\/producto\/colgador-de-ceramica-sardinas-mosaico\/"},"modified":"2025-07-25T18:49:01","modified_gmt":"2025-07-25T16:49:01","slug":"crochet-en-ceramique-sardines-mosaique","status":"publish","type":"product","link":"https:\/\/olemosaic.com\/fr\/produit\/crochet-en-ceramique-sardines-mosaique\/","title":{"rendered":"Crochet en c\u00e9ramique. Sardines. Mosa\u00efque. Motifs traditionnels"},"content":{"rendered":"<p>Ce crochet en c\u00e9ramique en forme de sardine est un souvenir charmant qui capture l&rsquo;essence du folklore m\u00e9diterran\u00e9en, id\u00e9al pour tout amateur de la culture espagnole. Fabriqu\u00e9 avec une c\u00e9ramique de haute qualit\u00e9, ce crochet pr\u00e9sente un design tr\u00e8s sp\u00e9cial qui refl\u00e8te la vivacit\u00e9 des couleurs et les motifs traditionnels de la r\u00e9gion. Sa surface est orn\u00e9e d&rsquo;une mosa\u00efque vibrante de tons rouges, bleus et jaunes, qui \u00e9voquent l&rsquo;esprit joyeux des c\u00f4tes espagnoles. Chaque d\u00e9tail a \u00e9t\u00e9 m\u00e9ticuleusement peint \u00e0 la main, ce qui garantit que chaque pi\u00e8ce est unique et souligne la ma\u00eetrise artisanale qui caract\u00e9rise la production de c\u00e9ramique en Espagne.<\/p>\n<p>Le design en forme de sardine n&rsquo;est pas seulement attrayant visuellement, mais c&rsquo;est aussi un symbole de la riche tradition culinaire de la M\u00e9diterran\u00e9e, o\u00f9 les sardines sont un plat commun et leur consommation fait partie int\u00e9grante de la vie locale. Ce crochet est donc plus qu&rsquo;un simple objet d\u00e9coratif ; c&rsquo;est un souvenir qui c\u00e9l\u00e8bre la culture et la gastronomie de la r\u00e9gion.<\/p>\n<p>Chez Ol\u00e9 Mosaic, nous nous sp\u00e9cialisons dans la distribution de souvenirs en gros, offrant des articles authentiques qui r\u00e9sonnent avec l&rsquo;esprit local. Ce crochet en c\u00e9ramique est un choix parfait pour les boutiques de cadeaux touristiques \u00e0 la recherche de souvenirs de qualit\u00e9 et de pertinence culturelle. En choisissant ce crochet, vous n&rsquo;acqu\u00e9rez pas seulement un produit esth\u00e9tique, mais aussi un morceau du riche h\u00e9ritage espagnol que vos clients adoreront.<\/p>\n","protected":false},"excerpt":{"rendered":"<p>Crochet en c\u00e9ramique en forme de sardine, d\u00e9cor\u00e9 d&rsquo;une mosa\u00efque vibrante de couleurs et de motifs traditionnels. Cet article attrayant pr\u00e9sente un design tr\u00e8s sp\u00e9cial qui capture l&rsquo;essence du folklore m\u00e9diterran\u00e9en, avec sa surface orn\u00e9e de tons rouges, bleus et jaunes. Fabriqu\u00e9e \u00e0 la main, chaque pi\u00e8ce refl\u00e8te la ma\u00eetrise artisanale de la r\u00e9gion, apportant une touche joyeuse et authentique \u00e0 la d\u00e9coration de n&rsquo;importe quel foyer.<\/p>\n","protected":false},"featured_media":11241,"template":"","meta":{"_acf_changed":false},"product_brand":[],"product_cat":[791],"product_tag":[530,585],"class_list":{"0":"post-35444","1":"product","2":"type-product","3":"status-publish","4":"has-post-thumbnail","6":"product_cat-pateres","7":"product_tag-animaux","8":"product_tag-ceramique","9":"pa_motivo-sardines","11":"first","12":"instock","13":"shipping-taxable","14":"product-type-simple"},"acf":[],"_links":{"self":[{"href":"https:\/\/olemosaic.com\/fr\/wp-json\/wp\/v2\/product\/35444","targetHints":{"allow":["GET"]}}],"collection":[{"href":"https:\/\/olemosaic.com\/fr\/wp-json\/wp\/v2\/product"}],"about":[{"href":"https:\/\/olemosaic.com\/fr\/wp-json\/wp\/v2\/types\/product"}],"wp:featuredmedia":[{"embeddable":true,"href":"https:\/\/olemosaic.com\/fr\/wp-json\/wp\/v2\/media\/11241"}],"wp:attachment":[{"href":"https:\/\/olemosaic.com\/fr\/wp-json\/wp\/v2\/media?parent=35444"}],"wp:term":[{"taxonomy":"product_brand","embeddable":true,"href":"https:\/\/olemosaic.com\/fr\/wp-json\/wp\/v2\/product_brand?post=35444"},{"taxonomy":"product_cat","embeddable":true,"href":"https:\/\/olemosaic.com\/fr\/wp-json\/wp\/v2\/product_cat?post=35444"},{"taxonomy":"product_tag","embeddable":true,"href":"https:\/\/olemosaic.com\/fr\/wp-json\/wp\/v2\/product_tag?post=35444"}],"curies":[{"name":"wp","href":"https:\/\/api.w.org\/{rel}","templated":true}]}}