{"id":35438,"date":"2025-02-20T23:37:23","date_gmt":"2025-02-20T22:37:23","guid":{"rendered":"http:\/\/olemosaic.com\/producto\/colgador-de-ceramica-sardinas-2\/"},"modified":"2025-07-25T18:49:32","modified_gmt":"2025-07-25T16:49:32","slug":"crochet-en-ceramique-sardines-2","status":"publish","type":"product","link":"https:\/\/olemosaic.com\/fr\/produit\/crochet-en-ceramique-sardines-2\/","title":{"rendered":"Crochet en c\u00e9ramique. Sardines. Motifs abstraits."},"content":{"rendered":"<p>Ce crochet en c\u00e9ramique en forme de sardine est une joyeuse repr\u00e9sentation de la culture maritime espagnole, parfait pour ajouter une touche vibrante \u00e0 n&rsquo;importe quel espace. Fabriqu\u00e9 en c\u00e9ramique de haute qualit\u00e9, ce crochet se distingue par son design peint \u00e0 la main qui capture l&rsquo;essence de la c\u00f4te. Sa forme de sardine stylis\u00e9e \u00e9voque les traditions de p\u00eache et de gastronomie des zones maritimes, c\u00e9l\u00e9brant un \u00e9l\u00e9ment tr\u00e8s appr\u00e9ci\u00e9 du r\u00e9gime m\u00e9diterran\u00e9en. La pi\u00e8ce pr\u00e9sente une base blanche d\u00e9cor\u00e9e d&rsquo;une explosion de couleurs vives dans des tons rouges, bleus, jaunes et verts, qui se d\u00e9ploient dans une vari\u00e9t\u00e9 de motifs abstraits, apportant dynamisme et joie \u00e0 l&rsquo;objet.<\/p>\n<p>Ce crochet n&rsquo;est pas seulement un accessoire fonctionnel, mais aussi un souvenir authentique qui refl\u00e8te la tradition artisanale espagnole. Il est parfait comme souvenir pour les touristes souhaitant emporter un petit morceau de la culture c\u00f4ti\u00e8re espagnole chez eux. Son authenticit\u00e9 et son esth\u00e9tique color\u00e9e en font une excellente option pour les boutiques de cadeaux touristiques cherchant \u00e0 offrir des produits uniques et repr\u00e9sentatifs. Chez Ol\u00e9 Mosaic, en tant que grossistes de souvenirs en c\u00e9ramique, nous garantissons la qualit\u00e9 et l&rsquo;originalit\u00e9 de chaque pi\u00e8ce, ce qui fait de ce crochet de sardine une acquisition pr\u00e9cieuse pour toute collection de souvenirs.<\/p>\n","protected":false},"excerpt":{"rendered":"<p>Crochet en c\u00e9ramique en forme de sardine, d\u00e9cor\u00e9 d&rsquo;un design vibrant et color\u00e9. Fabriqu\u00e9 en c\u00e9ramique de haute qualit\u00e9, ce crochet pr\u00e9sente une esth\u00e9tique joyeuse avec des motifs abstraits dans des tons rouge, bleu, jaune et vert sur fond blanc. Sa finition, son design artisanal, peint \u00e0 la main, et sa grande beaut\u00e9, soulignent la tradition artisanale, en faisant un accessoire id\u00e9al pour n&rsquo;importe quel espace, \u00e9voquant le charme c\u00f4tier des zones maritimes espagnoles.<\/p>\n","protected":false},"featured_media":11247,"template":"","meta":{"_acf_changed":false},"product_brand":[],"product_cat":[791],"product_tag":[530,585],"class_list":{"0":"post-35438","1":"product","2":"type-product","3":"status-publish","4":"has-post-thumbnail","6":"product_cat-pateres","7":"product_tag-animaux","8":"product_tag-ceramique","9":"pa_motivo-sardines","11":"first","12":"instock","13":"shipping-taxable","14":"product-type-simple"},"acf":[],"_links":{"self":[{"href":"https:\/\/olemosaic.com\/fr\/wp-json\/wp\/v2\/product\/35438","targetHints":{"allow":["GET"]}}],"collection":[{"href":"https:\/\/olemosaic.com\/fr\/wp-json\/wp\/v2\/product"}],"about":[{"href":"https:\/\/olemosaic.com\/fr\/wp-json\/wp\/v2\/types\/product"}],"wp:featuredmedia":[{"embeddable":true,"href":"https:\/\/olemosaic.com\/fr\/wp-json\/wp\/v2\/media\/11247"}],"wp:attachment":[{"href":"https:\/\/olemosaic.com\/fr\/wp-json\/wp\/v2\/media?parent=35438"}],"wp:term":[{"taxonomy":"product_brand","embeddable":true,"href":"https:\/\/olemosaic.com\/fr\/wp-json\/wp\/v2\/product_brand?post=35438"},{"taxonomy":"product_cat","embeddable":true,"href":"https:\/\/olemosaic.com\/fr\/wp-json\/wp\/v2\/product_cat?post=35438"},{"taxonomy":"product_tag","embeddable":true,"href":"https:\/\/olemosaic.com\/fr\/wp-json\/wp\/v2\/product_tag?post=35438"}],"curies":[{"name":"wp","href":"https:\/\/api.w.org\/{rel}","templated":true}]}}