{"id":35436,"date":"2025-02-20T23:37:22","date_gmt":"2025-02-20T22:37:22","guid":{"rendered":"http:\/\/olemosaic.com\/producto\/colgador-de-ceramica-sardinas-lisboa\/"},"modified":"2025-07-25T18:33:38","modified_gmt":"2025-07-25T16:33:38","slug":"crochet-en-ceramique-sardines-lisbonne","status":"publish","type":"product","link":"https:\/\/olemosaic.com\/fr\/produit\/crochet-en-ceramique-sardines-lisbonne\/","title":{"rendered":"Crochet en c\u00e9ramique. Sardines. Lisbonne."},"content":{"rendered":"<p>Ce crochet en c\u00e9ramique en forme de sardine est un charmant souvenir qui capture l&rsquo;essence du symbolisme traditionnel du poisson \u00e0 Lisbonne. Avec un design m\u00e9ticuleux peint \u00e0 la main, cette pi\u00e8ce unique affiche une palette de couleurs vibrantes \u2014 bleu, rouge, jaune et vert \u2014 sur un \u00e9l\u00e9gant fond blanc qui rehausse son attrait visuel. Chaque d\u00e9tail du crochet se distingue par des motifs abstraits \u00e9voquant l&rsquo;ambiance festive et anim\u00e9e de la capitale portugaise, faisant de chaque sardine une petite \u0153uvre d&rsquo;art.<\/p>\n<p>La c\u00e9ramique de haute qualit\u00e9 utilis\u00e9e pour sa fabrication assure non seulement sa durabilit\u00e9, mais apporte \u00e9galement une touche d&rsquo;authenticit\u00e9 culturelle. Les sardines sont un \u00e9l\u00e9ment embl\u00e9matique de la gastronomie et de la tradition lisbo\u00e8te, repr\u00e9sentant l&rsquo;influence de la mer et sa riche offre culinaire. En accrochant cet objet dans n&rsquo;importe quel espace, on invite l&rsquo;histoire et la chaleur de la culture portugaise \u00e0 faire partie du foyer, en faisant un souvenir significatif pour les touristes et les amoureux du Portugal.<\/p>\n<p>Dans le cadre de l&rsquo;offre d&rsquo;Ol\u00e9 Mosaic, ce crochet en c\u00e9ramique se pr\u00e9sente comme un excellent produit id\u00e9al pour les boutiques de cadeaux touristiques \u00e0 la recherche de souvenirs authentiques de Lisbonne. Son design tr\u00e8s sp\u00e9cial et sa connexion culturelle garantissent qu&rsquo;il sera un article populaire parmi les visiteurs souhaitant emporter un morceau de la tradition portugaise. En tant que distributeurs de c\u00e9ramique en gros, nous offrons \u00e0 nos clients l&rsquo;opportunit\u00e9 d&rsquo;int\u00e9grer ce crochet original dans leur s\u00e9lection de souvenirs.<\/p>\n","protected":false},"excerpt":{"rendered":"<p>Crochet en c\u00e9ramique en forme de sardine, repr\u00e9sentant le symbolisme traditionnel du poisson \u00e0 Lisbonne. Cet charmant objet d\u00e9coratif au design artisanal est peint \u00e0 la main et pr\u00e9sente une vari\u00e9t\u00e9 color\u00e9e de motifs abstraits dans des tons bleus, rouges, jaunes et verts sur un fond blanc. La c\u00e9ramique de haute qualit\u00e9 et le design vibrant font de ce crochet une pi\u00e8ce id\u00e9ale pour ajouter une touche de culture portugaise \u00e0 n&rsquo;importe quel espace.<\/p>\n","protected":false},"featured_media":11248,"template":"","meta":{"_acf_changed":false},"product_brand":[],"product_cat":[791],"product_tag":[530,585],"class_list":{"0":"post-35436","1":"product","2":"type-product","3":"status-publish","4":"has-post-thumbnail","6":"product_cat-pateres","7":"product_tag-animaux","8":"product_tag-ceramique","9":"pa_ciudad-lisboa","10":"pa_motivo-sardines","11":"pa_pais-portugal","13":"first","14":"instock","15":"shipping-taxable","16":"product-type-simple"},"acf":[],"_links":{"self":[{"href":"https:\/\/olemosaic.com\/fr\/wp-json\/wp\/v2\/product\/35436","targetHints":{"allow":["GET"]}}],"collection":[{"href":"https:\/\/olemosaic.com\/fr\/wp-json\/wp\/v2\/product"}],"about":[{"href":"https:\/\/olemosaic.com\/fr\/wp-json\/wp\/v2\/types\/product"}],"wp:featuredmedia":[{"embeddable":true,"href":"https:\/\/olemosaic.com\/fr\/wp-json\/wp\/v2\/media\/11248"}],"wp:attachment":[{"href":"https:\/\/olemosaic.com\/fr\/wp-json\/wp\/v2\/media?parent=35436"}],"wp:term":[{"taxonomy":"product_brand","embeddable":true,"href":"https:\/\/olemosaic.com\/fr\/wp-json\/wp\/v2\/product_brand?post=35436"},{"taxonomy":"product_cat","embeddable":true,"href":"https:\/\/olemosaic.com\/fr\/wp-json\/wp\/v2\/product_cat?post=35436"},{"taxonomy":"product_tag","embeddable":true,"href":"https:\/\/olemosaic.com\/fr\/wp-json\/wp\/v2\/product_tag?post=35436"}],"curies":[{"name":"wp","href":"https:\/\/api.w.org\/{rel}","templated":true}]}}