{"id":35435,"date":"2025-02-20T23:37:22","date_gmt":"2025-02-20T22:37:22","guid":{"rendered":"http:\/\/olemosaic.com\/producto\/colgador-de-ceramica-sardinas-lisboa-mosaico\/"},"modified":"2025-07-25T18:49:33","modified_gmt":"2025-07-25T16:49:33","slug":"crochet-en-ceramique-sardines-lisbonne-mosaique","status":"publish","type":"product","link":"https:\/\/olemosaic.com\/fr\/produit\/crochet-en-ceramique-sardines-lisbonne-mosaique\/","title":{"rendered":"Crochet en c\u00e9ramique. Sardines. Lisbonne. Mosa\u00efque"},"content":{"rendered":"<p>Ce crochet en c\u00e9ramique en forme de sardine est un charmant souvenir, inspir\u00e9 par la riche tradition culturelle de Lisbonne et \u00e9voquant le lien maritime de la ville. Avec un design vibrant pr\u00e9sentant une vari\u00e9t\u00e9 de motifs de mosa\u00efque aux couleurs vives, o\u00f9 pr\u00e9dominent les tons rouges, bleus et verts qui rendent hommage aux embl\u00e9matiques azulejos portugais. Chaque pi\u00e8ce semble \u00eatre peinte \u00e0 la main, assurant une finition unique et artisanale qui refl\u00e8te le talent des c\u00e9ramistes locaux. La silhouette de la sardine, reconnue comme symbole de la mer M\u00e9diterran\u00e9e et du patrimoine gastronomique portugais, est orn\u00e9e de d\u00e9tails minutieux incluant des motifs g\u00e9om\u00e9triques et floraux complexes, cr\u00e9ant une atmosph\u00e8re festive et joyeuse. Ce crochet ne sert pas seulement d&rsquo;objet d\u00e9coratif ajoutant une touche culturelle \u00e0 n&rsquo;importe quel environnement, mais devient \u00e9galement un rappel tangible de la beaut\u00e9 et de l&rsquo;h\u00e9ritage de Lisbonne. Chez Ol\u00e9 Mosaic, nous proposons des produits authentiques et repr\u00e9sentatifs, id\u00e9aux pour les touristes \u00e0 la recherche de souvenirs en c\u00e9ramique uniques. Ce crochet de sardine est une excellente option pour les boutiques de cadeaux touristiques, parfait pour ceux qui souhaitent emporter un morceau de la culture portugaise. En tant que grossiste de souvenirs, nous garantissons un design exceptionnel et une qualit\u00e9 artisanale dans chaque pi\u00e8ce.<\/p>\n","protected":false},"excerpt":{"rendered":"<p>Crochet en c\u00e9ramique en forme de sardine, inspir\u00e9 de la tradition lisbo\u00e8te. Ce design vibrant pr\u00e9sente des motifs de mosa\u00efque aux couleurs vives, telles que le rouge, le bleu et le vert, qui \u00e9voquent l&rsquo;esth\u00e9tique des azulejos portugais. Chaque pi\u00e8ce semble \u00eatre peinte \u00e0 la main, ce qui lui conf\u00e8re une finition unique et artisanale. Il est parfait pour ajouter une touche d\u00e9corative et culturelle \u00e0 n&rsquo;importe quel espace, \u00e9voquant l&rsquo;essence de la mer et l&rsquo;h\u00e9ritage local.<\/p>\n","protected":false},"featured_media":11246,"template":"","meta":{"_acf_changed":false},"product_brand":[],"product_cat":[791],"product_tag":[530,585],"class_list":{"0":"post-35435","1":"product","2":"type-product","3":"status-publish","4":"has-post-thumbnail","6":"product_cat-pateres","7":"product_tag-animaux","8":"product_tag-ceramique","9":"pa_ciudad-lisboa","10":"pa_motivo-sardines","11":"pa_pais-portugal","13":"first","14":"instock","15":"shipping-taxable","16":"product-type-simple"},"acf":[],"_links":{"self":[{"href":"https:\/\/olemosaic.com\/fr\/wp-json\/wp\/v2\/product\/35435","targetHints":{"allow":["GET"]}}],"collection":[{"href":"https:\/\/olemosaic.com\/fr\/wp-json\/wp\/v2\/product"}],"about":[{"href":"https:\/\/olemosaic.com\/fr\/wp-json\/wp\/v2\/types\/product"}],"wp:featuredmedia":[{"embeddable":true,"href":"https:\/\/olemosaic.com\/fr\/wp-json\/wp\/v2\/media\/11246"}],"wp:attachment":[{"href":"https:\/\/olemosaic.com\/fr\/wp-json\/wp\/v2\/media?parent=35435"}],"wp:term":[{"taxonomy":"product_brand","embeddable":true,"href":"https:\/\/olemosaic.com\/fr\/wp-json\/wp\/v2\/product_brand?post=35435"},{"taxonomy":"product_cat","embeddable":true,"href":"https:\/\/olemosaic.com\/fr\/wp-json\/wp\/v2\/product_cat?post=35435"},{"taxonomy":"product_tag","embeddable":true,"href":"https:\/\/olemosaic.com\/fr\/wp-json\/wp\/v2\/product_tag?post=35435"}],"curies":[{"name":"wp","href":"https:\/\/api.w.org\/{rel}","templated":true}]}}