{"id":35434,"date":"2025-02-20T22:37:22","date_gmt":"2025-02-20T22:37:22","guid":{"rendered":"http:\/\/olemosaic.com\/producto\/colgador-de-ceramica-sardinas\/"},"modified":"2025-07-25T19:24:28","modified_gmt":"2025-07-25T17:24:28","slug":"crochet-en-ceramique-sardines","status":"publish","type":"product","link":"https:\/\/olemosaic.com\/fr\/produit\/crochet-en-ceramique-sardines\/","title":{"rendered":"Crochet en c\u00e9ramique. Sardines."},"content":{"rendered":"<p>Ce crochet en c\u00e9ramique en forme de sardine est une pi\u00e8ce d\u00e9corative exceptionnelle qui capture l&rsquo;essence du charme m\u00e9diterran\u00e9en. Son design vibrant int\u00e8gre des motifs complexes dans des tons bleus et verts, \u00e9voquant la beaut\u00e9 des azulejos espagnols traditionnels. Avec sa forme de sardine stylis\u00e9e et sympathique, cet accessoire rappelle non seulement la riche culture c\u00f4ti\u00e8re, mais ajoute \u00e9galement une touche de joie et de couleur \u00e0 n&rsquo;importe quel espace. La c\u00e9ramique, avec sa finition brillante, met en valeur les motifs d\u00e9taill\u00e9s, en faisant un objet attrayant qui attire tous les regards.<\/p>\n<p>Le crochet est \u00e9quip\u00e9 d&rsquo;un crochet m\u00e9tallique \u00e0 l&rsquo;arri\u00e8re, ce qui facilite son installation et le rend id\u00e9al pour un usage tant d\u00e9coratif que fonctionnel. En tant qu&rsquo;authentique souvenir de la tradition m\u00e9diterran\u00e9enne, ce crochet repr\u00e9sente le lien des c\u00f4tes espagnoles avec la p\u00eache et la gastronomie, constituant un cadeau id\u00e9al pour ceux qui souhaitent emporter un petit morceau du mode de vie espagnol. Chez Ol\u00e9 Mosaic, nous sommes sp\u00e9cialis\u00e9s dans la distribution de souvenirs en gros, et ce crochet de sardine est non seulement une excellente option pour les touristes, mais aussi un article attrayant pour les boutiques de cadeaux touristiques cherchant \u00e0 offrir des produits authentiques et repr\u00e9sentatifs. Rehaussant l&rsquo;esth\u00e9tique de votre maison avec une touche espagnole, ce souvenir est un choix parfait pour ceux qui appr\u00e9cient la culture et l&rsquo;artisanat de notre terre.<\/p>\n","protected":false},"excerpt":{"rendered":"<p>Crochet en c\u00e9ramique en forme de sardine, d\u00e9cor\u00e9 de motifs complexes dans des tons bleus et verts. Ce design original, repr\u00e9sentatif de la culture m\u00e9diterran\u00e9enne, inclut des d\u00e9tails \u00e9voquant les azulejos traditionnels. Id\u00e9al pour ajouter une touche espagnole \u00e0 n&rsquo;importe quel foyer, sa finition brillante et color\u00e9e en fait une pi\u00e8ce attrayante. \u00c9quip\u00e9 d&rsquo;un crochet m\u00e9tallique pour faciliter son installation, il est parfait pour un usage tant d\u00e9coratif que fonctionnel.<\/p>\n","protected":false},"featured_media":8941,"template":"","meta":{"_acf_changed":false},"product_brand":[],"product_cat":[791],"product_tag":[530,585],"class_list":{"0":"post-35434","1":"product","2":"type-product","3":"status-publish","4":"has-post-thumbnail","6":"product_cat-pateres","7":"product_tag-animaux","8":"product_tag-ceramique","9":"pa_motivo-sardines","11":"first","12":"instock","13":"shipping-taxable","14":"product-type-simple"},"acf":[],"_links":{"self":[{"href":"https:\/\/olemosaic.com\/fr\/wp-json\/wp\/v2\/product\/35434","targetHints":{"allow":["GET"]}}],"collection":[{"href":"https:\/\/olemosaic.com\/fr\/wp-json\/wp\/v2\/product"}],"about":[{"href":"https:\/\/olemosaic.com\/fr\/wp-json\/wp\/v2\/types\/product"}],"wp:featuredmedia":[{"embeddable":true,"href":"https:\/\/olemosaic.com\/fr\/wp-json\/wp\/v2\/media\/8941"}],"wp:attachment":[{"href":"https:\/\/olemosaic.com\/fr\/wp-json\/wp\/v2\/media?parent=35434"}],"wp:term":[{"taxonomy":"product_brand","embeddable":true,"href":"https:\/\/olemosaic.com\/fr\/wp-json\/wp\/v2\/product_brand?post=35434"},{"taxonomy":"product_cat","embeddable":true,"href":"https:\/\/olemosaic.com\/fr\/wp-json\/wp\/v2\/product_cat?post=35434"},{"taxonomy":"product_tag","embeddable":true,"href":"https:\/\/olemosaic.com\/fr\/wp-json\/wp\/v2\/product_tag?post=35434"}],"curies":[{"name":"wp","href":"https:\/\/api.w.org\/{rel}","templated":true}]}}