{"id":35418,"date":"2025-02-20T23:37:22","date_gmt":"2025-02-20T22:37:22","guid":{"rendered":"http:\/\/olemosaic.com\/producto\/cenicero-de-ceramica-de-9-cm-sardinas-blanco\/"},"modified":"2025-07-25T22:14:04","modified_gmt":"2025-07-25T20:14:04","slug":"cendrier-en-ceramique-de-9-cm-sardines-blanc","status":"publish","type":"product","link":"https:\/\/olemosaic.com\/fr\/produit\/cendrier-en-ceramique-de-9-cm-sardines-blanc\/","title":{"rendered":"Cendrier en c\u00e9ramique de 9 cm. Sardines. Blanc"},"content":{"rendered":"<p>Ce cendrier en c\u00e9ramique de 9 cm est une pi\u00e8ce charmante qui apporte une touche m\u00e9diterran\u00e9enne \u00e0 n&rsquo;importe quel foyer. Son design vibrant pr\u00e9sente des poissons color\u00e9s, particuli\u00e8rement des sardines, dans des tons verts, rouges et jaunes, qui animent sa surface blanche. Cet art peint \u00e0 la main refl\u00e8te le riche h\u00e9ritage culturel des c\u00f4tes espagnoles, \u00e9voquant la fra\u00eecheur et la joie propres \u00e0 sa gastronomie et \u00e0 ses traditions. Sur la partie sup\u00e9rieure, un fond de d\u00e9licats motifs bleus compl\u00e8te l&rsquo;\u0153uvre, cr\u00e9ant un contraste visuel fascinant qui capture l&rsquo;attention et l&rsquo;esprit festif de la M\u00e9diterran\u00e9e.<\/p>\n<p>Le cendrier n&rsquo;est pas seulement fonctionnel, mais c&rsquo;est aussi un excellent souvenir repr\u00e9sentatif de la culture espagnole, id\u00e9al pour les touristes qui cherchent \u00e0 ramener chez eux un petit morceau de cette tradition vibrante. Avec son lien culturel \u00e0 la riche histoire de la p\u00eache en Espagne, cet article souligne l&rsquo;authenticit\u00e9 qu&rsquo;offre Ol\u00e9 Mosaic dans chacun de ses produits. En tant que distributeurs de c\u00e9ramique en gros, nous garantissons que ce cendrier de sardines non seulement embellira n&rsquo;importe quel espace, mais servira \u00e9galement de souvenir significatif et color\u00e9 qui sera s\u00fbrement appr\u00e9ci\u00e9 pour son design et sa pertinence culturelle.<\/p>\n","protected":false},"excerpt":{"rendered":"<p>Cendrier en c\u00e9ramique de 9 cm avec un design vibrant de sardines, id\u00e9al pour donner une touche m\u00e9diterran\u00e9enne \u00e0 n&rsquo;importe quel foyer. Sa surface blanche est d\u00e9cor\u00e9e de poissons color\u00e9s dans des tons verts, rouges et jaunes sur un fond de d\u00e9licats motifs bleus, \u00e9voquant le charme des c\u00f4tes espagnoles. Cet article, de conception artisanale et peint \u00e0 la main, combine fonctionnalit\u00e9 et attrait visuel, ce qui en fait un excellent souvenir de tradition culturelle.<\/p>\n","protected":false},"featured_media":9051,"template":"","meta":{"_acf_changed":false},"product_brand":[],"product_cat":[584],"product_tag":[530,585],"class_list":{"0":"post-35418","1":"product","2":"type-product","3":"status-publish","4":"has-post-thumbnail","6":"product_cat-cendriers","7":"product_tag-animaux","8":"product_tag-ceramique","9":"pa_motivo-sardines","11":"first","12":"instock","13":"shipping-taxable","14":"product-type-simple"},"acf":[],"_links":{"self":[{"href":"https:\/\/olemosaic.com\/fr\/wp-json\/wp\/v2\/product\/35418","targetHints":{"allow":["GET"]}}],"collection":[{"href":"https:\/\/olemosaic.com\/fr\/wp-json\/wp\/v2\/product"}],"about":[{"href":"https:\/\/olemosaic.com\/fr\/wp-json\/wp\/v2\/types\/product"}],"wp:featuredmedia":[{"embeddable":true,"href":"https:\/\/olemosaic.com\/fr\/wp-json\/wp\/v2\/media\/9051"}],"wp:attachment":[{"href":"https:\/\/olemosaic.com\/fr\/wp-json\/wp\/v2\/media?parent=35418"}],"wp:term":[{"taxonomy":"product_brand","embeddable":true,"href":"https:\/\/olemosaic.com\/fr\/wp-json\/wp\/v2\/product_brand?post=35418"},{"taxonomy":"product_cat","embeddable":true,"href":"https:\/\/olemosaic.com\/fr\/wp-json\/wp\/v2\/product_cat?post=35418"},{"taxonomy":"product_tag","embeddable":true,"href":"https:\/\/olemosaic.com\/fr\/wp-json\/wp\/v2\/product_tag?post=35418"}],"curies":[{"name":"wp","href":"https:\/\/api.w.org\/{rel}","templated":true}]}}