{"id":35417,"date":"2025-02-20T23:37:22","date_gmt":"2025-02-20T22:37:22","guid":{"rendered":"http:\/\/olemosaic.com\/producto\/cenicero-de-ceramica-de-8-cm-sardinas-blanco\/"},"modified":"2025-07-25T18:58:48","modified_gmt":"2025-07-25T16:58:48","slug":"cendrier-en-ceramique-de-8-cm-sardines-blanc","status":"publish","type":"product","link":"https:\/\/olemosaic.com\/fr\/produit\/cendrier-en-ceramique-de-8-cm-sardines-blanc\/","title":{"rendered":"Cendrier en c\u00e9ramique de 8 cm. Sardines. Blanc"},"content":{"rendered":"<p>Ce charmant cendrier en c\u00e9ramique, de 8 cm de diam\u00e8tre, d\u00e9cor\u00e9 de sardines color\u00e9es, est une repr\u00e9sentation authentique de la riche culture m\u00e9diterran\u00e9enne. Son design vibrant montre des sardines dans des tons intenses de rouge, bleu et jaune, nageant joyeusement sur un fond blanc orn\u00e9 de motifs d\u00e9coratifs bleus complexes. Chaque pi\u00e8ce a \u00e9t\u00e9 peinte \u00e0 la main, ce qui souligne sa singularit\u00e9 et le d\u00e9vouement artisanal qui la soutient, en faisant un objet d\u00e9coratif attrayant et fonctionnel.<\/p>\n<p>Ce cendrier n&rsquo;est pas seulement id\u00e9al pour les amateurs de c\u00e9ramique artisanale, mais c&rsquo;est aussi un excellent souvenir qui \u00e9voque la fra\u00eecheur et la tradition des march\u00e9s aux poissons sur les c\u00f4tes d&rsquo;Espagne et du Portugal. Les sardines sont un symbole traditionnel de la gastronomie m\u00e9diterran\u00e9enne, c\u00e9l\u00e9br\u00e9es lors de festivals, particuli\u00e8rement en \u00e9t\u00e9, ce qui ajoute une valeur culturelle \u00e0 cet article.<\/p>\n<p>Chez Ol\u00e9 Mosaic, sp\u00e9cialis\u00e9e dans la distribution de souvenirs en gros, ce cendrier en c\u00e9ramique est un choix parfait pour les boutiques de cadeaux touristiques \u00e0 la recherche de produits authentiques refl\u00e9tant la culture locale. Son design attrayant en fait un cadeau m\u00e9morable qui capture l&rsquo;essence de la M\u00e9diterran\u00e9e, id\u00e9al pour ceux qui souhaitent ramener un petit morceau d&rsquo;Espagne ou du Portugal chez eux.<\/p>\n","protected":false},"excerpt":{"rendered":"<p>Cendrier en c\u00e9ramique de 8 cm d\u00e9cor\u00e9 de sardines color\u00e9es, id\u00e9al pour les collectionneurs et les amateurs de c\u00e9ramique artisanale. Ce design vibrant pr\u00e9sente des sardines dans des tons rouge, bleu et jaune sur un fond blanc orn\u00e9 de motifs d\u00e9coratifs bleus. La technique de conception artisanale, peinte \u00e0 la main, souligne sa singularit\u00e9 et son artisanat, en faisant un \u00e9l\u00e9ment d\u00e9coratif attrayant et fonctionnel qui \u00e9voque le charme de la M\u00e9diterran\u00e9e.<\/p>\n","protected":false},"featured_media":8885,"template":"","meta":{"_acf_changed":false},"product_brand":[],"product_cat":[584],"product_tag":[530,585],"class_list":{"0":"post-35417","1":"product","2":"type-product","3":"status-publish","4":"has-post-thumbnail","6":"product_cat-cendriers","7":"product_tag-animaux","8":"product_tag-ceramique","9":"pa_motivo-sardines","11":"first","12":"instock","13":"shipping-taxable","14":"product-type-simple"},"acf":[],"_links":{"self":[{"href":"https:\/\/olemosaic.com\/fr\/wp-json\/wp\/v2\/product\/35417","targetHints":{"allow":["GET"]}}],"collection":[{"href":"https:\/\/olemosaic.com\/fr\/wp-json\/wp\/v2\/product"}],"about":[{"href":"https:\/\/olemosaic.com\/fr\/wp-json\/wp\/v2\/types\/product"}],"wp:featuredmedia":[{"embeddable":true,"href":"https:\/\/olemosaic.com\/fr\/wp-json\/wp\/v2\/media\/8885"}],"wp:attachment":[{"href":"https:\/\/olemosaic.com\/fr\/wp-json\/wp\/v2\/media?parent=35417"}],"wp:term":[{"taxonomy":"product_brand","embeddable":true,"href":"https:\/\/olemosaic.com\/fr\/wp-json\/wp\/v2\/product_brand?post=35417"},{"taxonomy":"product_cat","embeddable":true,"href":"https:\/\/olemosaic.com\/fr\/wp-json\/wp\/v2\/product_cat?post=35417"},{"taxonomy":"product_tag","embeddable":true,"href":"https:\/\/olemosaic.com\/fr\/wp-json\/wp\/v2\/product_tag?post=35417"}],"curies":[{"name":"wp","href":"https:\/\/api.w.org\/{rel}","templated":true}]}}