{"id":35416,"date":"2025-02-20T22:37:22","date_gmt":"2025-02-20T22:37:22","guid":{"rendered":"http:\/\/olemosaic.com\/producto\/cenicero-de-ceramica-de-10-cm-sardinas-blanco\/"},"modified":"2025-07-25T20:17:49","modified_gmt":"2025-07-25T18:17:49","slug":"cendrier-en-ceramique-de-10-cm-sardines-blanc","status":"publish","type":"product","link":"https:\/\/olemosaic.com\/fr\/produit\/cendrier-en-ceramique-de-10-cm-sardines-blanc\/","title":{"rendered":"Cendrier en c\u00e9ramique de 10 cm. Sardines. Blanc"},"content":{"rendered":"<p>Ce cendrier en c\u00e9ramique de 10 cm est un joyau artisanal qui capture l&rsquo;essence de la M\u00e9diterran\u00e9e \u00e0 travers son design vibrant. D\u00e9cor\u00e9 de sardines multicolores, dans des tons rouges, verts, bleus et jaunes, cet article attrayant se d\u00e9tache sur un fond bleu orn\u00e9 de motifs traditionnels \u00e9voquant l&rsquo;ambiance c\u00f4ti\u00e8re espagnole. Avec une finition brillante et color\u00e9e, chaque d\u00e9tail des sardines est m\u00e9ticuleusement peint, cr\u00e9ant une pi\u00e8ce unique qui, en plus d&rsquo;\u00eatre pratique, sert d&rsquo;\u00e9l\u00e9ment d\u00e9coratif attrayant pour toute occasion.<\/p>\n<p>La c\u00e9ramique de haute qualit\u00e9 garantit la durabilit\u00e9, faisant de ce cendrier un souvenir parfait pour ceux qui souhaitent ramener chez eux un morceau de la culture m\u00e9diterran\u00e9enne. Les sardines, symbole de la mer et de la gastronomie locale, repr\u00e9sentent la riche tradition de p\u00eache de l&rsquo;Espagne, ce qui ajoute une valeur culturelle et une touche d&rsquo;authenticit\u00e9 \u00e0 ce beau souvenir. Chez Ol\u00e9 Mosaic, nous nous sp\u00e9cialisons dans la distribution de souvenirs en gros, et ce cendrier en c\u00e9ramique est un choix id\u00e9al pour les boutiques de cadeaux touristiques \u00e0 la recherche de produits attrayants et repr\u00e9sentatifs. Un cendrier en c\u00e9ramique vibrant, parfait pour ceux qui recherchent des souvenirs authentiques c\u00e9l\u00e9brant l&rsquo;h\u00e9ritage culturel m\u00e9diterran\u00e9en.<\/p>\n","protected":false},"excerpt":{"rendered":"<p>Cendrier en c\u00e9ramique de 10 cm, d\u00e9cor\u00e9 d&rsquo;un design vibrant de sardines sur fond bleu. Cet article attrayant, id\u00e9al pour n&rsquo;importe quel environnement, pr\u00e9sente une finition brillante et color\u00e9e, avec des sardines dans des tons rouges, verts, bleus et jaunes dispos\u00e9es sur un fond aux motifs traditionnels. La c\u00e9ramique est de haute qualit\u00e9, ce qui garantit sa durabilit\u00e9, et son design \u00e9vocateur de la M\u00e9diterran\u00e9e ajoute une touche culturelle \u00e0 la d\u00e9coration.<\/p>\n","protected":false},"featured_media":8875,"template":"","meta":{"_acf_changed":false},"product_brand":[],"product_cat":[584],"product_tag":[530,585],"class_list":{"0":"post-35416","1":"product","2":"type-product","3":"status-publish","4":"has-post-thumbnail","6":"product_cat-cendriers","7":"product_tag-animaux","8":"product_tag-ceramique","9":"pa_motivo-sardines","11":"first","12":"instock","13":"shipping-taxable","14":"product-type-simple"},"acf":[],"_links":{"self":[{"href":"https:\/\/olemosaic.com\/fr\/wp-json\/wp\/v2\/product\/35416","targetHints":{"allow":["GET"]}}],"collection":[{"href":"https:\/\/olemosaic.com\/fr\/wp-json\/wp\/v2\/product"}],"about":[{"href":"https:\/\/olemosaic.com\/fr\/wp-json\/wp\/v2\/types\/product"}],"wp:featuredmedia":[{"embeddable":true,"href":"https:\/\/olemosaic.com\/fr\/wp-json\/wp\/v2\/media\/8875"}],"wp:attachment":[{"href":"https:\/\/olemosaic.com\/fr\/wp-json\/wp\/v2\/media?parent=35416"}],"wp:term":[{"taxonomy":"product_brand","embeddable":true,"href":"https:\/\/olemosaic.com\/fr\/wp-json\/wp\/v2\/product_brand?post=35416"},{"taxonomy":"product_cat","embeddable":true,"href":"https:\/\/olemosaic.com\/fr\/wp-json\/wp\/v2\/product_cat?post=35416"},{"taxonomy":"product_tag","embeddable":true,"href":"https:\/\/olemosaic.com\/fr\/wp-json\/wp\/v2\/product_tag?post=35416"}],"curies":[{"name":"wp","href":"https:\/\/api.w.org\/{rel}","templated":true}]}}