{"id":35414,"date":"2025-02-20T23:37:21","date_gmt":"2025-02-20T22:37:21","guid":{"rendered":"http:\/\/olemosaic.com\/producto\/4-bols-de-coco-de-13-x-6-cm-sardina-lisboa-11\/"},"modified":"2025-07-25T18:48:20","modified_gmt":"2025-07-25T16:48:20","slug":"4-bols-coco-en-ceramique-de-13-x-6-cm-sardine-lisbonne-11","status":"publish","type":"product","link":"https:\/\/olemosaic.com\/fr\/produit\/4-bols-coco-en-ceramique-de-13-x-6-cm-sardine-lisbonne-11\/","title":{"rendered":"4 Bols coco en c\u00e9ramique de 13 x 6 cm. Sardine. Lisbonne."},"content":{"rendered":"<p>Cet ensemble de 4 bols coco en c\u00e9ramique est un hommage vibrant \u00e0 la riche tradition culinaire de Lisbonne, parfait pour ceux qui souhaitent ramener un petit morceau de cette belle ville chez eux. Chaque bol, mesurant 13 x 6 cm, pr\u00e9sente un design charmant avec de d\u00e9licates illustrations de sardines, un symbole embl\u00e9matique de la gastronomie portugaise. Peints \u00e0 la main, ces bols se distinguent par leur finition unique et color\u00e9e, disponibles en quatre teintes vibrantes : bleu, rouge, orange et rose, avec des ornements d\u00e9coratifs blancs qui apportent une touche d&rsquo;\u00e9l\u00e9gance et de fra\u00eecheur.<\/p>\n<p>La technique artisanale garantit que chaque pi\u00e8ce est singuli\u00e8re, refl\u00e9tant le savoir-faire des artisans locaux de Lisbonne. Parfaits pour servir des ap\u00e9ritifs ou comme d\u00e9coration sur n&rsquo;importe quelle table, ces bols ne sont pas seulement fonctionnels, mais ajoutent \u00e9galement un air color\u00e9 et atlantique \u00e0 n&rsquo;importe quel espace. La sardine, en plus d&rsquo;\u00eatre un embl\u00e8me de la gastronomie de la r\u00e9gion, \u00e9voque la vie marine et la culture locale.<\/p>\n<p>Chez Ol\u00e9 Mosaic, nous distribuons ces souvenirs exclusifs en c\u00e9ramique en gros, offrant aux boutiques de cadeaux touristiques l&rsquo;opportunit\u00e9 de proposer des produits authentiques et repr\u00e9sentatifs. Ces bols de sardines sont un excellent choix pour les touristes \u00e0 la recherche de souvenirs authentiques et de qualit\u00e9, encapsulant l&rsquo;esprit de Lisbonne dans chaque d\u00e9tail.<\/p>\n","protected":false},"excerpt":{"rendered":"<p>Bols en c\u00e9ramique avec un design de sardines, \u00e9voquant la tradition culinaire de Lisbonne. Chaque bol mesure 13 x 6 cm et est disponible en quatre couleurs vibrantes : bleu, rouge, orange et rose, tous avec des d\u00e9tails d\u00e9coratifs blancs. La technique employ\u00e9e est la peinture \u00e0 la main, ce qui assure une finition unique \u00e0 chaque pi\u00e8ce. Ces jolis bols sont id\u00e9aux pour servir des ap\u00e9ritifs ou comme \u00e9l\u00e9ment d\u00e9coratif, apportant une touche color\u00e9e et atlantique \u00e0 n&rsquo;importe quelle table.<\/p>\n","protected":false},"featured_media":13910,"template":"","meta":{"_acf_changed":false},"product_brand":[],"product_cat":[521],"product_tag":[530],"class_list":{"0":"post-35414","1":"product","2":"type-product","3":"status-publish","4":"has-post-thumbnail","6":"product_cat-bols","7":"product_tag-animaux","8":"pa_ciudad-lisboa","9":"pa_motivo-sardines","10":"pa_pais-portugal","12":"first","13":"instock","14":"shipping-taxable","15":"product-type-simple"},"acf":[],"_links":{"self":[{"href":"https:\/\/olemosaic.com\/fr\/wp-json\/wp\/v2\/product\/35414","targetHints":{"allow":["GET"]}}],"collection":[{"href":"https:\/\/olemosaic.com\/fr\/wp-json\/wp\/v2\/product"}],"about":[{"href":"https:\/\/olemosaic.com\/fr\/wp-json\/wp\/v2\/types\/product"}],"wp:featuredmedia":[{"embeddable":true,"href":"https:\/\/olemosaic.com\/fr\/wp-json\/wp\/v2\/media\/13910"}],"wp:attachment":[{"href":"https:\/\/olemosaic.com\/fr\/wp-json\/wp\/v2\/media?parent=35414"}],"wp:term":[{"taxonomy":"product_brand","embeddable":true,"href":"https:\/\/olemosaic.com\/fr\/wp-json\/wp\/v2\/product_brand?post=35414"},{"taxonomy":"product_cat","embeddable":true,"href":"https:\/\/olemosaic.com\/fr\/wp-json\/wp\/v2\/product_cat?post=35414"},{"taxonomy":"product_tag","embeddable":true,"href":"https:\/\/olemosaic.com\/fr\/wp-json\/wp\/v2\/product_tag?post=35414"}],"curies":[{"name":"wp","href":"https:\/\/api.w.org\/{rel}","templated":true}]}}