{"id":35381,"date":"2025-02-20T23:37:20","date_gmt":"2025-02-20T22:37:20","guid":{"rendered":"http:\/\/olemosaic.com\/producto\/4-bols-de-coco-de-13-x-6-cm-isla-salamandra-mallorca\/"},"modified":"2025-07-25T19:53:13","modified_gmt":"2025-07-25T17:53:13","slug":"4-bols-en-noix-de-coco-13-x-6-cm-ile-salamandre-majorque","status":"publish","type":"product","link":"https:\/\/olemosaic.com\/fr\/produit\/4-bols-en-noix-de-coco-13-x-6-cm-ile-salamandre-majorque\/","title":{"rendered":"4 Bols en noix de coco de 13 x 6 cm. \u00cele + salamandre. Majorque."},"content":{"rendered":"<p>Cet ensemble de quatre bols en noix de coco, chacun de 13 x 6 cm, est le souvenir id\u00e9al pour \u00e9voquer l&rsquo;essence vibrante de l&rsquo;\u00eele de Majorque. Chaque bol est d\u00e9cor\u00e9 d&rsquo;une mosa\u00efque joyeuse peinte \u00e0 la main pr\u00e9sentant des fragments color\u00e9s dans des tons de rose, bleu et jaune, fusionnant art et fonctionnalit\u00e9. Les motifs \u00e9blouissants de salamandres ajoutent une touche exotique et distinctive, symbolisant la riche faune de la r\u00e9gion. \u00c0 l&rsquo;int\u00e9rieur de chaque bol, le mot \u00ab\u00a0MALLORCA\u00a0\u00bb est \u00e9l\u00e9gamment imprim\u00e9, soulignant son origine et en faisant un souvenir authentique de la M\u00e9diterran\u00e9e.<\/p>\n<p>Ces bols sont parfaits non seulement pour servir des ap\u00e9ritifs, mais aussi comme \u00e9l\u00e9ments d\u00e9coratifs qui ajoutent un air festif et accueillant \u00e0 toute occasion. Leur design artisanal refl\u00e8te la riche culture et la tradition de Majorque, ce qui en fait un excellent souvenir pour les touristes cherchant \u00e0 emporter un morceau de cette belle \u00eele chez eux. Chez Ol\u00e9 Mosaic, nous nous sp\u00e9cialisons dans la distribution de souvenirs authentiques en gros, et cet ensemble de bols en noix de coco est une option exceptionnelle pour les boutiques de cadeaux touristiques cherchant \u00e0 proposer des produits qui capturent l&rsquo;essence locale. Avec ces bols en noix de coco, les visiteurs de Majorque peuvent appr\u00e9cier et partager un fragment de leur exp\u00e9rience insulaire.<\/p>\n","protected":false},"excerpt":{"rendered":"<p>Bols en noix de coco de 13 x 6 cm, d\u00e9cor\u00e9s d&rsquo;une mosa\u00efque joyeuse repr\u00e9sentant l&rsquo;\u00eele de Majorque. Ces quatre bols se distinguent par leur design artisanal, peint \u00e0 la main, montrant des fragments color\u00e9s dans des tons vibrants de rose, bleu et jaune, compl\u00e9t\u00e9s par des motifs de salamandres. Parfaits pour servir des ap\u00e9ritifs ou comme \u00e9l\u00e9ment d\u00e9coratif, chaque bol porte l&rsquo;inscription \u00ab\u00a0MALLORCA\u00a0\u00bb, soulignant son origine et son attrait m\u00e9diterran\u00e9en.<\/p>\n","protected":false},"featured_media":13902,"template":"","meta":{"_acf_changed":false},"product_brand":[],"product_cat":[521],"product_tag":[530],"class_list":{"0":"post-35381","1":"product","2":"type-product","3":"status-publish","4":"has-post-thumbnail","6":"product_cat-bols","7":"product_tag-animaux","8":"pa_ciudad-mallorca","9":"pa_motivo-iles","10":"pa_pais-espana","12":"first","13":"instock","14":"shipping-taxable","15":"product-type-simple"},"acf":[],"_links":{"self":[{"href":"https:\/\/olemosaic.com\/fr\/wp-json\/wp\/v2\/product\/35381","targetHints":{"allow":["GET"]}}],"collection":[{"href":"https:\/\/olemosaic.com\/fr\/wp-json\/wp\/v2\/product"}],"about":[{"href":"https:\/\/olemosaic.com\/fr\/wp-json\/wp\/v2\/types\/product"}],"wp:featuredmedia":[{"embeddable":true,"href":"https:\/\/olemosaic.com\/fr\/wp-json\/wp\/v2\/media\/13902"}],"wp:attachment":[{"href":"https:\/\/olemosaic.com\/fr\/wp-json\/wp\/v2\/media?parent=35381"}],"wp:term":[{"taxonomy":"product_brand","embeddable":true,"href":"https:\/\/olemosaic.com\/fr\/wp-json\/wp\/v2\/product_brand?post=35381"},{"taxonomy":"product_cat","embeddable":true,"href":"https:\/\/olemosaic.com\/fr\/wp-json\/wp\/v2\/product_cat?post=35381"},{"taxonomy":"product_tag","embeddable":true,"href":"https:\/\/olemosaic.com\/fr\/wp-json\/wp\/v2\/product_tag?post=35381"}],"curies":[{"name":"wp","href":"https:\/\/api.w.org\/{rel}","templated":true}]}}