{"id":35376,"date":"2025-02-20T23:37:19","date_gmt":"2025-02-20T22:37:19","guid":{"rendered":"http:\/\/olemosaic.com\/producto\/4-bols-de-coco-de-13-x-6-cm-tortuga-barcelona-5\/"},"modified":"2025-07-25T19:20:18","modified_gmt":"2025-07-25T17:20:18","slug":"4-bols-en-noix-de-coco-13-x-6-cm-tortue-barcelone-5","status":"publish","type":"product","link":"https:\/\/olemosaic.com\/fr\/produit\/4-bols-en-noix-de-coco-13-x-6-cm-tortue-barcelone-5\/","title":{"rendered":"4 Bols en noix de coco de 13 x 6 cm. Tortue. Style m\u00e9diterran\u00e9en. Barcelone."},"content":{"rendered":"<p>Nous vous pr\u00e9sentons nos charmants bols en noix de coco de 13 x 6 cm, une repr\u00e9sentation vibrante de l&rsquo;essence de Barcelone. Cet ensemble comprend quatre bols color\u00e9s, chacun d\u00e9cor\u00e9 d&rsquo;une belle image de tortue au centre, entour\u00e9e de motifs complexes qui \u00e9voquent le style m\u00e9diterran\u00e9en caract\u00e9ristique de la ville. Les couleurs vibrantes \u2014 bleu, rouge, rose et orange \u2014 ont \u00e9t\u00e9 s\u00e9lectionn\u00e9es pour apporter une touche joyeuse et contemporaine \u00e0 n&rsquo;importe quel foyer. Chaque bol n&rsquo;est pas seulement un objet d\u00e9coratif, mais aussi une option id\u00e9ale pour servir de petites gourmandises, ce qui en fait un excellent compl\u00e9ment pour n&rsquo;importe quelle table.<\/p>\n<p>Les motifs artistiques qui ornent ces bols ne refl\u00e8tent pas seulement la riche culture maritime de Barcelone, mais symbolisent \u00e9galement sa connexion avec la nature, en particulier avec les tortues, embl\u00e9matiques des c\u00f4tes m\u00e9diterran\u00e9ennes. Leur design unique et color\u00e9 en fait le souvenir parfait de Barcelone, offrant aux touristes une pi\u00e8ce authentique et repr\u00e9sentative de leur visite.<\/p>\n<p>Chez Ol\u00e9 Mosaic, nous sommes des distributeurs de souvenirs de haute qualit\u00e9 et ces bols en noix de coco sont une option fantastique pour les boutiques de souvenirs touristiques qui cherchent \u00e0 offrir des produits c\u00e9l\u00e9brant la culture espagnole. En tant que grossistes en articles d\u00e9coratifs, nous garantissons l&rsquo;authenticit\u00e9 et l&rsquo;attrait de chaque pi\u00e8ce, assurant que les souvenirs de Barcelone soient aussi fonctionnels que visuellement percutants.<\/p>\n","protected":false},"excerpt":{"rendered":"<p>Bols en noix de coco de 13 x 6 cm, d\u00e9cor\u00e9s d&rsquo;une tortue et de motifs repr\u00e9sentatifs de Barcelone. Chacune des quatre couleurs vibrantes (bleu, rouge, rose et orange) pr\u00e9sente un design complexe qui met en valeur la tortue au centre, entour\u00e9e de motifs artistiques \u00e9voquant le style m\u00e9diterran\u00e9en. Ces bols sont id\u00e9aux comme \u00e9l\u00e9ment d\u00e9coratif ou pour servir de petites gourmandises, apportant une touche de couleur et de culture espagnole \u00e0 n&rsquo;importe quel foyer.<\/p>\n","protected":false},"featured_media":13897,"template":"","meta":{"_acf_changed":false},"product_brand":[],"product_cat":[521],"product_tag":[530],"class_list":{"0":"post-35376","1":"product","2":"type-product","3":"status-publish","4":"has-post-thumbnail","6":"product_cat-bols","7":"product_tag-animaux","8":"pa_ciudad-barcelona","9":"pa_motivo-tortues","10":"pa_pais-espana","12":"first","13":"instock","14":"shipping-taxable","15":"product-type-simple"},"acf":[],"_links":{"self":[{"href":"https:\/\/olemosaic.com\/fr\/wp-json\/wp\/v2\/product\/35376","targetHints":{"allow":["GET"]}}],"collection":[{"href":"https:\/\/olemosaic.com\/fr\/wp-json\/wp\/v2\/product"}],"about":[{"href":"https:\/\/olemosaic.com\/fr\/wp-json\/wp\/v2\/types\/product"}],"wp:featuredmedia":[{"embeddable":true,"href":"https:\/\/olemosaic.com\/fr\/wp-json\/wp\/v2\/media\/13897"}],"wp:attachment":[{"href":"https:\/\/olemosaic.com\/fr\/wp-json\/wp\/v2\/media?parent=35376"}],"wp:term":[{"taxonomy":"product_brand","embeddable":true,"href":"https:\/\/olemosaic.com\/fr\/wp-json\/wp\/v2\/product_brand?post=35376"},{"taxonomy":"product_cat","embeddable":true,"href":"https:\/\/olemosaic.com\/fr\/wp-json\/wp\/v2\/product_cat?post=35376"},{"taxonomy":"product_tag","embeddable":true,"href":"https:\/\/olemosaic.com\/fr\/wp-json\/wp\/v2\/product_tag?post=35376"}],"curies":[{"name":"wp","href":"https:\/\/api.w.org\/{rel}","templated":true}]}}