{"id":35375,"date":"2025-02-20T23:37:19","date_gmt":"2025-02-20T22:37:19","guid":{"rendered":"http:\/\/olemosaic.com\/producto\/4-bols-de-coco-de-13-x-6-cm-salamandra-5\/"},"modified":"2025-07-25T19:56:01","modified_gmt":"2025-07-25T17:56:01","slug":"4-bols-en-noix-de-coco-13-x-6-cm-salamandre-5","status":"publish","type":"product","link":"https:\/\/olemosaic.com\/fr\/produit\/4-bols-en-noix-de-coco-13-x-6-cm-salamandre-5\/","title":{"rendered":"4 Bols en noix de coco de 13 x 6 cm. Salamandre."},"content":{"rendered":"<p>D\u00e9couvrez notre collection de bols en noix de coco d\u00e9coratifs, un ensemble charmant qui ajoute une touche exotique et vibrante \u00e0 n&rsquo;importe quel foyer. Avec des dimensions de 13 x 6 cm, chaque bol est m\u00e9ticuleusement peint \u00e0 la main, pr\u00e9sentant un design qui met en valeur la sympathique salamandre, symbole de bonne chance dans diverses cultures. Cet ensemble comprend quatre bols aux couleurs vives : bleu, rose, jaune et blanc, chacun orn\u00e9 de motifs brillants qui \u00e9voquent le folklore color\u00e9 de la r\u00e9gion. Les d\u00e9tails artisanaux se refl\u00e8tent dans la d\u00e9licatesse de la peinture, cr\u00e9ant une pi\u00e8ce unique qui est aussi fonctionnelle que d\u00e9corative.<\/p>\n<p>Id\u00e9aux pour d\u00e9corer ou pour servir des ap\u00e9ritifs lors de vos r\u00e9unions, ces bols en noix de coco ne sont pas seulement pratiques, mais constituent \u00e9galement un excellent cadeau ou souvenir qui capture l&rsquo;essence de l&rsquo;artisanat local. En choisissant ces souvenirs en noix de coco, vous emportez chez vous un morceau de la culture vibrante et exotique qui les entoure. Chez Ol\u00e9 Mosaic, nous sommes fiers d&rsquo;\u00eatre des grossistes en articles authentiques, offrant des produits qui c\u00e9l\u00e8brent l&rsquo;authenticit\u00e9 et le patrimoine artistique de leurs r\u00e9gions. Ces bols, avec leur design attrayant et leur signification culturelle, sont le choix parfait pour les boutiques de souvenirs touristiques qui cherchent \u00e0 offrir \u00e0 leurs clients des souvenirs repr\u00e9sentatifs et remplis d&rsquo;histoire.<\/p>\n","protected":false},"excerpt":{"rendered":"<p>Bols en noix de coco de 13 x 6 cm, d\u00e9cor\u00e9s de motifs de salamandres, parfaits pour donner une touche exotique \u00e0 votre foyer. Chaque bol, au design artisanal peint \u00e0 la main, est pr\u00e9sent\u00e9 dans un ensemble de quatre couleurs vibrantes : bleu, rose, jaune et blanc. Les salamandres sont soigneusement illustr\u00e9es au centre et les bords arborent des motifs color\u00e9s \u00e9voquant le folklore de la r\u00e9gion. Ils sont id\u00e9aux comme \u00e9l\u00e9ment d\u00e9coratif ou pour servir des ap\u00e9ritifs.<\/p>\n","protected":false},"featured_media":13896,"template":"","meta":{"_acf_changed":false},"product_brand":[],"product_cat":[521],"product_tag":[530],"class_list":{"0":"post-35375","1":"product","2":"type-product","3":"status-publish","4":"has-post-thumbnail","6":"product_cat-bols","7":"product_tag-animaux","8":"pa_motivo-salamandres","10":"first","11":"instock","12":"shipping-taxable","13":"product-type-simple"},"acf":[],"_links":{"self":[{"href":"https:\/\/olemosaic.com\/fr\/wp-json\/wp\/v2\/product\/35375","targetHints":{"allow":["GET"]}}],"collection":[{"href":"https:\/\/olemosaic.com\/fr\/wp-json\/wp\/v2\/product"}],"about":[{"href":"https:\/\/olemosaic.com\/fr\/wp-json\/wp\/v2\/types\/product"}],"wp:featuredmedia":[{"embeddable":true,"href":"https:\/\/olemosaic.com\/fr\/wp-json\/wp\/v2\/media\/13896"}],"wp:attachment":[{"href":"https:\/\/olemosaic.com\/fr\/wp-json\/wp\/v2\/media?parent=35375"}],"wp:term":[{"taxonomy":"product_brand","embeddable":true,"href":"https:\/\/olemosaic.com\/fr\/wp-json\/wp\/v2\/product_brand?post=35375"},{"taxonomy":"product_cat","embeddable":true,"href":"https:\/\/olemosaic.com\/fr\/wp-json\/wp\/v2\/product_cat?post=35375"},{"taxonomy":"product_tag","embeddable":true,"href":"https:\/\/olemosaic.com\/fr\/wp-json\/wp\/v2\/product_tag?post=35375"}],"curies":[{"name":"wp","href":"https:\/\/api.w.org\/{rel}","templated":true}]}}