{"id":35374,"date":"2025-02-20T23:37:19","date_gmt":"2025-02-20T22:37:19","guid":{"rendered":"http:\/\/olemosaic.com\/producto\/4-bols-de-coco-de-13-x-6-cm-salamandra-mallorca-4\/"},"modified":"2025-07-25T19:08:16","modified_gmt":"2025-07-25T17:08:16","slug":"4-bols-en-noix-de-coco-13-x-6-cm-salamandre-majorque-4","status":"publish","type":"product","link":"https:\/\/olemosaic.com\/fr\/produit\/4-bols-en-noix-de-coco-13-x-6-cm-salamandre-majorque-4\/","title":{"rendered":"4 Bols en noix de coco de 13 x 6 cm. Salamandre. Mosa\u00efque. Majorque."},"content":{"rendered":"<p>Ce lot de bols en noix de coco est une pi\u00e8ce vibrante et pleine de charme, id\u00e9ale pour ceux qui cherchent \u00e0 emporter un morceau de Majorque. Chaque bol, de 13 x 6 cm, pr\u00e9sente un design embl\u00e9matique de salamandre, un symbole iconique de l&rsquo;\u00eele qui \u00e9voque la chaleur de sa culture m\u00e9diterran\u00e9enne. Le lot comprend quatre couleurs vibrantes : bleu, orange, rouge et rose, chacune orn\u00e9e du motif attrayant d&rsquo;une salamandre au centre et du mot \u00ab\u00a0MALLORCA\u00a0\u00bb imprim\u00e9, ce qui en fait un souvenir m\u00e9morable et authentique.<\/p>\n<p>La texture irr\u00e9guli\u00e8re qui simule une mosa\u00efque apporte une touche artistique et distinctive \u00e0 ces bols, les rendant non seulement utiles pour servir des ap\u00e9ritifs, mais aussi comme \u00e9l\u00e9ments d\u00e9coratifs qui se distinguent dans n&rsquo;importe quel foyer. Ils sont un excellent exemple de l&rsquo;artisanat local, manifestant l&rsquo;esprit vibrant de Majorque et sa riche tradition culturelle.<\/p>\n<p>Chez Ol\u00e9 Mosaic, nous reconnaissons l&rsquo;importance d&rsquo;offrir des souvenirs qui ne sont pas seulement beaux, mais qui racontent aussi une histoire. Ce lot de bols en noix de coco est une option parfaite pour les boutiques de souvenirs touristiques qui cherchent \u00e0 offrir \u00e0 leurs clients un souvenir authentique et color\u00e9 de leur visite \u00e0 Majorque. Gr\u00e2ce \u00e0 notre exp\u00e9rience en tant que grossiste en souvenirs de Majorque, nous garantissons que chaque pi\u00e8ce refl\u00e8te l&rsquo;essence de l&rsquo;\u00eele et son patrimoine culturel.<\/p>\n","protected":false},"excerpt":{"rendered":"<p>Bols en noix de coco de 13 x 6 cm, d\u00e9cor\u00e9s avec le design embl\u00e9matique de la salamandre, caract\u00e9ristique de Majorque. Cet ensemble comprend quatre couleurs vibrantes : bleu, orange, rouge et rose, chacune avec une sympathique salamandre au centre et le mot \u00ab\u00a0MALLORCA\u00a0\u00bb imprim\u00e9. Son design, avec une finition de texture irr\u00e9guli\u00e8re simulant une mosa\u00efque, apporte une touche artistique et distinctive. Parfaits pour servir des ap\u00e9ritifs ou comme \u00e9l\u00e9ments d\u00e9coratifs uniques.<\/p>\n","protected":false},"featured_media":13895,"template":"","meta":{"_acf_changed":false},"product_brand":[],"product_cat":[521],"product_tag":[530],"class_list":{"0":"post-35374","1":"product","2":"type-product","3":"status-publish","4":"has-post-thumbnail","6":"product_cat-bols","7":"product_tag-animaux","8":"pa_ciudad-mallorca","9":"pa_motivo-salamandres","10":"pa_pais-espana","12":"first","13":"instock","14":"shipping-taxable","15":"product-type-simple"},"acf":[],"_links":{"self":[{"href":"https:\/\/olemosaic.com\/fr\/wp-json\/wp\/v2\/product\/35374","targetHints":{"allow":["GET"]}}],"collection":[{"href":"https:\/\/olemosaic.com\/fr\/wp-json\/wp\/v2\/product"}],"about":[{"href":"https:\/\/olemosaic.com\/fr\/wp-json\/wp\/v2\/types\/product"}],"wp:featuredmedia":[{"embeddable":true,"href":"https:\/\/olemosaic.com\/fr\/wp-json\/wp\/v2\/media\/13895"}],"wp:attachment":[{"href":"https:\/\/olemosaic.com\/fr\/wp-json\/wp\/v2\/media?parent=35374"}],"wp:term":[{"taxonomy":"product_brand","embeddable":true,"href":"https:\/\/olemosaic.com\/fr\/wp-json\/wp\/v2\/product_brand?post=35374"},{"taxonomy":"product_cat","embeddable":true,"href":"https:\/\/olemosaic.com\/fr\/wp-json\/wp\/v2\/product_cat?post=35374"},{"taxonomy":"product_tag","embeddable":true,"href":"https:\/\/olemosaic.com\/fr\/wp-json\/wp\/v2\/product_tag?post=35374"}],"curies":[{"name":"wp","href":"https:\/\/api.w.org\/{rel}","templated":true}]}}