{"id":35363,"date":"2025-02-20T23:37:18","date_gmt":"2025-02-20T22:37:18","guid":{"rendered":"http:\/\/olemosaic.com\/producto\/3-bols-de-coco-de-13-x-6-cm-flecha-camino-de-santiago\/"},"modified":"2025-07-25T20:25:44","modified_gmt":"2025-07-25T18:25:44","slug":"3-bols-en-noix-de-coco-de-13-x-6-cm-fleche-chemin-de-compostelle","status":"publish","type":"product","link":"https:\/\/olemosaic.com\/fr\/produit\/3-bols-en-noix-de-coco-de-13-x-6-cm-fleche-chemin-de-compostelle\/","title":{"rendered":"3 Bols en noix de coco de 13 x 6 cm. Fl\u00e8che. Chemin de Compostelle."},"content":{"rendered":"<p>Cet ensemble de trois bols en noix de coco, de 13 x 6 cm, est une \u00e9vocation brillante du c\u00e9l\u00e8bre Chemin de Compostelle. Chaque bol, d\u00e9cor\u00e9 de mani\u00e8re unique avec des motifs color\u00e9s, c\u00e9l\u00e8bre la riche histoire et la tradition de cet itin\u00e9raire embl\u00e9matique. Au centre de chaque pi\u00e8ce se d\u00e9tache une fl\u00e8che, symbole distinctif du chemin parcouru par d&rsquo;innombrables p\u00e8lerins au fil des si\u00e8cles. Les tons vibrants de bleu, rose, jaune et blanc se combinent harmonieusement, cr\u00e9ant un design qui, en plus d&rsquo;\u00eatre fonctionnel, est une v\u00e9ritable \u0153uvre d&rsquo;art.<\/p>\n<p>Fabriqu\u00e9s en noix de coco, ces bols sont parfaits pour servir des ap\u00e9ritifs ou simplement comme \u00e9l\u00e9ments d\u00e9coratifs qui apportent une touche de fra\u00eecheur \u00e0 n&rsquo;importe quel foyer. La finition peinte \u00e0 la main garantit que chaque bol est unique, ajoutant un \u00e9l\u00e9ment personnel et authentique \u00e0 son utilisation quotidienne. En plus de leur beaut\u00e9 esth\u00e9tique, ces bols sont profond\u00e9ment li\u00e9s \u00e0 la culture, repr\u00e9sentant le voyage spirituel et culturel du Chemin de Compostelle, un site du patrimoine mondial qui attire des milliers de touristes chaque ann\u00e9e.<\/p>\n<p>En tant que distributeur de souvenirs en gros, Ol\u00e9 Mosaic propose ces bols comme une excellente option pour les boutiques de cadeaux touristiques \u00e0 la recherche de produits ayant une histoire. Ces souvenirs du Chemin de Compostelle ne sont pas seulement un rappel de l&rsquo;exp\u00e9rience de chaque visiteur, mais aussi un hommage \u00e0 la diversit\u00e9 culturelle et \u00e0 la tradition du Chemin.<\/p>\n","protected":false},"excerpt":{"rendered":"<p>Bols en noix de coco de 13 x 6 cm, d\u00e9cor\u00e9s de motifs color\u00e9s \u00e9voquant le Chemin de Compostelle. Chaque bol pr\u00e9sente une fl\u00e8che distinctive au centre, indiquant la route classique, entour\u00e9e d&rsquo;un design vibrant dans des tons bleu, rose, jaune et blanc. Fabriqu\u00e9s en noix de coco, ces bols sont parfaits pour servir des ap\u00e9ritifs ou comme \u00e9l\u00e9ments d\u00e9coratifs. Leur finition au design artisanal, peinte \u00e0 la main, apporte une touche personnelle et authentique \u00e0 n&rsquo;importe quel foyer.<\/p>\n","protected":false},"featured_media":13894,"template":"","meta":{"_acf_changed":false},"product_brand":[],"product_cat":[521],"product_tag":[],"class_list":{"0":"post-35363","1":"product","2":"type-product","3":"status-publish","4":"has-post-thumbnail","6":"product_cat-bols","7":"pa_ciudad-santiago-de-compostela","8":"pa_motivo-fleches","9":"pa_pais-espana","11":"first","12":"instock","13":"shipping-taxable","14":"product-type-simple"},"acf":[],"_links":{"self":[{"href":"https:\/\/olemosaic.com\/fr\/wp-json\/wp\/v2\/product\/35363","targetHints":{"allow":["GET"]}}],"collection":[{"href":"https:\/\/olemosaic.com\/fr\/wp-json\/wp\/v2\/product"}],"about":[{"href":"https:\/\/olemosaic.com\/fr\/wp-json\/wp\/v2\/types\/product"}],"wp:featuredmedia":[{"embeddable":true,"href":"https:\/\/olemosaic.com\/fr\/wp-json\/wp\/v2\/media\/13894"}],"wp:attachment":[{"href":"https:\/\/olemosaic.com\/fr\/wp-json\/wp\/v2\/media?parent=35363"}],"wp:term":[{"taxonomy":"product_brand","embeddable":true,"href":"https:\/\/olemosaic.com\/fr\/wp-json\/wp\/v2\/product_brand?post=35363"},{"taxonomy":"product_cat","embeddable":true,"href":"https:\/\/olemosaic.com\/fr\/wp-json\/wp\/v2\/product_cat?post=35363"},{"taxonomy":"product_tag","embeddable":true,"href":"https:\/\/olemosaic.com\/fr\/wp-json\/wp\/v2\/product_tag?post=35363"}],"curies":[{"name":"wp","href":"https:\/\/api.w.org\/{rel}","templated":true}]}}