{"id":35359,"date":"2025-02-20T23:37:18","date_gmt":"2025-02-20T22:37:18","guid":{"rendered":"http:\/\/olemosaic.com\/producto\/4-bols-de-coco-de-13-x-6-cm-mano\/"},"modified":"2025-07-25T18:44:34","modified_gmt":"2025-07-25T16:44:34","slug":"4-bols-en-noix-de-coco-de-13-x-6-cm-main-de-fatma","status":"publish","type":"product","link":"https:\/\/olemosaic.com\/fr\/produit\/4-bols-en-noix-de-coco-de-13-x-6-cm-main-de-fatma\/","title":{"rendered":"4 Bols en noix de coco de 13 x 6 cm. Main de Fatma."},"content":{"rendered":"<p>Cet ensemble charmant de quatre bols en noix de coco, de 13 x 6 cm, est un merveilleux exemple de l&rsquo;artisanat marocain qui fusionne fonctionnalit\u00e9 et esth\u00e9tique en un seul produit. Chaque bol a \u00e9t\u00e9 d\u00e9cor\u00e9 \u00e0 la main avec des motifs vibrants et color\u00e9s, pr\u00e9sentant un spectre frais de tons allant du bleu et du rose au jaune et au transparent. Au centre de chaque bol se trouve un motif distinctif de la main de Fatma, symbole de protection et de bonne fortune dans la culture marocaine, qui apporte une signification particuli\u00e8re \u00e0 chaque pi\u00e8ce.<\/p>\n<p>La technique artisanale employ\u00e9e rehausse la beaut\u00e9 des petits d\u00e9tails, transformant ces bols non seulement en \u00e9l\u00e9ments fonctionnels id\u00e9aux pour servir des ap\u00e9ritifs ou des snacks, mais aussi en objets d\u00e9coratifs attrayants qui peuvent embellir n&rsquo;importe quelle table ou espace. Leur design vibrant et authentique \u00e9voque l&rsquo;effervescence des march\u00e9s artisanaux marocains, o\u00f9 le savoir-faire manuel et la tradition sont fondamentaux.<\/p>\n<p>Chez Ol\u00e9 Mosaic, nous sommes des distributeurs de souvenirs en gros, et ces bols en noix de coco repr\u00e9sentent parfaitement le riche h\u00e9ritage culturel du Maroc, ce qui en fait un choix parfait pour les boutiques de cadeaux touristiques cherchant \u00e0 proposer des produits uniques et repr\u00e9sentatifs. Avec leur authenticit\u00e9 et leur attrait visuel, ces souvenirs du Maroc sont id\u00e9aux pour les touristes souhaitant ramener un morceau de culture et de tradition chez eux.<\/p>\n","protected":false},"excerpt":{"rendered":"<p>Bols en noix de coco de 13 x 6 cm, d\u00e9cor\u00e9s de style artisanal avec des motifs color\u00e9s. Cet ensemble de quatre bols pr\u00e9sente des tons vibrants de bleu, rose, jaune et transparent, chacun orn\u00e9 d&rsquo;un motif tr\u00e8s sp\u00e9cial de la main de Fatma au centre. La technique artisanale souligne la beaut\u00e9 des petits d\u00e9tails, id\u00e9aux pour servir des ap\u00e9ritifs ou comme \u00e9l\u00e9ment d\u00e9coratif. Une touche de culture et de tradition repr\u00e9sentative des march\u00e9s artisanaux du Maroc.<\/p>\n","protected":false},"featured_media":13890,"template":"","meta":{"_acf_changed":false},"product_brand":[],"product_cat":[521],"product_tag":[],"class_list":{"0":"post-35359","1":"product","2":"type-product","3":"status-publish","4":"has-post-thumbnail","6":"product_cat-bols","7":"pa_motivo-mains","9":"first","10":"instock","11":"shipping-taxable","12":"product-type-simple"},"acf":[],"_links":{"self":[{"href":"https:\/\/olemosaic.com\/fr\/wp-json\/wp\/v2\/product\/35359","targetHints":{"allow":["GET"]}}],"collection":[{"href":"https:\/\/olemosaic.com\/fr\/wp-json\/wp\/v2\/product"}],"about":[{"href":"https:\/\/olemosaic.com\/fr\/wp-json\/wp\/v2\/types\/product"}],"wp:featuredmedia":[{"embeddable":true,"href":"https:\/\/olemosaic.com\/fr\/wp-json\/wp\/v2\/media\/13890"}],"wp:attachment":[{"href":"https:\/\/olemosaic.com\/fr\/wp-json\/wp\/v2\/media?parent=35359"}],"wp:term":[{"taxonomy":"product_brand","embeddable":true,"href":"https:\/\/olemosaic.com\/fr\/wp-json\/wp\/v2\/product_brand?post=35359"},{"taxonomy":"product_cat","embeddable":true,"href":"https:\/\/olemosaic.com\/fr\/wp-json\/wp\/v2\/product_cat?post=35359"},{"taxonomy":"product_tag","embeddable":true,"href":"https:\/\/olemosaic.com\/fr\/wp-json\/wp\/v2\/product_tag?post=35359"}],"curies":[{"name":"wp","href":"https:\/\/api.w.org\/{rel}","templated":true}]}}