{"id":35350,"date":"2025-02-20T22:37:16","date_gmt":"2025-02-20T22:37:16","guid":{"rendered":"http:\/\/olemosaic.com\/producto\/4-bols-de-coco-de-13-x-6-cm-sagrada-familia-barcelona\/"},"modified":"2025-07-25T19:26:15","modified_gmt":"2025-07-25T17:26:15","slug":"4-bols-en-noix-de-coco-de-13-x-6-cm-sagrada-familia-barcelone","status":"publish","type":"product","link":"https:\/\/olemosaic.com\/fr\/produit\/4-bols-en-noix-de-coco-de-13-x-6-cm-sagrada-familia-barcelone\/","title":{"rendered":"4 Bols en noix de coco de 13 x 6 cm. Sagrada Familia. Barcelone."},"content":{"rendered":"<p>D\u00e9couvrez nos bols en noix de coco d\u00e9cor\u00e9s de l&#8217;embl\u00e9matique Sagrada Familia de Barcelone. Ces bols textiles vibrants, de 13 x 6 cm, sont un cadeau parfait pour ceux qui souhaitent ramener un morceau de la culture catalane chez eux. Chaque bol est une explosion de couleurs, disponible en bleu, rouge, jaune et fuchsia, id\u00e9al pour ajouter une touche moderne \u00e0 n&rsquo;importe quel espace. La repr\u00e9sentation de la Sagrada Familia, imprim\u00e9e avec une finition brillante, se d\u00e9tache dans un magnifique contraste avec le fond color\u00e9 qui entoure chaque pi\u00e8ce, captant l&rsquo;attention et \u00e9voquant la majest\u00e9 du c\u00e9l\u00e8bre monument con\u00e7u par Antoni Gaud\u00ed.<\/p>\n<p>Ces bols ne sont pas seulement pratiques pour un usage quotidien, ils fonctionnent \u00e9galement comme de magnifiques souvenirs c\u00e9l\u00e9brant le riche h\u00e9ritage culturel de Barcelone. En choisissant ces souvenirs, vous n&rsquo;acqu\u00e9rez pas seulement un objet d\u00e9coratif, mais vous emportez avec vous une partie de l&rsquo;histoire et de l&rsquo;art de cette ville vibrante. Chez Ol\u00e9 Mosaic, nous sommes des distributeurs de souvenirs typiques, offrant des souvenirs authentiques de Barcelone qui mettent en valeur la cr\u00e9ativit\u00e9 et l&rsquo;art de la r\u00e9gion. Ces bols en noix de coco sont une excellente option pour les boutiques de cadeaux touristiques \u00e0 la recherche de produits uniques et repr\u00e9sentatifs que les touristes ch\u00e9riront, les transformant en v\u00e9ritables tr\u00e9sors de leur voyage en Espagne.<\/p>\n","protected":false},"excerpt":{"rendered":"<p>Bols en noix de coco de 13 x 6 cm d\u00e9cor\u00e9s de l&#8217;embl\u00e9matique Sagrada Familia de Barcelone. Chaque bol pr\u00e9sente une couleur vibrante diff\u00e9rente : bleu, rouge, jaune et fuchsia, avec des d\u00e9tails de points brillants qui ajoutent une touche moderne \u00e0 leur design. L&rsquo;image de la Sagrada Familia est imprim\u00e9e avec une finition brillante, cr\u00e9ant un contraste attrayant avec le fond color\u00e9. Parfaits comme souvenir ou pour donner une touche unique \u00e0 votre maison.<\/p>\n","protected":false},"featured_media":13886,"template":"","meta":{"_acf_changed":false},"product_brand":[],"product_cat":[521],"product_tag":[],"class_list":{"0":"post-35350","1":"product","2":"type-product","3":"status-publish","4":"has-post-thumbnail","6":"product_cat-bols","7":"pa_ciudad-barcelona","8":"pa_motivo-sagrada-familia","9":"pa_pais-espana","11":"first","12":"instock","13":"shipping-taxable","14":"product-type-simple"},"acf":[],"_links":{"self":[{"href":"https:\/\/olemosaic.com\/fr\/wp-json\/wp\/v2\/product\/35350","targetHints":{"allow":["GET"]}}],"collection":[{"href":"https:\/\/olemosaic.com\/fr\/wp-json\/wp\/v2\/product"}],"about":[{"href":"https:\/\/olemosaic.com\/fr\/wp-json\/wp\/v2\/types\/product"}],"wp:featuredmedia":[{"embeddable":true,"href":"https:\/\/olemosaic.com\/fr\/wp-json\/wp\/v2\/media\/13886"}],"wp:attachment":[{"href":"https:\/\/olemosaic.com\/fr\/wp-json\/wp\/v2\/media?parent=35350"}],"wp:term":[{"taxonomy":"product_brand","embeddable":true,"href":"https:\/\/olemosaic.com\/fr\/wp-json\/wp\/v2\/product_brand?post=35350"},{"taxonomy":"product_cat","embeddable":true,"href":"https:\/\/olemosaic.com\/fr\/wp-json\/wp\/v2\/product_cat?post=35350"},{"taxonomy":"product_tag","embeddable":true,"href":"https:\/\/olemosaic.com\/fr\/wp-json\/wp\/v2\/product_tag?post=35350"}],"curies":[{"name":"wp","href":"https:\/\/api.w.org\/{rel}","templated":true}]}}