{"id":35349,"date":"2025-02-20T23:37:16","date_gmt":"2025-02-20T22:37:16","guid":{"rendered":"http:\/\/olemosaic.com\/producto\/4-bols-de-coco-de-13-x-6-cm-flor-5\/"},"modified":"2025-07-25T18:53:10","modified_gmt":"2025-07-25T16:53:10","slug":"4-bols-en-noix-de-coco-de-13-x-6-cm-motif-floral-5","status":"publish","type":"product","link":"https:\/\/olemosaic.com\/fr\/produit\/4-bols-en-noix-de-coco-de-13-x-6-cm-motif-floral-5\/","title":{"rendered":"4 Bols en noix de coco de 13 x 6 cm. Motif Floral."},"content":{"rendered":"<p>Ces charmants bols en noix de coco sont une repr\u00e9sentation authentique et vibrante de l&rsquo;artisanat espagnol, id\u00e9aux pour ceux qui recherchent des souvenirs uniques et d\u00e9coratifs. Chaque bol, d&rsquo;une dimension de 13 x 6 cm, est m\u00e9ticuleusement fabriqu\u00e9 \u00e0 partir de noix de coco naturelle, ce qui non seulement souligne sa qualit\u00e9, mais apporte \u00e9galement une touche organique \u00e0 n&rsquo;importe quel espace. Le design peint \u00e0 la main pr\u00e9sente une palette de couleurs vives, incluant des tons de bleu, rose et jaune, qui s&rsquo;entrelacent dans des formes florales harmonieuses. Au centre de chaque bol, une fleur d\u00e9licate aux tons dor\u00e9s se distingue, apportant un air de sophistication et d&rsquo;\u00e9l\u00e9gance.<\/p>\n<p>Ces bols pratiques sont polyvalents, id\u00e9aux aussi bien comme \u00e9l\u00e9ments d\u00e9coratifs sur des \u00e9tag\u00e8res que pour servir des ap\u00e9ritifs lors de r\u00e9unions de famille ou de f\u00eates. Leur style artistique embellit non seulement tout environnement, mais raconte \u00e9galement la riche tradition culturelle des r\u00e9gions d&rsquo;Espagne, o\u00f9 l&rsquo;artisanat est profond\u00e9ment c\u00e9l\u00e9br\u00e9. Chez Ol\u00e9 Mosaic, nous sommes des distributeurs de souvenirs authentiques qui refl\u00e8tent l&rsquo;esprit de la culture espagnole. Ces bols en noix de coco sont une excellente option pour les boutiques de cadeaux touristiques qui cherchent \u00e0 offrir des produits de haute qualit\u00e9 et \u00e0 forte signification culturelle. En choisissant ces bols, les touristes ne repartent pas seulement avec un souvenir, mais aussi avec une pi\u00e8ce d&rsquo;art qui donne vie \u00e0 leurs espaces.<\/p>\n","protected":false},"excerpt":{"rendered":"<p>Bols en noix de coco de 13 x 6 cm d\u00e9cor\u00e9s de fleurs d\u00e9licates, parfaits pour embellir n&rsquo;importe quel espace. Chaque bol, fabriqu\u00e9 en noix de coco, pr\u00e9sente un design artisanal, peint \u00e0 la main, avec des tons vibrants comme le bleu, le rose et le jaune, compl\u00e9t\u00e9s par des d\u00e9tails dor\u00e9s qui font ressortir les fleurs centrales. Ils sont id\u00e9aux aussi bien pour d\u00e9corer que pour servir des ap\u00e9ritifs, apportant une touche artisanale et color\u00e9e \u00e0 vos r\u00e9unions ou \u00e0 votre d\u00e9coration.<\/p>\n","protected":false},"featured_media":13885,"template":"","meta":{"_acf_changed":false},"product_brand":[],"product_cat":[521],"product_tag":[],"class_list":{"0":"post-35349","1":"product","2":"type-product","3":"status-publish","4":"has-post-thumbnail","6":"product_cat-bols","7":"pa_motivo-fleurs","9":"first","10":"instock","11":"shipping-taxable","12":"product-type-simple"},"acf":[],"_links":{"self":[{"href":"https:\/\/olemosaic.com\/fr\/wp-json\/wp\/v2\/product\/35349","targetHints":{"allow":["GET"]}}],"collection":[{"href":"https:\/\/olemosaic.com\/fr\/wp-json\/wp\/v2\/product"}],"about":[{"href":"https:\/\/olemosaic.com\/fr\/wp-json\/wp\/v2\/types\/product"}],"wp:featuredmedia":[{"embeddable":true,"href":"https:\/\/olemosaic.com\/fr\/wp-json\/wp\/v2\/media\/13885"}],"wp:attachment":[{"href":"https:\/\/olemosaic.com\/fr\/wp-json\/wp\/v2\/media?parent=35349"}],"wp:term":[{"taxonomy":"product_brand","embeddable":true,"href":"https:\/\/olemosaic.com\/fr\/wp-json\/wp\/v2\/product_brand?post=35349"},{"taxonomy":"product_cat","embeddable":true,"href":"https:\/\/olemosaic.com\/fr\/wp-json\/wp\/v2\/product_cat?post=35349"},{"taxonomy":"product_tag","embeddable":true,"href":"https:\/\/olemosaic.com\/fr\/wp-json\/wp\/v2\/product_tag?post=35349"}],"curies":[{"name":"wp","href":"https:\/\/api.w.org\/{rel}","templated":true}]}}