{"id":35337,"date":"2025-02-20T23:37:15","date_gmt":"2025-02-20T22:37:15","guid":{"rendered":"http:\/\/olemosaic.com\/producto\/4-bols-de-coco-de-13-x-6-cm-sardina-lisboa-7\/"},"modified":"2025-07-25T18:40:17","modified_gmt":"2025-07-25T16:40:17","slug":"4-bols-en-noix-de-coco-sardine-lisbonne","status":"publish","type":"product","link":"https:\/\/olemosaic.com\/fr\/produit\/4-bols-en-noix-de-coco-sardine-lisbonne\/","title":{"rendered":"4 Bols en noix de coco de 13 x 6 cm. Sardine. Rose, bleu et jaune. Lisbonne."},"content":{"rendered":"<p>Ce lot de quatre bols en noix de coco, au design \u00e9l\u00e9gant de sardine, est un authentique souvenir de Lisbonne qui capture l&rsquo;essence de la tradition maritime portugaise. Chaque bol, de 13 x 6 cm, pr\u00e9sente une d\u00e9coration exquise en forme de mosa\u00efque combinant des tons vibrants de rose, bleu et jaune, cr\u00e9ant un effet visuel attrayant qui rehausse n&rsquo;importe quelle table. Au centre, une illustration de sardine se d\u00e9tache avec \u00e9l\u00e9gance, symbolisant le riche h\u00e9ritage de la p\u00eache de la r\u00e9gion et ajoutant une touche culturelle \u00e0 chaque pi\u00e8ce.<\/p>\n<p>Ces bols ne sont pas seulement id\u00e9aux pour servir des ap\u00e9ritifs, ils fonctionnent \u00e9galement comme des \u00e9l\u00e9ments d\u00e9coratifs qui apportent couleur et authenticit\u00e9 \u00e0 n&rsquo;importe quel foyer. Des \u00e9l\u00e9ments comme celui-ci soulignent la connexion de Lisbonne avec la mer et sa gastronomie, devenant un excellent souvenir repr\u00e9sentatif de la ville. Chez Ol\u00e9 Mosaic, en tant que grossiste de souvenirs du Portugal, nous garantissons que ces bols en noix de coco sont un choix parfait pour les boutiques de cadeaux touristiques cherchant \u00e0 offrir des produits authentiques et de qualit\u00e9. Avec un design artisanal et culturellement significatif, ces bols souvenirs sont un cadeau appr\u00e9ci\u00e9 par les touristes souhaitant ramener un morceau de Lisbonne de leur voyage.<\/p>\n","protected":false},"excerpt":{"rendered":"<p>Bols en noix de coco de 13 x 6 cm avec design de sardine, typiques de Lisbonne. Chaque bol pr\u00e9sente une belle d\u00e9coration en forme de mosa\u00efque avec des couleurs vibrantes dans les tons rose, bleu et jaune, encadrant une illustration centrale d&rsquo;une sardine. Cet ensemble de quatre pi\u00e8ces est id\u00e9al pour servir des ap\u00e9ritifs ou comme \u00e9l\u00e9ment d\u00e9coratif, apportant une touche de la tradition maritime portugaise \u00e0 tout foyer.<\/p>\n","protected":false},"featured_media":13883,"template":"","meta":{"_acf_changed":false},"product_brand":[],"product_cat":[521],"product_tag":[530],"class_list":{"0":"post-35337","1":"product","2":"type-product","3":"status-publish","4":"has-post-thumbnail","6":"product_cat-bols","7":"product_tag-animaux","8":"pa_ciudad-lisboa","9":"pa_motivo-sardines","10":"pa_pais-portugal","12":"first","13":"instock","14":"shipping-taxable","15":"product-type-simple"},"acf":[],"_links":{"self":[{"href":"https:\/\/olemosaic.com\/fr\/wp-json\/wp\/v2\/product\/35337","targetHints":{"allow":["GET"]}}],"collection":[{"href":"https:\/\/olemosaic.com\/fr\/wp-json\/wp\/v2\/product"}],"about":[{"href":"https:\/\/olemosaic.com\/fr\/wp-json\/wp\/v2\/types\/product"}],"wp:featuredmedia":[{"embeddable":true,"href":"https:\/\/olemosaic.com\/fr\/wp-json\/wp\/v2\/media\/13883"}],"wp:attachment":[{"href":"https:\/\/olemosaic.com\/fr\/wp-json\/wp\/v2\/media?parent=35337"}],"wp:term":[{"taxonomy":"product_brand","embeddable":true,"href":"https:\/\/olemosaic.com\/fr\/wp-json\/wp\/v2\/product_brand?post=35337"},{"taxonomy":"product_cat","embeddable":true,"href":"https:\/\/olemosaic.com\/fr\/wp-json\/wp\/v2\/product_cat?post=35337"},{"taxonomy":"product_tag","embeddable":true,"href":"https:\/\/olemosaic.com\/fr\/wp-json\/wp\/v2\/product_tag?post=35337"}],"curies":[{"name":"wp","href":"https:\/\/api.w.org\/{rel}","templated":true}]}}