{"id":35336,"date":"2025-02-20T23:37:15","date_gmt":"2025-02-20T22:37:15","guid":{"rendered":"http:\/\/olemosaic.com\/producto\/bola-de-nieve-panoramica-barcelona-4-colores-2\/"},"modified":"2025-07-25T19:38:39","modified_gmt":"2025-07-25T17:38:39","slug":"boule-a-neige-panoramique-barcelone-4-couleurs-fr","status":"publish","type":"product","link":"https:\/\/olemosaic.com\/fr\/produit\/boule-a-neige-panoramique-barcelone-4-couleurs-fr\/","title":{"rendered":"Boule \u00e0 neige. Panoramique. Sagrada Familia. Barcelone. 4 couleurs"},"content":{"rendered":"<p>Cette boule \u00e0 neige d\u00e9corative pr\u00e9sente une impressionnante vue panoramique de l&#8217;embl\u00e9matique Sagrada Familia de Barcelone, capturant l&rsquo;essence architecturale de cette c\u00e9l\u00e8bre basilique con\u00e7ue par Antoni Gaud\u00ed. Disponible en quatre couleurs vibrantes : bleu, rouge, orange et blanc, chaque boule est \u00e9labor\u00e9e avec une attention particuli\u00e8re aux d\u00e9tails, ce qui en fait un souvenir id\u00e9al pour ceux qui souhaitent emporter un morceau de la culture catalane. La base de la boule est d\u00e9cor\u00e9e d&rsquo;\u00e9l\u00e9ments en relief qui ajoutent une touche de sophistication, tandis que le nom \u00ab\u00a0Barcelona\u00a0\u00bb est imprim\u00e9 de mani\u00e8re pro\u00e9minente, assurant son authenticit\u00e9 en tant que souvenir de la ville.<\/p>\n<p>En agitant la boule, les flocons de neige se d\u00e9placent magiquement, transformant le paysage en une sc\u00e8ne enchant\u00e9e qui \u00e9voque l&rsquo;atmosph\u00e8re magique de la ville. Ce souvenir n&rsquo;est pas seulement un objet d\u00e9coratif, mais un rappel tangible de l&rsquo;une des merveilles architecturales les plus iconiques au monde, faisant en sorte que chaque regard port\u00e9 sur la boule \u00e0 neige \u00e9veille des souvenirs de moments v\u00e9cus \u00e0 Barcelone.<\/p>\n<p>Chez Ol\u00e9 Mosaic, nous sommes fiers d&rsquo;\u00eatre un distributeur de souvenirs authentiques et repr\u00e9sentatifs, comme cette boule \u00e0 neige de la Sagrada Familia. Parfaite pour les boutiques de cadeaux touristiques, ce produit est une excellente option pour ceux qui recherchent qualit\u00e9 et sens dans leurs souvenirs.<\/p>\n","protected":false},"excerpt":{"rendered":"<p>Boule \u00e0 neige d\u00e9corative pr\u00e9sentant une vue panoramique de l&rsquo;iconique Sagrada Familia de Barcelone. Ce souvenir attrayant, disponible en quatre couleurs vives (bleu, rouge, orange et blanc), capture l&rsquo;essence de la ville avec des d\u00e9tails \u00e9labor\u00e9s. La base, avec des \u00e9l\u00e9ments en relief et le nom \u00ab\u00a0Barcelona\u00a0\u00bb imprim\u00e9, est d\u00e9cor\u00e9e avec \u00e9clat, tandis que l&rsquo;int\u00e9rieur offre un paysage charmant qui se transforme avec le mouvement de la neige. Un cadeau id\u00e9al qui \u00e9voque le charme de l&rsquo;architecture moderniste catalane.<\/p>\n","protected":false},"featured_media":13882,"template":"","meta":{"_acf_changed":false},"product_brand":[],"product_cat":[645],"product_tag":[646],"class_list":{"0":"post-35336","1":"product","2":"type-product","3":"status-publish","4":"has-post-thumbnail","6":"product_cat-boules-de-neige","7":"product_tag-noel","8":"pa_ciudad-barcelona","9":"pa_motivo-panoramas","10":"pa_pais-espana","12":"first","13":"instock","14":"shipping-taxable","15":"product-type-simple"},"acf":[],"_links":{"self":[{"href":"https:\/\/olemosaic.com\/fr\/wp-json\/wp\/v2\/product\/35336","targetHints":{"allow":["GET"]}}],"collection":[{"href":"https:\/\/olemosaic.com\/fr\/wp-json\/wp\/v2\/product"}],"about":[{"href":"https:\/\/olemosaic.com\/fr\/wp-json\/wp\/v2\/types\/product"}],"wp:featuredmedia":[{"embeddable":true,"href":"https:\/\/olemosaic.com\/fr\/wp-json\/wp\/v2\/media\/13882"}],"wp:attachment":[{"href":"https:\/\/olemosaic.com\/fr\/wp-json\/wp\/v2\/media?parent=35336"}],"wp:term":[{"taxonomy":"product_brand","embeddable":true,"href":"https:\/\/olemosaic.com\/fr\/wp-json\/wp\/v2\/product_brand?post=35336"},{"taxonomy":"product_cat","embeddable":true,"href":"https:\/\/olemosaic.com\/fr\/wp-json\/wp\/v2\/product_cat?post=35336"},{"taxonomy":"product_tag","embeddable":true,"href":"https:\/\/olemosaic.com\/fr\/wp-json\/wp\/v2\/product_tag?post=35336"}],"curies":[{"name":"wp","href":"https:\/\/api.w.org\/{rel}","templated":true}]}}