{"id":35335,"date":"2025-02-20T23:37:15","date_gmt":"2025-02-20T22:37:15","guid":{"rendered":"http:\/\/olemosaic.com\/producto\/bola-de-nieve-sagrada-familia-barcelona-4-colores-2\/"},"modified":"2025-07-25T19:38:39","modified_gmt":"2025-07-25T17:38:39","slug":"boule-a-neige-sagrada-familia-barcelone-4-couleurs-fr","status":"publish","type":"product","link":"https:\/\/olemosaic.com\/fr\/produit\/boule-a-neige-sagrada-familia-barcelone-4-couleurs-fr\/","title":{"rendered":"Boule \u00e0 neige. Sagrada Familia. Gaud\u00ed. Barcelone. 4 couleurs"},"content":{"rendered":"<p>D\u00e9couvrez notre charmante boule \u00e0 neige d\u00e9corative, qui capture l&rsquo;essence de Barcelone avec une miniature exquise de l&#8217;embl\u00e9matique Sagrada Familia, joyau architectural d&rsquo;Antoni Gaud\u00ed. Ce souvenir spectaculaire est m\u00e9ticuleusement con\u00e7u et reproduit la basilique iconique avec ses tours stylis\u00e9es et ses d\u00e9tails captivants, le tout baign\u00e9 par un effet de neige qui ajoute une touche magique et nostalgique. La base de la boule \u00e0 neige est disponible en quatre couleurs vibrantes : bleu, vert, orange et rouge, chacune orn\u00e9e du mot \u00ab\u00a0Barcelona\u00a0\u00bb en relief, ce qui permet \u00e0 cet article de s&rsquo;adapter \u00e0 n&rsquo;importe quel style d\u00e9coratif. Ce souvenir, id\u00e9al comme cadeau ou rappel, \u00e9voque la beaut\u00e9 incomparable de la cit\u00e9 comtale et sa richesse culturelle, en faisant un objet incontournable pour ceux qui souhaitent emporter une partie de Barcelone. Chez Ol\u00e9 Mosaic, nous sommes fiers de proposer des souvenirs repr\u00e9sentatifs et authentiques en gros, et cette boule \u00e0 neige d\u00e9corative est une excellente option pour les boutiques de cadeaux touristiques souhaitant offrir des produits significatifs et de qualit\u00e9 \u00e0 leurs clients.<\/p>\n","protected":false},"excerpt":{"rendered":"<p>Boule \u00e0 neige d\u00e9corative pr\u00e9sentant une miniature de la Sagrada Familia, le monument embl\u00e9matique de Barcelone, entour\u00e9e d&rsquo;un magnifique effet de neige. Disponible en quatre couleurs vibrantes pour la base : bleu, vert, orange et rouge, chacune avec le mot \u00ab\u00a0Barcelona\u00a0\u00bb en relief. La repr\u00e9sentation d\u00e9licate de la Sagrada Familia, avec ses tours stylis\u00e9es et ses d\u00e9tails captivants, en fait un souvenir attrayant et significatif de l&rsquo;h\u00e9ritage architectural de Gaud\u00ed. Id\u00e9al comme souvenir ou cadeau de la cit\u00e9 comtale.<\/p>\n","protected":false},"featured_media":13881,"template":"","meta":{"_acf_changed":false},"product_brand":[],"product_cat":[645],"product_tag":[646],"class_list":{"0":"post-35335","1":"product","2":"type-product","3":"status-publish","4":"has-post-thumbnail","6":"product_cat-boules-de-neige","7":"product_tag-noel","8":"pa_ciudad-barcelona","9":"pa_motivo-sagrada-familia","10":"pa_pais-espana","12":"first","13":"instock","14":"shipping-taxable","15":"product-type-simple"},"acf":[],"_links":{"self":[{"href":"https:\/\/olemosaic.com\/fr\/wp-json\/wp\/v2\/product\/35335","targetHints":{"allow":["GET"]}}],"collection":[{"href":"https:\/\/olemosaic.com\/fr\/wp-json\/wp\/v2\/product"}],"about":[{"href":"https:\/\/olemosaic.com\/fr\/wp-json\/wp\/v2\/types\/product"}],"wp:featuredmedia":[{"embeddable":true,"href":"https:\/\/olemosaic.com\/fr\/wp-json\/wp\/v2\/media\/13881"}],"wp:attachment":[{"href":"https:\/\/olemosaic.com\/fr\/wp-json\/wp\/v2\/media?parent=35335"}],"wp:term":[{"taxonomy":"product_brand","embeddable":true,"href":"https:\/\/olemosaic.com\/fr\/wp-json\/wp\/v2\/product_brand?post=35335"},{"taxonomy":"product_cat","embeddable":true,"href":"https:\/\/olemosaic.com\/fr\/wp-json\/wp\/v2\/product_cat?post=35335"},{"taxonomy":"product_tag","embeddable":true,"href":"https:\/\/olemosaic.com\/fr\/wp-json\/wp\/v2\/product_tag?post=35335"}],"curies":[{"name":"wp","href":"https:\/\/api.w.org\/{rel}","templated":true}]}}