{"id":35334,"date":"2025-02-20T23:37:15","date_gmt":"2025-02-20T22:37:15","guid":{"rendered":"http:\/\/olemosaic.com\/producto\/bola-de-nieve-oso-y-madrono-madrid-4-colores-2\/"},"modified":"2025-07-25T19:38:39","modified_gmt":"2025-07-25T17:38:39","slug":"boule-a-neige-ours-et-arbousier-madrid-4-couleurs-fr","status":"publish","type":"product","link":"https:\/\/olemosaic.com\/fr\/produit\/boule-a-neige-ours-et-arbousier-madrid-4-couleurs-fr\/","title":{"rendered":"Boule \u00e0 neige. L&rsquo;Ours et l&rsquo;Arbousier. Madrid. Base textur\u00e9e. 4 couleurs"},"content":{"rendered":"<p>Cette boule \u00e0 neige d\u00e9corative est un charmant souvenir de Madrid, rendant hommage \u00e0 l&#8217;embl\u00e9matique ours et l&rsquo;arbousier, symboles iconiques de la ville. Au centre de la sph\u00e8re en verre, on peut appr\u00e9cier la sculpture dor\u00e9e repr\u00e9sentant ce c\u00e9l\u00e8bre monument, capturant l&rsquo;essence de la capitale espagnole. La base de la boule, disponible en quatre couleurs vibrantes \u2014 bleu, vert, orange et rouge \u2014 pr\u00e9sente une finition textur\u00e9e qui non seulement ajoute un \u00e9l\u00e9ment visuel attrayant, mais est \u00e9galement agr\u00e9able au toucher. Le mot \u00ab\u00a0Madrid\u00a0\u00bb est inscrit en relief, garantissant que ce souvenir de Madrid soit facilement reconnaissable et \u00e9vocateur.<\/p>\n<p>La boule \u00e0 neige n&rsquo;est pas seulement esth\u00e9tiquement captivante, elle symbolise aussi les moments sp\u00e9ciaux v\u00e9cus dans la ville, devenant un merveilleux cadeau unique ou un \u00e9l\u00e9ment d\u00e9coratif qui apporte une touche magique \u00e0 n&rsquo;importe quel espace. Chaque fois qu&rsquo;on l&rsquo;agite, la neige qui tombe habille ce moment sp\u00e9cial d&rsquo;une touche de nostalgie et de joie, rappelant la beaut\u00e9 de Madrid. Chez Ol\u00e9 Mosaic, nous sommes des distributeurs de souvenirs de haute qualit\u00e9, id\u00e9aux pour les boutiques de cadeaux touristiques cherchant \u00e0 offrir des articles authentiques de la culture espagnole. Cette boule \u00e0 neige est le souvenir parfait pour ceux qui souhaitent ramener un petit morceau de Madrid chez eux.<\/p>\n","protected":false},"excerpt":{"rendered":"<p>Boule \u00e0 neige d\u00e9corative pr\u00e9sentant une sculpture dor\u00e9e de l&#8217;embl\u00e9matique ours et l&rsquo;arbousier, symbole de Madrid. La base est disponible en quatre couleurs vibrantes (bleu, vert, orange et rouge), avec des d\u00e9tails textur\u00e9s et le mot \u00ab\u00a0Madrid\u00a0\u00bb grav\u00e9 en relief. Cette boule \u00e0 neige capture l&rsquo;essence de la ville, parfaite pour se rem\u00e9morer des moments sp\u00e9ciaux ou comme cadeau unique. Un souvenir attrayant qui ajoute une touche de magie \u00e0 tout espace.<\/p>\n","protected":false},"featured_media":13880,"template":"","meta":{"_acf_changed":false},"product_brand":[],"product_cat":[645],"product_tag":[530,646],"class_list":{"0":"post-35334","1":"product","2":"type-product","3":"status-publish","4":"has-post-thumbnail","6":"product_cat-boules-de-neige","7":"product_tag-animaux","8":"product_tag-noel","9":"pa_ciudad-madrid","10":"pa_motivo-ours-et-arbousier","11":"pa_pais-espana","13":"first","14":"instock","15":"shipping-taxable","16":"product-type-simple"},"acf":[],"_links":{"self":[{"href":"https:\/\/olemosaic.com\/fr\/wp-json\/wp\/v2\/product\/35334","targetHints":{"allow":["GET"]}}],"collection":[{"href":"https:\/\/olemosaic.com\/fr\/wp-json\/wp\/v2\/product"}],"about":[{"href":"https:\/\/olemosaic.com\/fr\/wp-json\/wp\/v2\/types\/product"}],"wp:featuredmedia":[{"embeddable":true,"href":"https:\/\/olemosaic.com\/fr\/wp-json\/wp\/v2\/media\/13880"}],"wp:attachment":[{"href":"https:\/\/olemosaic.com\/fr\/wp-json\/wp\/v2\/media?parent=35334"}],"wp:term":[{"taxonomy":"product_brand","embeddable":true,"href":"https:\/\/olemosaic.com\/fr\/wp-json\/wp\/v2\/product_brand?post=35334"},{"taxonomy":"product_cat","embeddable":true,"href":"https:\/\/olemosaic.com\/fr\/wp-json\/wp\/v2\/product_cat?post=35334"},{"taxonomy":"product_tag","embeddable":true,"href":"https:\/\/olemosaic.com\/fr\/wp-json\/wp\/v2\/product_tag?post=35334"}],"curies":[{"name":"wp","href":"https:\/\/api.w.org\/{rel}","templated":true}]}}