{"id":35323,"date":"2025-02-20T23:37:15","date_gmt":"2025-02-20T22:37:15","guid":{"rendered":"http:\/\/olemosaic.com\/producto\/bola-de-nieve-panoramica-barcelona-4-colores\/"},"modified":"2025-07-25T19:38:40","modified_gmt":"2025-07-25T17:38:40","slug":"boule-a-neige-panoramique-barcelone-4-couleurs","status":"publish","type":"product","link":"https:\/\/olemosaic.com\/fr\/produit\/boule-a-neige-panoramique-barcelone-4-couleurs\/","title":{"rendered":"Boule \u00e0 neige. Panoramique. Barcelone. 4 couleurs"},"content":{"rendered":"<p>Ce charmant souvenir de Barcelone est une boule \u00e0 neige d\u00e9corative qui capture la vue panoramique embl\u00e9matique de la Sagrada Familia, l&rsquo;un des monuments les plus reconnus au monde. Avec une base \u00e9labor\u00e9e en c\u00e9ramique effet peint \u00e0 la main, cette boule \u00e0 neige est disponible en quatre couleurs vibrantes : bleu, vert, rouge et orange, chacune orn\u00e9e du mot \u00ab Barcelone \u00bb, ce qui en fait un souvenir id\u00e9al de votre visite dans cette ville pleine d&rsquo;histoire et d&rsquo;art. La sph\u00e8re de cristal abrite une repr\u00e9sentation vive et d\u00e9taill\u00e9e de la majestueuse Sagrada Familia, montrant son architecture complexe et ses couleurs, qui refl\u00e8tent le g\u00e9nie d&rsquo;Antoni Gaud\u00ed.<\/p>\n<p>En secouant la boule, de petits flocons de neige artificielle tombent doucement sur la sc\u00e8ne, cr\u00e9ant un effet magique qui transporte l&rsquo;essence de Barcelone dans n&rsquo;importe quel foyer. Ce souvenir n&rsquo;est pas seulement un bel objet d\u00e9coratif, mais aussi une excellente option pour les touristes qui cherchent \u00e0 emporter un morceau de la riche culture catalane. Chez Ol\u00e9 Mosaic, nous nous sp\u00e9cialisons dans la distribution de souvenirs en gros, offrant des articles authentiques qui c\u00e9l\u00e8brent la tradition et la diversit\u00e9 de l&rsquo;Espagne. La boule \u00e0 neige de la Sagrada Familia est une option de premier plan pour les magasins de cadeaux touristiques qui souhaitent proposer des produits de qualit\u00e9 et de pertinence culturelle.<\/p>\n","protected":false},"excerpt":{"rendered":"<p>Boule \u00e0 neige d\u00e9corative montrant une charmante vue panoramique de la Sagrada Familia de Barcelone. Ce souvenir a une base en c\u00e9ramique au design artisanal, peint \u00e0 la main, disponible en quatre couleurs attrayantes : bleu, vert, rouge et orange, chacune avec le mot \u00ab\u00a0Barcelone\u00a0\u00bb. La sph\u00e8re de cristal contient une repr\u00e9sentation vive du c\u00e9l\u00e8bre monument, parfaite pour apporter un morceau de la magie de Barcelone dans n&rsquo;importe quel foyer.<\/p>\n","protected":false},"featured_media":13879,"template":"","meta":{"_acf_changed":false},"product_brand":[],"product_cat":[645],"product_tag":[646],"class_list":{"0":"post-35323","1":"product","2":"type-product","3":"status-publish","4":"has-post-thumbnail","6":"product_cat-boules-de-neige","7":"product_tag-noel","8":"pa_ciudad-barcelona","9":"pa_motivo-panoramas","10":"pa_pais-espana","12":"first","13":"instock","14":"shipping-taxable","15":"product-type-simple"},"acf":[],"_links":{"self":[{"href":"https:\/\/olemosaic.com\/fr\/wp-json\/wp\/v2\/product\/35323","targetHints":{"allow":["GET"]}}],"collection":[{"href":"https:\/\/olemosaic.com\/fr\/wp-json\/wp\/v2\/product"}],"about":[{"href":"https:\/\/olemosaic.com\/fr\/wp-json\/wp\/v2\/types\/product"}],"wp:featuredmedia":[{"embeddable":true,"href":"https:\/\/olemosaic.com\/fr\/wp-json\/wp\/v2\/media\/13879"}],"wp:attachment":[{"href":"https:\/\/olemosaic.com\/fr\/wp-json\/wp\/v2\/media?parent=35323"}],"wp:term":[{"taxonomy":"product_brand","embeddable":true,"href":"https:\/\/olemosaic.com\/fr\/wp-json\/wp\/v2\/product_brand?post=35323"},{"taxonomy":"product_cat","embeddable":true,"href":"https:\/\/olemosaic.com\/fr\/wp-json\/wp\/v2\/product_cat?post=35323"},{"taxonomy":"product_tag","embeddable":true,"href":"https:\/\/olemosaic.com\/fr\/wp-json\/wp\/v2\/product_tag?post=35323"}],"curies":[{"name":"wp","href":"https:\/\/api.w.org\/{rel}","templated":true}]}}