{"id":35322,"date":"2025-02-20T23:37:14","date_gmt":"2025-02-20T22:37:14","guid":{"rendered":"http:\/\/olemosaic.com\/producto\/bola-de-nieve-oso-y-madrono-madrid-4-colores\/"},"modified":"2025-07-25T19:38:40","modified_gmt":"2025-07-25T17:38:40","slug":"boule-a-neige-ours-et-arbousier-madrid-4-couleurs","status":"publish","type":"product","link":"https:\/\/olemosaic.com\/fr\/produit\/boule-a-neige-ours-et-arbousier-madrid-4-couleurs\/","title":{"rendered":"Boule \u00e0 neige. L&rsquo;Ours et l&rsquo;Arbousier. Madrid. Base en mosa\u00efque. 4 couleurs"},"content":{"rendered":"<p>La boule \u00e0 neige d\u00e9corative de l&rsquo;Ours et de l&rsquo;Arbousier est un souvenir charmant qui capture l&rsquo;essence de Madrid de mani\u00e8re exquise. Cette pi\u00e8ce, \u00e9labor\u00e9e en r\u00e9sine et en verre, pr\u00e9sente une repr\u00e9sentation d\u00e9taill\u00e9e et artistique du symbole embl\u00e9matique de la ville : l&rsquo;Ours et l&rsquo;Arbousier. La figure, m\u00e9ticuleusement con\u00e7ue, se situe \u00e0 l&rsquo;int\u00e9rieur d&rsquo;une sph\u00e8re de cristal, offrant un attrait visuel unique qui enchantera ceux qui souhaitent emporter un morceau de la capitale espagnole. Disponible en quatre couleurs vibrantes \u2014 bleu, rouge, vert et orange \u2014, chaque boule \u00e0 neige dispose d&rsquo;un design en mosa\u00efque sur la base qui compl\u00e8te parfaitement l&rsquo;image de l&rsquo;ours.<\/p>\n<p>La connexion culturelle de ce souvenir est ind\u00e9niable. L&rsquo;Ours et l&rsquo;Arbousier ne repr\u00e9sentent pas seulement une ic\u00f4ne madril\u00e8ne, mais sont \u00e9galement un symbole de l&rsquo;identit\u00e9 et de l&rsquo;histoire de la ville, visible sur de nombreuses places et rues. Cette boule \u00e0 neige est id\u00e9ale, non seulement comme \u00e9l\u00e9ment d\u00e9coratif, mais aussi comme souvenir parfait pour les touristes \u00e0 la recherche d&rsquo;un souvenir authentique et significatif de leur visite \u00e0 Madrid. Chez Ol\u00e9 Mosaic, nous distribuons des souvenirs de qualit\u00e9 en gros, et cette boule \u00e0 neige de l&rsquo;Ours et de l&rsquo;Arbousier est une excellente option pour les magasins de cadeaux touristiques qui appr\u00e9cient l&rsquo;authenticit\u00e9 et la pertinence culturelle de leurs produits.<\/p>\n","protected":false},"excerpt":{"rendered":"<p>Boule \u00e0 neige d\u00e9corative avec la figure iconique de l&rsquo;Ours et de l&rsquo;Arbousier, symbole de Madrid. Fabriqu\u00e9e en r\u00e9sine et en verre, elle est disponible en quatre couleurs vibrantes : bleu, rouge, vert et orange, chacune avec un design de mosa\u00efque sur la base. La figure de l&rsquo;ours, m\u00e9ticuleusement d\u00e9taill\u00e9e, est encapsul\u00e9e dans une sph\u00e8re de cristal, offrant un attrait visuel unique. Id\u00e9ale comme souvenir ou \u00e9l\u00e9ment d\u00e9coratif, elle \u00e9voque l&rsquo;essence de la capitale espagnole.<\/p>\n","protected":false},"featured_media":13878,"template":"","meta":{"_acf_changed":false},"product_brand":[],"product_cat":[645],"product_tag":[530,646],"class_list":{"0":"post-35322","1":"product","2":"type-product","3":"status-publish","4":"has-post-thumbnail","6":"product_cat-boules-de-neige","7":"product_tag-animaux","8":"product_tag-noel","9":"pa_ciudad-madrid","10":"pa_motivo-ours-et-arbousier","11":"pa_pais-espana","13":"first","14":"instock","15":"shipping-taxable","16":"product-type-simple"},"acf":[],"_links":{"self":[{"href":"https:\/\/olemosaic.com\/fr\/wp-json\/wp\/v2\/product\/35322","targetHints":{"allow":["GET"]}}],"collection":[{"href":"https:\/\/olemosaic.com\/fr\/wp-json\/wp\/v2\/product"}],"about":[{"href":"https:\/\/olemosaic.com\/fr\/wp-json\/wp\/v2\/types\/product"}],"wp:featuredmedia":[{"embeddable":true,"href":"https:\/\/olemosaic.com\/fr\/wp-json\/wp\/v2\/media\/13878"}],"wp:attachment":[{"href":"https:\/\/olemosaic.com\/fr\/wp-json\/wp\/v2\/media?parent=35322"}],"wp:term":[{"taxonomy":"product_brand","embeddable":true,"href":"https:\/\/olemosaic.com\/fr\/wp-json\/wp\/v2\/product_brand?post=35322"},{"taxonomy":"product_cat","embeddable":true,"href":"https:\/\/olemosaic.com\/fr\/wp-json\/wp\/v2\/product_cat?post=35322"},{"taxonomy":"product_tag","embeddable":true,"href":"https:\/\/olemosaic.com\/fr\/wp-json\/wp\/v2\/product_tag?post=35322"}],"curies":[{"name":"wp","href":"https:\/\/api.w.org\/{rel}","templated":true}]}}