{"id":35321,"date":"2025-02-20T22:37:14","date_gmt":"2025-02-20T22:37:14","guid":{"rendered":"http:\/\/olemosaic.com\/producto\/bola-de-nieve-sagrada-familia-barcelona-4-colores\/"},"modified":"2025-07-25T19:38:40","modified_gmt":"2025-07-25T17:38:40","slug":"boule-a-neige-sagrada-familia-barcelone-4-couleurs","status":"publish","type":"product","link":"https:\/\/olemosaic.com\/fr\/produit\/boule-a-neige-sagrada-familia-barcelone-4-couleurs\/","title":{"rendered":"Boule \u00e0 neige. Sagrada Familia. Barcelone. 4 couleurs"},"content":{"rendered":"<p>Cette boule \u00e0 neige d\u00e9corative, qui capture l&#8217;embl\u00e9matique Sagrada Familia de Barcelone, est un souvenir incontournable pour ceux qui souhaitent emporter un morceau de la capitale catalane. Fabriqu\u00e9e en verre et en r\u00e9sine, cette pi\u00e8ce se distingue par sa repr\u00e9sentation d\u00e9taill\u00e9e de l&rsquo;iconique basilique, avec ses tours et fa\u00e7ades majestueuses et color\u00e9es qui brillent \u00e0 la lumi\u00e8re. Chaque boule inclut l&rsquo;inscription \u00ab Barcelone \u00bb, soulignant sa connexion avec le patrimoine culturel de la ville. Pr\u00e9sent\u00e9e sur quatre bases de couleurs \u2014 bleu, rouge, orange et vert \u2014, cette boule \u00e0 neige n&rsquo;est pas seulement attrayante visuellement, mais refl\u00e8te \u00e9galement la diversit\u00e9 vibrante de l&rsquo;art et de l&rsquo;architecture moderniste qui caract\u00e9rise Barcelone.<\/p>\n<p>Id\u00e9ale comme souvenir, cette boule \u00e0 neige offre un charmant aper\u00e7u de la cr\u00e9ativit\u00e9 d&rsquo;Antoni Gaud\u00ed, invitant les touristes \u00e0 se souvenir de leur visite dans cette ville merveilleuse. Chez Ol\u00e9 Mosaic, nous sommes fiers d&rsquo;\u00eatre des distributeurs en gros de souvenirs authentiques, et cet article met en valeur la richesse culturelle de la Sagrada Familia, ce qui en fait un choix parfait pour les magasins de cadeaux touristiques. Avec son design captivant et sa pertinence culturelle, c&rsquo;est un article de collection attrayant qui enchantera aussi bien les visiteurs que les amateurs d&rsquo;art.<\/p>\n","protected":false},"excerpt":{"rendered":"<p>Boule \u00e0 neige d\u00e9corative qui immortalise l&#8217;embl\u00e9matique Sagrada Familia de Barcelone, pr\u00e9sent\u00e9e sur quatre bases color\u00e9es. Ce souvenir, fabriqu\u00e9 en verre et en r\u00e9sine, reproduit avec grand d\u00e9tail la c\u00e9l\u00e8bre basilique, montrant ses tours et fa\u00e7ades caract\u00e9ristiques dans des couleurs vibrantes. Chaque boule inclut l&rsquo;inscription \u00ab\u00a0Barcelone\u00a0\u00bb, mettant en valeur le patrimoine culturel de la ville. Parfaite pour emporter un souvenir de l&rsquo;architecture moderniste catalane, c&rsquo;est un article de collection tr\u00e8s attrayant.<\/p>\n","protected":false},"featured_media":13877,"template":"","meta":{"_acf_changed":false},"product_brand":[],"product_cat":[645],"product_tag":[646],"class_list":{"0":"post-35321","1":"product","2":"type-product","3":"status-publish","4":"has-post-thumbnail","6":"product_cat-boules-de-neige","7":"product_tag-noel","8":"pa_ciudad-barcelona","9":"pa_motivo-sagrada-familia","10":"pa_pais-espana","12":"first","13":"instock","14":"shipping-taxable","15":"product-type-simple"},"acf":[],"_links":{"self":[{"href":"https:\/\/olemosaic.com\/fr\/wp-json\/wp\/v2\/product\/35321","targetHints":{"allow":["GET"]}}],"collection":[{"href":"https:\/\/olemosaic.com\/fr\/wp-json\/wp\/v2\/product"}],"about":[{"href":"https:\/\/olemosaic.com\/fr\/wp-json\/wp\/v2\/types\/product"}],"wp:featuredmedia":[{"embeddable":true,"href":"https:\/\/olemosaic.com\/fr\/wp-json\/wp\/v2\/media\/13877"}],"wp:attachment":[{"href":"https:\/\/olemosaic.com\/fr\/wp-json\/wp\/v2\/media?parent=35321"}],"wp:term":[{"taxonomy":"product_brand","embeddable":true,"href":"https:\/\/olemosaic.com\/fr\/wp-json\/wp\/v2\/product_brand?post=35321"},{"taxonomy":"product_cat","embeddable":true,"href":"https:\/\/olemosaic.com\/fr\/wp-json\/wp\/v2\/product_cat?post=35321"},{"taxonomy":"product_tag","embeddable":true,"href":"https:\/\/olemosaic.com\/fr\/wp-json\/wp\/v2\/product_tag?post=35321"}],"curies":[{"name":"wp","href":"https:\/\/api.w.org\/{rel}","templated":true}]}}