{"id":35320,"date":"2025-02-20T23:37:14","date_gmt":"2025-02-20T22:37:14","guid":{"rendered":"http:\/\/olemosaic.com\/producto\/bola-de-navidad-con-caja-caballito-de-mar-mallorca\/"},"modified":"2025-07-25T19:55:30","modified_gmt":"2025-07-25T17:55:30","slug":"boule-de-noel-avec-boite-hippocampe-majorque","status":"publish","type":"product","link":"https:\/\/olemosaic.com\/fr\/produit\/boule-de-noel-avec-boite-hippocampe-majorque\/","title":{"rendered":"Boule de No\u00ebl avec bo\u00eete. Hippocampe. Majorque."},"content":{"rendered":"<p>Cet impressionnant ornement de No\u00ebl est une boule en c\u00e9ramique d\u00e9cor\u00e9e d&rsquo;hippocampes color\u00e9s, un hommage \u00e0 la beaut\u00e9 marine de Majorque. Pr\u00e9sent\u00e9e dans une \u00e9l\u00e9gante bo\u00eete, cette boule vibrante capture l&rsquo;essence de l&rsquo;\u00eele \u00e0 travers son design peint \u00e0 la main, o\u00f9 chaque hippocampe brille dans des tons bleus, rouges et verts, refl\u00e9tant la joie et la vivacit\u00e9 de l&rsquo;environnement m\u00e9diterran\u00e9en. Au centre, le nom \u00ab\u00a0MALLORCA\u00a0\u00bb resplendit avec un style frappant, ajoutant une touche personnelle qui en fait un souvenir m\u00e9morable.<\/p>\n<p>L&rsquo;ornement \u00e9voque la riche vie marine des eaux cristallines de Majorque, o\u00f9 les hippocampes sont un symbole de la faune locale. Cette boule de No\u00ebl n&rsquo;est pas seulement un accessoire festif, mais une excellente repr\u00e9sentation du patrimoine culturel de la r\u00e9gion, id\u00e9ale pour ceux qui recherchent un souvenir authentique qui encapsule la magie de Majorque. Chez Ol\u00e9 Mosaic, en tant que grossistes de souvenirs, nous proposons des produits qui se distinguent par leur qualit\u00e9 et leur design exclusif, faisant de cette boule un excellent cadeau ou une d\u00e9coration qui, sans aucun doute, enchantera les touristes et les collectionneurs.<\/p>\n","protected":false},"excerpt":{"rendered":"<p>Boule de No\u00ebl pr\u00e9sent\u00e9e dans une \u00e9l\u00e9gante bo\u00eete, d\u00e9cor\u00e9e d&rsquo;hippocampes color\u00e9s qui \u00e9voquent la beaut\u00e9 marine de Majorque. Cet ornement en c\u00e9ramique se distingue par son design vibrant, artisanal et peint \u00e0 la main, qui capture les d\u00e9tails complexes des hippocampes dans des tons bleus, rouges et verts. La boule, qui porte le nom \u00ab\u00a0MALLORCA\u00a0\u00bb imprim\u00e9 dans un style frappant, est parfaite pour ajouter une touche festive et tropicale \u00e0 votre sapin de No\u00ebl.<\/p>\n","protected":false},"featured_media":13876,"template":"","meta":{"_acf_changed":false},"product_brand":[],"product_cat":[659],"product_tag":[530,646],"class_list":{"0":"post-35320","1":"product","2":"type-product","3":"status-publish","4":"has-post-thumbnail","6":"product_cat-boules-de-noel","7":"product_tag-animaux","8":"product_tag-noel","9":"pa_ciudad-mallorca","10":"pa_motivo-hippocampes","11":"pa_pais-espana","13":"first","14":"instock","15":"shipping-taxable","16":"product-type-simple"},"acf":[],"_links":{"self":[{"href":"https:\/\/olemosaic.com\/fr\/wp-json\/wp\/v2\/product\/35320","targetHints":{"allow":["GET"]}}],"collection":[{"href":"https:\/\/olemosaic.com\/fr\/wp-json\/wp\/v2\/product"}],"about":[{"href":"https:\/\/olemosaic.com\/fr\/wp-json\/wp\/v2\/types\/product"}],"wp:featuredmedia":[{"embeddable":true,"href":"https:\/\/olemosaic.com\/fr\/wp-json\/wp\/v2\/media\/13876"}],"wp:attachment":[{"href":"https:\/\/olemosaic.com\/fr\/wp-json\/wp\/v2\/media?parent=35320"}],"wp:term":[{"taxonomy":"product_brand","embeddable":true,"href":"https:\/\/olemosaic.com\/fr\/wp-json\/wp\/v2\/product_brand?post=35320"},{"taxonomy":"product_cat","embeddable":true,"href":"https:\/\/olemosaic.com\/fr\/wp-json\/wp\/v2\/product_cat?post=35320"},{"taxonomy":"product_tag","embeddable":true,"href":"https:\/\/olemosaic.com\/fr\/wp-json\/wp\/v2\/product_tag?post=35320"}],"curies":[{"name":"wp","href":"https:\/\/api.w.org\/{rel}","templated":true}]}}