{"id":35313,"date":"2025-02-20T22:37:14","date_gmt":"2025-02-20T22:37:14","guid":{"rendered":"http:\/\/olemosaic.com\/producto\/bola-de-navidad-con-caja-caballito-de-mar-lanzarote\/"},"modified":"2025-07-25T19:07:40","modified_gmt":"2025-07-25T17:07:40","slug":"boule-de-noel-avec-boite-hippocampe-lanzarote","status":"publish","type":"product","link":"https:\/\/olemosaic.com\/fr\/produit\/boule-de-noel-avec-boite-hippocampe-lanzarote\/","title":{"rendered":"Boule de No\u00ebl avec bo\u00eete. Hippocampe. Lanzarote."},"content":{"rendered":"<p>D\u00e9couvrez la charmante boule de No\u00ebl de Lanzarote, une pi\u00e8ce unique en c\u00e9ramique qui capture l&rsquo;essence des traditions canariennes. Cet ornement magnifique pr\u00e9sente un design vibrant d&rsquo;hippocampes, inspir\u00e9 par l&rsquo;art de la mosa\u00efque caract\u00e9ristique de l&rsquo;\u00eele. La palette de couleurs vives comprend des rouges intenses, des bleus frais et des verts joyeux, le tout sur un fond blanc qui rehausse chaque d\u00e9tail artistique. Cette boule n&rsquo;est pas seulement un splendide \u00e9l\u00e9ment d\u00e9coratif pour votre sapin de No\u00ebl, mais elle symbolise \u00e9galement la richesse culturelle de Lanzarote, o\u00f9 l&rsquo;art de la mosa\u00efque est un motif r\u00e9current dans son expression visuelle. La pi\u00e8ce est pr\u00e9sent\u00e9e de mani\u00e8re exquise dans une bo\u00eete \u00e9l\u00e9gante, ce qui en fait le cadeau parfait pour ces f\u00eates ou comme souvenir d&rsquo;un voyage inoubliable aux \u00eeles Canaries. En tant que souvenir, cette boule de No\u00ebl n&rsquo;orne pas seulement votre maison, mais elle encapsule \u00e9galement les merveilles de l&rsquo;art et de la nature canarienne, permettant aux touristes d&#8217;emporter un petit morceau de la magie de l&rsquo;\u00eele avec eux. Chez Ol\u00e9 Mosaic, nous nous sp\u00e9cialisons dans la distribution de souvenirs en gros, offrant des produits authentiques, id\u00e9aux pour ceux qui recherchent des souvenirs qui racontent des histoires, comme notre charmante boule de No\u00ebl de Lanzarote.<\/p>\n","protected":false},"excerpt":{"rendered":"<p>Boule de No\u00ebl \u00e9labor\u00e9e en c\u00e9ramique, d\u00e9cor\u00e9e d&rsquo;un design vibrant d&rsquo;hippocampes inspir\u00e9 par l&rsquo;art de la mosa\u00efque de Lanzarote. La pi\u00e8ce pr\u00e9sente une palette de couleurs vives avec des tons rouges, bleus et verts, sur un fond blanc qui fait ressortir les d\u00e9tails. Elle est compl\u00e9t\u00e9e par une bo\u00eete \u00e9l\u00e9gante, ce qui en fait le souvenir parfait des traditions canariennes, id\u00e9al pour orner votre sapin de No\u00ebl avec une touche de charme insulaire.<\/p>\n","protected":false},"featured_media":13875,"template":"","meta":{"_acf_changed":false},"product_brand":[],"product_cat":[659],"product_tag":[530,646],"class_list":{"0":"post-35313","1":"product","2":"type-product","3":"status-publish","4":"has-post-thumbnail","6":"product_cat-boules-de-noel","7":"product_tag-animaux","8":"product_tag-noel","9":"pa_ciudad-lanzarote","10":"pa_motivo-hippocampes","11":"pa_pais-espana","13":"first","14":"instock","15":"shipping-taxable","16":"product-type-simple"},"acf":[],"_links":{"self":[{"href":"https:\/\/olemosaic.com\/fr\/wp-json\/wp\/v2\/product\/35313","targetHints":{"allow":["GET"]}}],"collection":[{"href":"https:\/\/olemosaic.com\/fr\/wp-json\/wp\/v2\/product"}],"about":[{"href":"https:\/\/olemosaic.com\/fr\/wp-json\/wp\/v2\/types\/product"}],"wp:featuredmedia":[{"embeddable":true,"href":"https:\/\/olemosaic.com\/fr\/wp-json\/wp\/v2\/media\/13875"}],"wp:attachment":[{"href":"https:\/\/olemosaic.com\/fr\/wp-json\/wp\/v2\/media?parent=35313"}],"wp:term":[{"taxonomy":"product_brand","embeddable":true,"href":"https:\/\/olemosaic.com\/fr\/wp-json\/wp\/v2\/product_brand?post=35313"},{"taxonomy":"product_cat","embeddable":true,"href":"https:\/\/olemosaic.com\/fr\/wp-json\/wp\/v2\/product_cat?post=35313"},{"taxonomy":"product_tag","embeddable":true,"href":"https:\/\/olemosaic.com\/fr\/wp-json\/wp\/v2\/product_tag?post=35313"}],"curies":[{"name":"wp","href":"https:\/\/api.w.org\/{rel}","templated":true}]}}