{"id":35312,"date":"2025-02-20T22:37:14","date_gmt":"2025-02-20T22:37:14","guid":{"rendered":"http:\/\/olemosaic.com\/producto\/bola-de-navidad-con-caja-caballito-de-mar-gran-canaria\/"},"modified":"2025-07-25T19:18:13","modified_gmt":"2025-07-25T17:18:13","slug":"boule-de-noel-avec-boite-hippocampe-grande-canarie","status":"publish","type":"product","link":"https:\/\/olemosaic.com\/fr\/produit\/boule-de-noel-avec-boite-hippocampe-grande-canarie\/","title":{"rendered":"Boule de No\u00ebl avec bo\u00eete. Hippocampe. Grande Canarie."},"content":{"rendered":"<p>Cette boule de No\u00ebl, con\u00e7ue avec un hippocampe vibrant, est un hommage \u00e0 la majest\u00e9 de la Grande Canarie. Avec une finition en c\u00e9ramique \u00e9voquant le style trencad\u00eds, sa surface est orn\u00e9e d&rsquo;une explosion de couleurs : des tons bleus, rouges et jaunes exub\u00e9rants qui capturent l&rsquo;essence vibrante de cette belle \u00eele. Au centre de la boule, la phrase \u00ab Gran Canaria \u00bb se d\u00e9tache en lettres frappantes, ce qui en fait un souvenir authentique refl\u00e9tant la culture et le paysage canarien.<\/p>\n<p>L&rsquo;hippocampe, symbole de la vie marine entourant la Grande Canarie, est pr\u00e9sent\u00e9 avec un design artistique et d\u00e9taill\u00e9, o\u00f9 chaque \u00e9caille est mise en valeur avec ma\u00eetrise. Cette boule est bien plus qu&rsquo;un simple ornement ; c&rsquo;est une repr\u00e9sentation de la riche biodiversit\u00e9 et du patrimoine naturel de l&rsquo;archipel. Parfaitement emball\u00e9e dans une bo\u00eete \u00e9l\u00e9gante, elle devient une option id\u00e9ale pour illuminer votre sapin de No\u00ebl ou comme cadeau significatif pour vos amis et votre famille.<\/p>\n<p>Chez Ol\u00e9 Mosaic, nous sommes votre distributeur de souvenirs en gros, proposant des articles authentiques qui dialoguent avec la culture et la tradition de chaque r\u00e9gion. Cet ornement de No\u00ebl n&rsquo;est pas seulement un excellent souvenir de la Grande Canarie, mais aussi une pi\u00e8ce d\u00e9corative qui ajoute une touche festive \u00e0 n&rsquo;importe quel foyer.<\/p>\n","protected":false},"excerpt":{"rendered":"<p>Boule de No\u00ebl con\u00e7ue avec un hippocampe color\u00e9, inspir\u00e9e par la beaut\u00e9 de la Grande Canarie. Cet ornement, avec une finition en c\u00e9ramique \u00e9voquant le style trencad\u00eds, pr\u00e9sente des tons vibrants de bleu, rouge et jaune. Le mot \u00ab Gran Canaria \u00bb ressort au centre, ajoutant une touche authentique. Elle est livr\u00e9e parfaitement emball\u00e9e dans une bo\u00eete, ce qui la rend parfaite pour illuminer votre sapin de No\u00ebl et emporter un morceau de l&rsquo;archipel canarien chez vous.<\/p>\n","protected":false},"featured_media":13874,"template":"","meta":{"_acf_changed":false},"product_brand":[],"product_cat":[659],"product_tag":[530,646],"class_list":{"0":"post-35312","1":"product","2":"type-product","3":"status-publish","4":"has-post-thumbnail","6":"product_cat-boules-de-noel","7":"product_tag-animaux","8":"product_tag-noel","9":"pa_ciudad-gran-canaria","10":"pa_motivo-hippocampes","11":"pa_pais-espana","13":"first","14":"instock","15":"shipping-taxable","16":"product-type-simple"},"acf":[],"_links":{"self":[{"href":"https:\/\/olemosaic.com\/fr\/wp-json\/wp\/v2\/product\/35312","targetHints":{"allow":["GET"]}}],"collection":[{"href":"https:\/\/olemosaic.com\/fr\/wp-json\/wp\/v2\/product"}],"about":[{"href":"https:\/\/olemosaic.com\/fr\/wp-json\/wp\/v2\/types\/product"}],"wp:featuredmedia":[{"embeddable":true,"href":"https:\/\/olemosaic.com\/fr\/wp-json\/wp\/v2\/media\/13874"}],"wp:attachment":[{"href":"https:\/\/olemosaic.com\/fr\/wp-json\/wp\/v2\/media?parent=35312"}],"wp:term":[{"taxonomy":"product_brand","embeddable":true,"href":"https:\/\/olemosaic.com\/fr\/wp-json\/wp\/v2\/product_brand?post=35312"},{"taxonomy":"product_cat","embeddable":true,"href":"https:\/\/olemosaic.com\/fr\/wp-json\/wp\/v2\/product_cat?post=35312"},{"taxonomy":"product_tag","embeddable":true,"href":"https:\/\/olemosaic.com\/fr\/wp-json\/wp\/v2\/product_tag?post=35312"}],"curies":[{"name":"wp","href":"https:\/\/api.w.org\/{rel}","templated":true}]}}