{"id":35311,"date":"2025-02-20T23:37:13","date_gmt":"2025-02-20T22:37:13","guid":{"rendered":"http:\/\/olemosaic.com\/producto\/bola-de-navidad-con-caja-sagrada-familia-barcelona-4\/"},"modified":"2025-07-25T20:22:02","modified_gmt":"2025-07-25T18:22:02","slug":"boule-de-noel-avec-boite-ceramique-sagrada-familia-barcelone-4","status":"publish","type":"product","link":"https:\/\/olemosaic.com\/fr\/produit\/boule-de-noel-avec-boite-ceramique-sagrada-familia-barcelone-4\/","title":{"rendered":"Boule de No\u00ebl avec bo\u00eete. C\u00e9ramique. Sagrada Familia. Barcelone."},"content":{"rendered":"<p>Cette boule de No\u00ebl d\u00e9corative rend hommage \u00e0 l&#8217;embl\u00e9matique Sagrada Familia de Barcelone et est indispensable pour ceux qui souhaitent emporter un morceau de cette basilique iconique chez eux pendant les f\u00eates. Fabriqu\u00e9e en c\u00e9ramique de haute qualit\u00e9, cette boule pr\u00e9sente un design vibrant peint \u00e0 la main qui capture l&rsquo;essence architecturale de la Sagrada Familia avec ses couleurs distinctives, ses formes et ses d\u00e9tails inconfondibles. Le design inclut des \u00e9l\u00e9ments caract\u00e9ristiques du chef-d&rsquo;\u0153uvre d&rsquo;Antoni Gaud\u00ed, comme les tours s&rsquo;\u00e9levant vers le ciel, entour\u00e9es d&rsquo;une mosa\u00efque color\u00e9e \u00e9voquant la lumi\u00e8re et la cr\u00e9ativit\u00e9 de la ville.<\/p>\n<p>Avec un ruban rose, cette boule n&rsquo;est pas seulement une d\u00e9coration, mais un v\u00e9ritable symbole de la culture catalane qui pourra orner votre sapin de No\u00ebl chaque ann\u00e9e. De plus, elle est pr\u00e9sent\u00e9e dans une bo\u00eete \u00e9l\u00e9gante, ce qui en fait un cadeau id\u00e9al pour les amateurs d&rsquo;architecture et les touristes \u00e0 la recherche de souvenirs repr\u00e9sentatifs de Barcelone. Cette pi\u00e8ce ajoute non seulement une touche festive \u00e0 la maison, mais sert \u00e9galement de souvenir culturel significatif. Chez Ol\u00e9 Mosaic, nous nous engageons \u00e0 offrir des souvenirs authentiques et de qualit\u00e9 en gros, et cette boule de No\u00ebl est une parfaite repr\u00e9sentation de notre d\u00e9vouement \u00e0 l&rsquo;art et \u00e0 la tradition de la cit\u00e9 comtale. Une excellente option pour les boutiques de cadeaux touristiques recherchant des produits uniques et m\u00e9morables pour leurs clients.<\/p>\n","protected":false},"excerpt":{"rendered":"<p>Boule de No\u00ebl d\u00e9corative, pr\u00e9sent\u00e9e dans une bo\u00eete \u00e9l\u00e9gante, rendant hommage \u00e0 l&#8217;embl\u00e9matique Sagrada Familia de Barcelone. Cet ornement en c\u00e9ramique arbore un design artisanal vibrant, peint \u00e0 la main, montrant la c\u00e9l\u00e8bre basilique avec ses couleurs et formes architecturales distinctives. Le ruban robuste de couleur rose ajoute une touche festive, et la base aux motifs de mosa\u00efque rehausse son attrait visuel, en faisant le compl\u00e9ment parfait pour votre sapin de No\u00ebl.<\/p>\n","protected":false},"featured_media":13873,"template":"","meta":{"_acf_changed":false},"product_brand":[],"product_cat":[659],"product_tag":[646],"class_list":{"0":"post-35311","1":"product","2":"type-product","3":"status-publish","4":"has-post-thumbnail","6":"product_cat-boules-de-noel","7":"product_tag-noel","8":"pa_ciudad-barcelona","9":"pa_motivo-sagrada-familia","10":"pa_pais-espana","12":"first","13":"instock","14":"shipping-taxable","15":"product-type-simple"},"acf":[],"_links":{"self":[{"href":"https:\/\/olemosaic.com\/fr\/wp-json\/wp\/v2\/product\/35311","targetHints":{"allow":["GET"]}}],"collection":[{"href":"https:\/\/olemosaic.com\/fr\/wp-json\/wp\/v2\/product"}],"about":[{"href":"https:\/\/olemosaic.com\/fr\/wp-json\/wp\/v2\/types\/product"}],"wp:featuredmedia":[{"embeddable":true,"href":"https:\/\/olemosaic.com\/fr\/wp-json\/wp\/v2\/media\/13873"}],"wp:attachment":[{"href":"https:\/\/olemosaic.com\/fr\/wp-json\/wp\/v2\/media?parent=35311"}],"wp:term":[{"taxonomy":"product_brand","embeddable":true,"href":"https:\/\/olemosaic.com\/fr\/wp-json\/wp\/v2\/product_brand?post=35311"},{"taxonomy":"product_cat","embeddable":true,"href":"https:\/\/olemosaic.com\/fr\/wp-json\/wp\/v2\/product_cat?post=35311"},{"taxonomy":"product_tag","embeddable":true,"href":"https:\/\/olemosaic.com\/fr\/wp-json\/wp\/v2\/product_tag?post=35311"}],"curies":[{"name":"wp","href":"https:\/\/api.w.org\/{rel}","templated":true}]}}