{"id":35310,"date":"2025-02-20T23:37:13","date_gmt":"2025-02-20T22:37:13","guid":{"rendered":"http:\/\/olemosaic.com\/producto\/bola-de-navidad-con-caja-mosaico-tenerife-2\/"},"modified":"2025-07-25T19:29:40","modified_gmt":"2025-07-25T17:29:40","slug":"boule-de-noel-avec-boite-mosaique-tenerife-2","status":"publish","type":"product","link":"https:\/\/olemosaic.com\/fr\/produit\/boule-de-noel-avec-boite-mosaique-tenerife-2\/","title":{"rendered":"Boule de No\u00ebl avec bo\u00eete. Mosa\u00efque. Tenerife. Canaries."},"content":{"rendered":"<p>Cette boule de No\u00ebl d\u00e9corative est une pi\u00e8ce vibrante inspir\u00e9e de la riche culture de Tenerife, id\u00e9ale pour ajouter une touche festive \u00e0 votre sapin lors des c\u00e9l\u00e9brations de No\u00ebl. Avec un design captivant m\u00ealant des motifs g\u00e9om\u00e9triques dans des tons bleus, rouges et jaunes, cette boule, \u00e9labor\u00e9e avec art, \u00e9voque l&rsquo;essence des mosa\u00efques canariennes. Les pi\u00e8ces de c\u00e9ramique qui ornent les fa\u00e7ades de l&rsquo;\u00eele ont servi d&rsquo;inspiration pour cette cr\u00e9ation, et chaque couleur repr\u00e9sente une facette de la culture locale qui r\u00e9sonne avec l&rsquo;ambiance chaleureuse des festivit\u00e9s.<\/p>\n<p>Pr\u00e9sent\u00e9e dans une bo\u00eete \u00e9l\u00e9gante qui souligne son attrait, la boule comprend un ruban violet pour l&rsquo;accrocher, compl\u00e9tant parfaitement son esth\u00e9tique et apportant une touche de sophistication \u00e0 toute d\u00e9coration de No\u00ebl. En plus d&rsquo;\u00eatre un bel ornement, elle agit \u00e9galement comme un souvenir authentique de Tenerife, permettant aux touristes d&#8217;emporter un petit morceau de l&rsquo;\u00eele chez eux. Ce souvenir n&rsquo;est pas seulement un \u00e9l\u00e9ment d\u00e9coratif, mais une repr\u00e9sentation culturelle qui capture la joie et la chaleur des f\u00eates canariennes.<\/p>\n<p>Chez Ol\u00e9 Mosaic, notre engagement envers l&rsquo;authenticit\u00e9 et la qualit\u00e9 se manifeste dans chacun de nos produits. Cette boule de No\u00ebl aux motifs de mosa\u00efque est une excellente option pour les boutiques de cadeaux touristiques cherchant \u00e0 offrir des souvenirs uniques et repr\u00e9sentatifs, se consolidant comme un distributeur de souvenirs de qualit\u00e9, ax\u00e9 sur le riche h\u00e9ritage culturel de l&rsquo;Espagne.<\/p>\n","protected":false},"excerpt":{"rendered":"<p>Boule de No\u00ebl d\u00e9corative, id\u00e9ale pour apporter une touche festive \u00e0 votre sapin. Inspir\u00e9e par les mosa\u00efques vibrantes de Tenerife, cette boule pr\u00e9sente un design color\u00e9 combinant des motifs g\u00e9om\u00e9triques dans des tons bleus, rouges et jaunes, repr\u00e9sentant la riche culture canarienne. Elle est pr\u00e9sent\u00e9e dans une bo\u00eete \u00e9l\u00e9gante et comprend un ruban violet pour l&rsquo;accrocher, devenant la pi\u00e8ce parfaite pour se souvenir de la beaut\u00e9 de Tenerife pendant les c\u00e9l\u00e9brations de No\u00ebl.<\/p>\n","protected":false},"featured_media":13872,"template":"","meta":{"_acf_changed":false},"product_brand":[],"product_cat":[659],"product_tag":[646],"class_list":{"0":"post-35310","1":"product","2":"type-product","3":"status-publish","4":"has-post-thumbnail","6":"product_cat-boules-de-noel","7":"product_tag-noel","8":"pa_ciudad-tenerife","9":"pa_motivo-mosaique","10":"pa_pais-espana","12":"first","13":"instock","14":"shipping-taxable","15":"product-type-simple"},"acf":[],"_links":{"self":[{"href":"https:\/\/olemosaic.com\/fr\/wp-json\/wp\/v2\/product\/35310","targetHints":{"allow":["GET"]}}],"collection":[{"href":"https:\/\/olemosaic.com\/fr\/wp-json\/wp\/v2\/product"}],"about":[{"href":"https:\/\/olemosaic.com\/fr\/wp-json\/wp\/v2\/types\/product"}],"wp:featuredmedia":[{"embeddable":true,"href":"https:\/\/olemosaic.com\/fr\/wp-json\/wp\/v2\/media\/13872"}],"wp:attachment":[{"href":"https:\/\/olemosaic.com\/fr\/wp-json\/wp\/v2\/media?parent=35310"}],"wp:term":[{"taxonomy":"product_brand","embeddable":true,"href":"https:\/\/olemosaic.com\/fr\/wp-json\/wp\/v2\/product_brand?post=35310"},{"taxonomy":"product_cat","embeddable":true,"href":"https:\/\/olemosaic.com\/fr\/wp-json\/wp\/v2\/product_cat?post=35310"},{"taxonomy":"product_tag","embeddable":true,"href":"https:\/\/olemosaic.com\/fr\/wp-json\/wp\/v2\/product_tag?post=35310"}],"curies":[{"name":"wp","href":"https:\/\/api.w.org\/{rel}","templated":true}]}}