{"id":35293,"date":"2025-02-20T23:37:13","date_gmt":"2025-02-20T22:37:13","guid":{"rendered":"http:\/\/olemosaic.com\/producto\/bola-de-navidad-con-caja-mosaico-gran-canaria-2\/"},"modified":"2025-07-25T18:46:56","modified_gmt":"2025-07-25T16:46:56","slug":"boule-de-noel-avec-boite-mosaique-grande-canarie-2","status":"publish","type":"product","link":"https:\/\/olemosaic.com\/fr\/produit\/boule-de-noel-avec-boite-mosaique-grande-canarie-2\/","title":{"rendered":"Boule de No\u00ebl avec bo\u00eete. Mosa\u00efque. Motif G\u00e9om\u00e9trique. Grande Canarie."},"content":{"rendered":"<p>Ce charmant ornement de No\u00ebl, la Boule de No\u00ebl Mosa\u00efque de Grande Canarie, est une pi\u00e8ce unique qui \u00e9voque l&rsquo;essence color\u00e9e des \u00eeles Canaries. Son design rond se distingue par une explosion vibrante de couleurs, avec des rouges, bleus et jaunes intenses entrelac\u00e9s dans un motif g\u00e9om\u00e9trique distinctif qui refl\u00e8te le riche patrimoine culturel de la Grande Canarie. Fabriqu\u00e9e avec des mat\u00e9riaux de haute qualit\u00e9, cette boule n&rsquo;est pas seulement un ornement festif, mais une expression artistique qui rappelle les joyeuses traditions de la r\u00e9gion.<\/p>\n<p>La boule est pr\u00e9sent\u00e9e \u00e9l\u00e9gamment emball\u00e9e dans une bo\u00eete, ce qui en fait un cadeau id\u00e9al pour les festivit\u00e9s. Le ruban rose ajoute une touche festive et charmante, facilitant son placement sur le sapin de No\u00ebl. Ce souvenir ne sert pas seulement \u00e0 d\u00e9corer n&rsquo;importe quel espace pendant la saison de No\u00ebl, mais agit \u00e9galement comme un rappel des paysages vibrants et de la culture canarienne. Chez Ol\u00e9 Mosaic, nous nous sp\u00e9cialisons dans la distribution de souvenirs en gros, offrant des articles authentiques qui capturent l&rsquo;essence de leurs lieux d&rsquo;origine. La Boule de No\u00ebl de Grande Canarie est une excellente option pour les boutiques de cadeaux touristiques cherchant \u00e0 proposer des produits authentiques et pertinents \u00e0 chaque saison festive.<\/p>\n","protected":false},"excerpt":{"rendered":"<p>Boule de No\u00ebl d\u00e9corative refl\u00e9tant la mosa\u00efque vibrante de la Grande Canarie. Cet ornement attrayant, au design rond et \u00e9labor\u00e9 avec des mat\u00e9riaux de haute qualit\u00e9, pr\u00e9sente une explosion de couleurs comme le rouge, le bleu et le jaune, avec des motifs g\u00e9om\u00e9triques distinctifs. Comprend une bo\u00eete cadeau, et son ruban rose ajoute une touche festive. Id\u00e9ale pour orner le sapin et \u00e9voquer l&rsquo;esprit de No\u00ebl des \u00eeles Canaries.<\/p>\n","protected":false},"featured_media":13870,"template":"","meta":{"_acf_changed":false},"product_brand":[],"product_cat":[659],"product_tag":[646],"class_list":{"0":"post-35293","1":"product","2":"type-product","3":"status-publish","4":"has-post-thumbnail","6":"product_cat-boules-de-noel","7":"product_tag-noel","8":"pa_ciudad-gran-canaria","9":"pa_motivo-mosaique","10":"pa_pais-espana","12":"first","13":"instock","14":"shipping-taxable","15":"product-type-simple"},"acf":[],"_links":{"self":[{"href":"https:\/\/olemosaic.com\/fr\/wp-json\/wp\/v2\/product\/35293","targetHints":{"allow":["GET"]}}],"collection":[{"href":"https:\/\/olemosaic.com\/fr\/wp-json\/wp\/v2\/product"}],"about":[{"href":"https:\/\/olemosaic.com\/fr\/wp-json\/wp\/v2\/types\/product"}],"wp:featuredmedia":[{"embeddable":true,"href":"https:\/\/olemosaic.com\/fr\/wp-json\/wp\/v2\/media\/13870"}],"wp:attachment":[{"href":"https:\/\/olemosaic.com\/fr\/wp-json\/wp\/v2\/media?parent=35293"}],"wp:term":[{"taxonomy":"product_brand","embeddable":true,"href":"https:\/\/olemosaic.com\/fr\/wp-json\/wp\/v2\/product_brand?post=35293"},{"taxonomy":"product_cat","embeddable":true,"href":"https:\/\/olemosaic.com\/fr\/wp-json\/wp\/v2\/product_cat?post=35293"},{"taxonomy":"product_tag","embeddable":true,"href":"https:\/\/olemosaic.com\/fr\/wp-json\/wp\/v2\/product_tag?post=35293"}],"curies":[{"name":"wp","href":"https:\/\/api.w.org\/{rel}","templated":true}]}}