{"id":35292,"date":"2025-02-20T23:37:13","date_gmt":"2025-02-20T22:37:13","guid":{"rendered":"http:\/\/olemosaic.com\/producto\/bola-de-navidad-con-caja-sardinas-2\/"},"modified":"2025-07-25T19:40:24","modified_gmt":"2025-07-25T17:40:24","slug":"boule-de-noel-avec-boite-sardines-2","status":"publish","type":"product","link":"https:\/\/olemosaic.com\/fr\/produit\/boule-de-noel-avec-boite-sardines-2\/","title":{"rendered":"Boule de No\u00ebl avec bo\u00eete. Sardines. Azulejos portugais."},"content":{"rendered":"<p>Boule de No\u00ebl d\u00e9corative avec bo\u00eete. Inspir\u00e9e par la riche tradition de la p\u00eache portugaise, cet ornement unique est un symbole du folklore et de la culture locale. Fabriqu\u00e9e en c\u00e9ramique de haute qualit\u00e9, la boule pr\u00e9sente des motifs color\u00e9s de sardines, soigneusement peints sur un fond d&rsquo;azulejos bleus qui \u00e9voquent l&rsquo;esth\u00e9tique typique de la c\u00e9ramique portugaise. Les tons vifs de jaune, vert et rouge des sardines ressortent avec \u00e9l\u00e9gance, apportant une touche festive \u00e0 n&rsquo;importe quel sapin de No\u00ebl. Surmont\u00e9e d&rsquo;un d\u00e9licat n\u0153ud rose, cette boule n&rsquo;est pas seulement un ornement, mais une pi\u00e8ce qui raconte une histoire de tradition et de joie, en faisant un souvenir sp\u00e9cial pour les visiteurs qui souhaitent emporter un morceau du Portugal.<\/p>\n<p>Le design de cette boule de No\u00ebl renforce le lien avec la vie maritime du pays, un \u00e9l\u00e9ment fondamental de l&rsquo;h\u00e9ritage culturel portugais. Ce souvenir est parfait pour toute boutique de cadeaux touristiques souhaitant proposer des articles authentiques et significatifs. Chez Ol\u00e9 Mosaic, en tant que grossistes de souvenirs, nous nous assurons que nos produits sont repr\u00e9sentatifs de la culture et des traditions locales, faisant de cette boule un cadeau id\u00e9al pour ceux qui souhaitent c\u00e9l\u00e9brer No\u00ebl tout en gardant vivant le souvenir de leur voyage au Portugal.<\/p>\n","protected":false},"excerpt":{"rendered":"<p>Boule de No\u00ebl d\u00e9corative pr\u00e9sent\u00e9e dans une charmante bo\u00eete, inspir\u00e9e par la tradition de la p\u00eache \u00e0 la sardine. Cet ornement en c\u00e9ramique est d\u00e9cor\u00e9 de motifs color\u00e9s de sardines sur un fond d&rsquo;azulejos bleus, typiques du Portugal. La boule comprend un n\u0153ud rose, ce qui en fait une pi\u00e8ce \u00e9l\u00e9gante pour orner votre sapin de No\u00ebl, \u00e9voquant la culture et le folklore local. Parfaite pour offrir ou pour ajouter une touche festive et culturelle \u00e0 votre foyer.<\/p>\n","protected":false},"featured_media":9740,"template":"","meta":{"_acf_changed":false},"product_brand":[],"product_cat":[659],"product_tag":[530,646],"class_list":{"0":"post-35292","1":"product","2":"type-product","3":"status-publish","4":"has-post-thumbnail","6":"product_cat-boules-de-noel","7":"product_tag-animaux","8":"product_tag-noel","9":"pa_motivo-sardines","11":"first","12":"instock","13":"shipping-taxable","14":"product-type-simple"},"acf":[],"_links":{"self":[{"href":"https:\/\/olemosaic.com\/fr\/wp-json\/wp\/v2\/product\/35292","targetHints":{"allow":["GET"]}}],"collection":[{"href":"https:\/\/olemosaic.com\/fr\/wp-json\/wp\/v2\/product"}],"about":[{"href":"https:\/\/olemosaic.com\/fr\/wp-json\/wp\/v2\/types\/product"}],"wp:featuredmedia":[{"embeddable":true,"href":"https:\/\/olemosaic.com\/fr\/wp-json\/wp\/v2\/media\/9740"}],"wp:attachment":[{"href":"https:\/\/olemosaic.com\/fr\/wp-json\/wp\/v2\/media?parent=35292"}],"wp:term":[{"taxonomy":"product_brand","embeddable":true,"href":"https:\/\/olemosaic.com\/fr\/wp-json\/wp\/v2\/product_brand?post=35292"},{"taxonomy":"product_cat","embeddable":true,"href":"https:\/\/olemosaic.com\/fr\/wp-json\/wp\/v2\/product_cat?post=35292"},{"taxonomy":"product_tag","embeddable":true,"href":"https:\/\/olemosaic.com\/fr\/wp-json\/wp\/v2\/product_tag?post=35292"}],"curies":[{"name":"wp","href":"https:\/\/api.w.org\/{rel}","templated":true}]}}