{"id":35291,"date":"2025-02-20T23:37:13","date_gmt":"2025-02-20T22:37:13","guid":{"rendered":"http:\/\/olemosaic.com\/producto\/bola-de-navidad-con-caja-mosaico-mallorca-2\/"},"modified":"2025-07-25T18:55:00","modified_gmt":"2025-07-25T16:55:00","slug":"boule-de-noel-avec-boite-mosaique-majorque-2","status":"publish","type":"product","link":"https:\/\/olemosaic.com\/fr\/produit\/boule-de-noel-avec-boite-mosaique-majorque-2\/","title":{"rendered":"Boule de No\u00ebl avec bo\u00eete. Mosa\u00efque. \u00cele. Majorque."},"content":{"rendered":"<p>Cette boule de No\u00ebl d\u00e9corative est un charmant souvenir qui encapsule l&rsquo;essence vibrante de Majorque dans une pr\u00e9sentation \u00e9l\u00e9gante. Avec un design circulaire qui se distingue par ses motifs g\u00e9om\u00e9triques color\u00e9s dans des tons bleus, oranges et jaunes, cet ornement capture la tradition culturelle et artistique de l&rsquo;\u00eele. Le design s&rsquo;inspire des c\u00e9l\u00e8bres mosa\u00efques majorquines, une repr\u00e9sentation iconique de l&rsquo;h\u00e9ritage local qui ajoute une touche festive \u00e0 n&rsquo;importe quel sapin de No\u00ebl. Au centre, le mot \u00ab\u00a0MALLORCA\u00a0\u00bb est affich\u00e9 avec un style frappant, soulignant la provenance de ce pr\u00e9cieux souvenir.<\/p>\n<p>La boule est orn\u00e9e d&rsquo;un d\u00e9licat n\u0153ud violet qui apporte non seulement une touche festive, mais facilite \u00e9galement son installation sur le sapin. De plus, cette boule de No\u00ebl est pr\u00e9sent\u00e9e dans une bo\u00eete \u00e9l\u00e9gante, ce qui en fait un cadeau parfait pour les amis et la famille, ou une option id\u00e9ale pour se d\u00e9marquer dans les boutiques de cadeaux touristiques.<\/p>\n<p>Chez Ol\u00e9 Mosaic, nous sommes fiers de proposer des souvenirs authentiques qui refl\u00e8tent la culture m\u00e9diterran\u00e9enne. La boule de No\u00ebl n&rsquo;est pas seulement un ornement charmant, mais aussi un symbole de la riche tradition de Majorque, constituant un souvenir significatif pour les touristes. En tant que grossiste sp\u00e9cialis\u00e9 en souvenirs, nous garantissons la qualit\u00e9 et l&rsquo;originalit\u00e9 de tous nos produits, les rendant parfaits pour toute entreprise souhaitant int\u00e9grer une touche de culture espagnole dans son offre.<\/p>\n","protected":false},"excerpt":{"rendered":"<p>Boule de No\u00ebl d\u00e9corative pr\u00e9sent\u00e9e dans une \u00e9l\u00e9gante bo\u00eete, inspir\u00e9e des mosa\u00efques vibrantes de Majorque. Cet ornement circulaire pr\u00e9sente un design aux motifs g\u00e9om\u00e9triques color\u00e9s dans des tons bleus, oranges et jaunes, \u00e9voquant la tradition culturelle de l&rsquo;\u00eele. Au centre, le mot \u00ab\u00a0MALLORCA\u00a0\u00bb se distingue par une typographie frappante, et un n\u0153ud violet ajoute une touche festive. Parfaite pour ajouter une touche m\u00e9diterran\u00e9enne \u00e0 votre sapin de No\u00ebl.<\/p>\n","protected":false},"featured_media":13869,"template":"","meta":{"_acf_changed":false},"product_brand":[],"product_cat":[659],"product_tag":[646],"class_list":{"0":"post-35291","1":"product","2":"type-product","3":"status-publish","4":"has-post-thumbnail","6":"product_cat-boules-de-noel","7":"product_tag-noel","8":"pa_ciudad-mallorca","9":"pa_motivo-mosaique","10":"pa_pais-espana","12":"first","13":"instock","14":"shipping-taxable","15":"product-type-simple"},"acf":[],"_links":{"self":[{"href":"https:\/\/olemosaic.com\/fr\/wp-json\/wp\/v2\/product\/35291","targetHints":{"allow":["GET"]}}],"collection":[{"href":"https:\/\/olemosaic.com\/fr\/wp-json\/wp\/v2\/product"}],"about":[{"href":"https:\/\/olemosaic.com\/fr\/wp-json\/wp\/v2\/types\/product"}],"wp:featuredmedia":[{"embeddable":true,"href":"https:\/\/olemosaic.com\/fr\/wp-json\/wp\/v2\/media\/13869"}],"wp:attachment":[{"href":"https:\/\/olemosaic.com\/fr\/wp-json\/wp\/v2\/media?parent=35291"}],"wp:term":[{"taxonomy":"product_brand","embeddable":true,"href":"https:\/\/olemosaic.com\/fr\/wp-json\/wp\/v2\/product_brand?post=35291"},{"taxonomy":"product_cat","embeddable":true,"href":"https:\/\/olemosaic.com\/fr\/wp-json\/wp\/v2\/product_cat?post=35291"},{"taxonomy":"product_tag","embeddable":true,"href":"https:\/\/olemosaic.com\/fr\/wp-json\/wp\/v2\/product_tag?post=35291"}],"curies":[{"name":"wp","href":"https:\/\/api.w.org\/{rel}","templated":true}]}}