{"id":35290,"date":"2025-02-20T23:37:12","date_gmt":"2025-02-20T22:37:12","guid":{"rendered":"http:\/\/olemosaic.com\/producto\/bola-de-navidad-con-caja-mosaico-fuerteventura-2\/"},"modified":"2025-07-25T20:07:19","modified_gmt":"2025-07-25T18:07:19","slug":"boule-de-noel-avec-boite-mosaique-fuerteventura-2","status":"publish","type":"product","link":"https:\/\/olemosaic.com\/fr\/produit\/boule-de-noel-avec-boite-mosaique-fuerteventura-2\/","title":{"rendered":"Boule de No\u00ebl avec bo\u00eete. Mosa\u00efque. Fuerteventura. Canaries."},"content":{"rendered":"<p>Cette boule de No\u00ebl d\u00e9corative, inspir\u00e9e des mosa\u00efques vibrantes de Fuerteventura, est un cadeau festif incontournable pour votre collection de No\u00ebl. Pr\u00e9sent\u00e9e dans une \u00e9l\u00e9gante bo\u00eete, cet ornement est fabriqu\u00e9 dans un mat\u00e9riau r\u00e9sistant, garantissant sa durabilit\u00e9 et sa beaut\u00e9 pendant des ann\u00e9es. La boule pr\u00e9sente une \u00e9tonnante vari\u00e9t\u00e9 de couleurs \u00e9clatantes, telles que le rouge, le bleu et le jaune, combin\u00e9es de mani\u00e8re harmonieuse, avec des motifs g\u00e9om\u00e9triques \u00e9voquant l&rsquo;art canarien, c\u00e9l\u00e8bre pour son riche h\u00e9ritage culturel et traditionnel.<\/p>\n<p>Le design inclut l&rsquo;inscription \u00ab\u00a0Fuerteventura\u00a0\u00bb dans une typographie noire frappante, qui apporte une touche distinctive et personnelle \u00e0 ce souvenir. Chaque d\u00e9tail de la boule refl\u00e8te l&rsquo;essence de l&rsquo;\u00eele, o\u00f9 l&rsquo;art de la mosa\u00efque joue un r\u00f4le fondamental dans l&rsquo;identit\u00e9 visuelle locale. En l&rsquo;accrochant \u00e0 votre sapin de No\u00ebl, elle apportera un air de f\u00eate qui rappellera les traditions et la beaut\u00e9 naturelle de cette destination touristique.<\/p>\n<p>Parfaite pour ceux qui recherchent des souvenirs authentiques et culturellement pertinents, cette boule de No\u00ebl est une excellente option pour les boutiques de cadeaux touristiques. Chez Ol\u00e9 Mosaic, nous disposons d&rsquo;une large vari\u00e9t\u00e9 de d\u00e9corations de No\u00ebl en gros, assurant la qualit\u00e9 et le design que vos clients recherchent. Les souvenirs de Fuerteventura ne d\u00e9coreront pas seulement, mais ils ch\u00e9riront \u00e9galement des souvenirs durables de f\u00eates inoubliables.<\/p>\n","protected":false},"excerpt":{"rendered":"<p>Boule de No\u00ebl d\u00e9corative pr\u00e9sent\u00e9e dans une \u00e9l\u00e9gante bo\u00eete, inspir\u00e9e des mosa\u00efques vibrantes de Fuerteventura. Cet ornement, fait d&rsquo;un mat\u00e9riau r\u00e9sistant, affiche une vari\u00e9t\u00e9 de couleurs \u00e9clatantes, comme le rouge, le bleu et le jaune, avec des motifs g\u00e9om\u00e9triques \u00e9voquant le style artistique canarien. L&rsquo;inscription \u00ab\u00a0Fuerteventura\u00a0\u00bb, dans une typographie noire frappante, lui donne une touche distinctive. Id\u00e9ale pour ajouter un air festif et culturel \u00e0 votre sapin de No\u00ebl.<\/p>\n","protected":false},"featured_media":13868,"template":"","meta":{"_acf_changed":false},"product_brand":[],"product_cat":[659],"product_tag":[646],"class_list":{"0":"post-35290","1":"product","2":"type-product","3":"status-publish","4":"has-post-thumbnail","6":"product_cat-boules-de-noel","7":"product_tag-noel","8":"pa_ciudad-fuerteventura","9":"pa_motivo-mosaique","10":"pa_pais-espana","12":"first","13":"instock","14":"shipping-taxable","15":"product-type-simple"},"acf":[],"_links":{"self":[{"href":"https:\/\/olemosaic.com\/fr\/wp-json\/wp\/v2\/product\/35290","targetHints":{"allow":["GET"]}}],"collection":[{"href":"https:\/\/olemosaic.com\/fr\/wp-json\/wp\/v2\/product"}],"about":[{"href":"https:\/\/olemosaic.com\/fr\/wp-json\/wp\/v2\/types\/product"}],"wp:featuredmedia":[{"embeddable":true,"href":"https:\/\/olemosaic.com\/fr\/wp-json\/wp\/v2\/media\/13868"}],"wp:attachment":[{"href":"https:\/\/olemosaic.com\/fr\/wp-json\/wp\/v2\/media?parent=35290"}],"wp:term":[{"taxonomy":"product_brand","embeddable":true,"href":"https:\/\/olemosaic.com\/fr\/wp-json\/wp\/v2\/product_brand?post=35290"},{"taxonomy":"product_cat","embeddable":true,"href":"https:\/\/olemosaic.com\/fr\/wp-json\/wp\/v2\/product_cat?post=35290"},{"taxonomy":"product_tag","embeddable":true,"href":"https:\/\/olemosaic.com\/fr\/wp-json\/wp\/v2\/product_tag?post=35290"}],"curies":[{"name":"wp","href":"https:\/\/api.w.org\/{rel}","templated":true}]}}