{"id":35289,"date":"2025-02-20T22:37:12","date_gmt":"2025-02-20T22:37:12","guid":{"rendered":"http:\/\/olemosaic.com\/producto\/bola-de-navidad-con-caja-tortugas-mallorca\/"},"modified":"2025-07-25T19:35:25","modified_gmt":"2025-07-25T17:35:25","slug":"boule-de-noel-avec-boite-tortues-majorque","status":"publish","type":"product","link":"https:\/\/olemosaic.com\/fr\/produit\/boule-de-noel-avec-boite-tortues-majorque\/","title":{"rendered":"Boule de No\u00ebl avec bo\u00eete. Tortues. Majorque."},"content":{"rendered":"<p>Cette boule de No\u00ebl d\u00e9corative est un v\u00e9ritable symbole de la beaut\u00e9 naturelle de Majorque, pr\u00e9sent\u00e9e dans une \u00e9l\u00e9gante bo\u00eete qui en fait un cadeau id\u00e9al. L&rsquo;ornement sph\u00e9rique se distingue par ses couleurs vibrantes, avec de charmantes tortues marines nageant sur un fond bleu dynamique, \u00e9voquant les eaux cristallines de la M\u00e9diterran\u00e9e. Les motifs de corail et d&rsquo;autres esp\u00e8ces marines compl\u00e8tent le design, offrant une c\u00e9l\u00e9bration de la riche biodiversit\u00e9 qui caract\u00e9rise cette \u00eele spectaculaire.<\/p>\n<p>Le design ludique et le n\u0153ud rose ajoutent une touche charmante \u00e0 la pi\u00e8ce, en faisant un ornement parfait pour n&rsquo;importe quel sapin de No\u00ebl. Chaque d\u00e9tail de cette boule a \u00e9t\u00e9 soigneusement \u00e9labor\u00e9 pour refl\u00e9ter la chaleur et la joie des f\u00eates, transformant ce souvenir en un rappel unique de votre visite \u00e0 Majorque. Cet objet n&rsquo;est pas seulement un ajout festif \u00e0 la d\u00e9coration de No\u00ebl, mais il capture \u00e9galement l&rsquo;essence de l&rsquo;esprit majorquin, repr\u00e9sentant le folklore local et son lien avec la mer.<\/p>\n<p>Chez Ol\u00e9 Mosaic, nous nous sp\u00e9cialisons dans la distribution de souvenirs en gros, et cette boule de No\u00ebl est une option attrayante pour les boutiques de cadeaux touristiques cherchant \u00e0 proposer des articles authentiques et de qualit\u00e9. La Boule de No\u00ebl avec tortues de Majorque est un cadeau parfait qui allie beaut\u00e9, art et culture, id\u00e9al pour ceux qui recherchent une pi\u00e8ce distinctive et significative de leur voyage.<\/p>\n","protected":false},"excerpt":{"rendered":"<p>Boule de No\u00ebl d\u00e9corative pr\u00e9sent\u00e9e dans une \u00e9l\u00e9gante bo\u00eete, inspir\u00e9e par la beaut\u00e9 naturelle de Majorque. Cet ornement sph\u00e9rique est illustr\u00e9 de tortues marines aux couleurs vibrantes sur un fond bleu \u00e9voquant les eaux de la M\u00e9diterran\u00e9e. Des motifs de corail et des \u00e9l\u00e9ments marins compl\u00e8tent le design, offrant une touche joyeuse et festive. Le n\u0153ud rose ajoute un d\u00e9tail charmant, id\u00e9al pour orner n&rsquo;importe quel sapin de No\u00ebl.<\/p>\n","protected":false},"featured_media":13867,"template":"","meta":{"_acf_changed":false},"product_brand":[],"product_cat":[659],"product_tag":[530,646],"class_list":{"0":"post-35289","1":"product","2":"type-product","3":"status-publish","4":"has-post-thumbnail","6":"product_cat-boules-de-noel","7":"product_tag-animaux","8":"product_tag-noel","9":"pa_ciudad-mallorca","10":"pa_motivo-tortues","11":"pa_pais-espana","13":"first","14":"instock","15":"shipping-taxable","16":"product-type-simple"},"acf":[],"_links":{"self":[{"href":"https:\/\/olemosaic.com\/fr\/wp-json\/wp\/v2\/product\/35289","targetHints":{"allow":["GET"]}}],"collection":[{"href":"https:\/\/olemosaic.com\/fr\/wp-json\/wp\/v2\/product"}],"about":[{"href":"https:\/\/olemosaic.com\/fr\/wp-json\/wp\/v2\/types\/product"}],"wp:featuredmedia":[{"embeddable":true,"href":"https:\/\/olemosaic.com\/fr\/wp-json\/wp\/v2\/media\/13867"}],"wp:attachment":[{"href":"https:\/\/olemosaic.com\/fr\/wp-json\/wp\/v2\/media?parent=35289"}],"wp:term":[{"taxonomy":"product_brand","embeddable":true,"href":"https:\/\/olemosaic.com\/fr\/wp-json\/wp\/v2\/product_brand?post=35289"},{"taxonomy":"product_cat","embeddable":true,"href":"https:\/\/olemosaic.com\/fr\/wp-json\/wp\/v2\/product_cat?post=35289"},{"taxonomy":"product_tag","embeddable":true,"href":"https:\/\/olemosaic.com\/fr\/wp-json\/wp\/v2\/product_tag?post=35289"}],"curies":[{"name":"wp","href":"https:\/\/api.w.org\/{rel}","templated":true}]}}