{"id":35283,"date":"2025-02-20T22:37:12","date_gmt":"2025-02-20T22:37:12","guid":{"rendered":"http:\/\/olemosaic.com\/producto\/bola-de-navidad-con-caja-caballito-de-mar-fuerteventura\/"},"modified":"2025-07-25T18:47:06","modified_gmt":"2025-07-25T16:47:06","slug":"boule-de-noel-avec-boite-hippocampe-fuerteventura","status":"publish","type":"product","link":"https:\/\/olemosaic.com\/fr\/produit\/boule-de-noel-avec-boite-hippocampe-fuerteventura\/","title":{"rendered":"Boule de No\u00ebl avec bo\u00eete. Hippocampe. Fuerteventura."},"content":{"rendered":"<p>Boule de No\u00ebl d\u00e9corative inspir\u00e9e par la mer de Fuerteventura. Cet ornement de No\u00ebl charmant, \u00e9l\u00e9gamment pr\u00e9sent\u00e9 dans une bo\u00eete, capture l&rsquo;essence vibrante des \u00eeles Canaries \u00e0 travers son design color\u00e9. La boule pr\u00e9sente de joyeux hippocampes dans les tons rouge, bleu et vert, nageant sur un fond de trencad\u00eds, qui \u00e9voque la c\u00e9l\u00e8bre c\u00e9ramique traditionnelle canarienne, une fusion unique d&rsquo;art et de nature. Le nom \u00ab\u00a0Fuerteventura\u00a0\u00bb se d\u00e9tache de mani\u00e8re pro\u00e9minente sur la sph\u00e8re, ajoutant une touche festive et culturelle \u00e0 la d\u00e9coration de No\u00ebl.<\/p>\n<p>Ce souvenir n&rsquo;est pas seulement un bel ajout au sapin de No\u00ebl, mais aussi un symbole de la riche biodiversit\u00e9 marine de la r\u00e9gion, repr\u00e9sentant la vie des eaux cristallines de Fuerteventura. Les hippocampes symbolisent l&rsquo;harmonie et la beaut\u00e9 sous-marine. Chez Ol\u00e9 Mosaic, grossistes de souvenirs authentiques c\u00e9l\u00e9brant la culture et les traditions de l&rsquo;Espagne, cette boule de No\u00ebl est un choix id\u00e9al pour les touristes \u00e0 la recherche d&rsquo;un souvenir authentique et repr\u00e9sentatif. Parfait pour les boutiques de cadeaux touristiques, cet ornement est un excellent moyen de ramener un morceau de Fuerteventura chez soi, favorisant le lien culturel entre la saison de No\u00ebl et la beaut\u00e9 naturelle des \u00eeles.<\/p>\n","protected":false},"excerpt":{"rendered":"<p>Boule de No\u00ebl d\u00e9corative pr\u00e9sent\u00e9e dans une bo\u00eete \u00e9l\u00e9gante, inspir\u00e9e par la mer de Fuerteventura. Cet ornement arbore un design color\u00e9 avec de charmants hippocampes dans les tons rouge, bleu et vert, sur un fond de trencad\u00eds \u00e9voquant la c\u00e9ramique traditionnelle canarienne. La pi\u00e8ce est compl\u00e9t\u00e9e par un ruban violet et met en avant le nom \u00ab\u00a0Fuerteventura\u00a0\u00bb de mani\u00e8re pro\u00e9minente, ajoutant une touche festive et culturelle \u00e0 votre d\u00e9coration de No\u00ebl.<\/p>\n","protected":false},"featured_media":13866,"template":"","meta":{"_acf_changed":false},"product_brand":[],"product_cat":[659],"product_tag":[530,646],"class_list":{"0":"post-35283","1":"product","2":"type-product","3":"status-publish","4":"has-post-thumbnail","6":"product_cat-boules-de-noel","7":"product_tag-animaux","8":"product_tag-noel","9":"pa_ciudad-fuerteventura","10":"pa_motivo-hippocampes","11":"pa_pais-espana","13":"first","14":"instock","15":"shipping-taxable","16":"product-type-simple"},"acf":[],"_links":{"self":[{"href":"https:\/\/olemosaic.com\/fr\/wp-json\/wp\/v2\/product\/35283","targetHints":{"allow":["GET"]}}],"collection":[{"href":"https:\/\/olemosaic.com\/fr\/wp-json\/wp\/v2\/product"}],"about":[{"href":"https:\/\/olemosaic.com\/fr\/wp-json\/wp\/v2\/types\/product"}],"wp:featuredmedia":[{"embeddable":true,"href":"https:\/\/olemosaic.com\/fr\/wp-json\/wp\/v2\/media\/13866"}],"wp:attachment":[{"href":"https:\/\/olemosaic.com\/fr\/wp-json\/wp\/v2\/media?parent=35283"}],"wp:term":[{"taxonomy":"product_brand","embeddable":true,"href":"https:\/\/olemosaic.com\/fr\/wp-json\/wp\/v2\/product_brand?post=35283"},{"taxonomy":"product_cat","embeddable":true,"href":"https:\/\/olemosaic.com\/fr\/wp-json\/wp\/v2\/product_cat?post=35283"},{"taxonomy":"product_tag","embeddable":true,"href":"https:\/\/olemosaic.com\/fr\/wp-json\/wp\/v2\/product_tag?post=35283"}],"curies":[{"name":"wp","href":"https:\/\/api.w.org\/{rel}","templated":true}]}}