{"id":35281,"date":"2025-02-20T22:37:12","date_gmt":"2025-02-20T22:37:12","guid":{"rendered":"http:\/\/olemosaic.com\/producto\/bola-de-navidad-con-caja-mosaico-mallorca\/"},"modified":"2025-07-25T19:55:37","modified_gmt":"2025-07-25T17:55:37","slug":"boule-de-noel-avec-boite-mosaique-majorque","status":"publish","type":"product","link":"https:\/\/olemosaic.com\/fr\/produit\/boule-de-noel-avec-boite-mosaique-majorque\/","title":{"rendered":"Boule de No\u00ebl avec bo\u00eete. Mosa\u00efque. Majorque."},"content":{"rendered":"<p>Cette boule de No\u00ebl d\u00e9corative est un hommage vibrant \u00e0 la mosa\u00efque color\u00e9e de Majorque, con\u00e7ue pour rehausser la magie de la saison festive. Pr\u00e9sent\u00e9e dans une bo\u00eete \u00e9l\u00e9gante, cette d\u00e9coration capture l&rsquo;essence de l&rsquo;art m\u00e9diterran\u00e9en \u00e0 travers son design complexe. Sa surface est orn\u00e9e d&rsquo;une vari\u00e9t\u00e9 de motifs g\u00e9om\u00e9triques et floraux, dans une large gamme de tons bleus, rouges et jaunes, qui refl\u00e8tent la lumi\u00e8re chaude du soleil bal\u00e9are et sa riche tradition artistique. Fabriqu\u00e9e dans un mat\u00e9riau r\u00e9sistant, chaque d\u00e9tail est m\u00e9ticuleusement repr\u00e9sent\u00e9, garantissant que chaque boule soit, en plus d&rsquo;\u00eatre belle, durable et parfaite pour une utilisation sur plusieurs saisons.<\/p>\n<p>Cet ornement n&#8217;embellit pas seulement le sapin de No\u00ebl, il repr\u00e9sente \u00e9galement un fragment de l&rsquo;h\u00e9ritage culturel de Majorque, faisant de cette boule un souvenir id\u00e9al pour ceux qui cherchent \u00e0 ramener chez eux un souvenir de leur voyage. Avec son attrait visuel et son lien culturel, c&rsquo;est une excellente option pour les boutiques de cadeaux touristiques souhaitant offrir \u00e0 leurs clients des souvenirs authentiques et m\u00e9morables. Chez Ol\u00e9 Mosaic, notre engagement est de proposer des produits de qualit\u00e9 en gros, et cette boule de No\u00ebl est une excellente fa\u00e7on de partager l&rsquo;esprit festif de Majorque.<\/p>\n","protected":false},"excerpt":{"rendered":"<p>Boule de No\u00ebl d\u00e9corative pr\u00e9sent\u00e9e dans une bo\u00eete \u00e9l\u00e9gante, inspir\u00e9e de la mosa\u00efque color\u00e9e de Majorque. Cet ornement distinctif se distingue par son design vibrant, combinant une vari\u00e9t\u00e9 de motifs g\u00e9om\u00e9triques et floraux dans les tons bleus, rouges et jaunes. Fabriqu\u00e9e avec un mat\u00e9riau r\u00e9sistant, chaque d\u00e9tail est soigneusement repr\u00e9sent\u00e9, \u00e9voquant la riche tradition artistique de la r\u00e9gion. Parfaite pour ajouter une touche festive et culturelle \u00e0 votre sapin de No\u00ebl.<\/p>\n","protected":false},"featured_media":13864,"template":"","meta":{"_acf_changed":false},"product_brand":[],"product_cat":[659],"product_tag":[646],"class_list":{"0":"post-35281","1":"product","2":"type-product","3":"status-publish","4":"has-post-thumbnail","6":"product_cat-boules-de-noel","7":"product_tag-noel","8":"pa_ciudad-mallorca","9":"pa_motivo-mosaique","10":"pa_pais-espana","12":"first","13":"instock","14":"shipping-taxable","15":"product-type-simple"},"acf":[],"_links":{"self":[{"href":"https:\/\/olemosaic.com\/fr\/wp-json\/wp\/v2\/product\/35281","targetHints":{"allow":["GET"]}}],"collection":[{"href":"https:\/\/olemosaic.com\/fr\/wp-json\/wp\/v2\/product"}],"about":[{"href":"https:\/\/olemosaic.com\/fr\/wp-json\/wp\/v2\/types\/product"}],"wp:featuredmedia":[{"embeddable":true,"href":"https:\/\/olemosaic.com\/fr\/wp-json\/wp\/v2\/media\/13864"}],"wp:attachment":[{"href":"https:\/\/olemosaic.com\/fr\/wp-json\/wp\/v2\/media?parent=35281"}],"wp:term":[{"taxonomy":"product_brand","embeddable":true,"href":"https:\/\/olemosaic.com\/fr\/wp-json\/wp\/v2\/product_brand?post=35281"},{"taxonomy":"product_cat","embeddable":true,"href":"https:\/\/olemosaic.com\/fr\/wp-json\/wp\/v2\/product_cat?post=35281"},{"taxonomy":"product_tag","embeddable":true,"href":"https:\/\/olemosaic.com\/fr\/wp-json\/wp\/v2\/product_tag?post=35281"}],"curies":[{"name":"wp","href":"https:\/\/api.w.org\/{rel}","templated":true}]}}