{"id":35280,"date":"2025-02-20T22:37:12","date_gmt":"2025-02-20T22:37:12","guid":{"rendered":"http:\/\/olemosaic.com\/producto\/bola-de-navidad-con-caja-mosaico-gran-canaria\/"},"modified":"2025-07-25T19:42:57","modified_gmt":"2025-07-25T17:42:57","slug":"boule-de-noel-avec-boite-mosaique-grande-canarie","status":"publish","type":"product","link":"https:\/\/olemosaic.com\/fr\/produit\/boule-de-noel-avec-boite-mosaique-grande-canarie\/","title":{"rendered":"Boule de No\u00ebl avec bo\u00eete. Mosa\u00efque. Grande Canarie."},"content":{"rendered":"<p>D\u00e9couvrez la boule de No\u00ebl d\u00e9corative \u00ab\u00a0Grande Canarie\u00a0\u00bb, un ornement charmant qui capture l&rsquo;essence des traditions color\u00e9es des Canaries. Pr\u00e9sent\u00e9e dans une \u00e9l\u00e9gante bo\u00eete, cette boule s&rsquo;inspire des mosa\u00efques vibrantes de Grande Canarie, connues pour leur riche h\u00e9ritage culturel et leur impressionnante diversit\u00e9 artistique. Son design affiche une explosion de couleurs vives, avec une pr\u00e9dominance de tons bleus, oranges et blancs, dispos\u00e9s selon un motif g\u00e9om\u00e9trique rappelant les carreaux complexes qui ornent de nombreux \u00e9difices locaux, cr\u00e9ant un lien entre le produit et son origine.<\/p>\n<p>La boule comprend un ruban rouge qui, en plus d&rsquo;apporter une touche festive, permet de l&rsquo;accrocher facilement au sapin de No\u00ebl ou dans n&rsquo;importe quel coin d\u00e9coratif de la maison. Cet ornement n&rsquo;est pas seulement une pi\u00e8ce esth\u00e9tique, mais aussi un symbole des festivit\u00e9s canariennes, parfait pour ceux qui souhaitent apporter un petit morceau de Grande Canarie \u00e0 leurs c\u00e9l\u00e9brations. Chez Ol\u00e9 Mosaic, nous distribuons des souvenirs authentiques, et cette boule de No\u00ebl est un excellent choix pour les boutiques de cadeaux touristiques cherchant \u00e0 proposer des produits mettant en valeur la culture locale. Id\u00e9ale comme souvenir de Grande Canarie, cette boule garantit un souvenir unique et joyeux de votre visite dans les \u00eeles.<\/p>\n","protected":false},"excerpt":{"rendered":"<p>Boule de No\u00ebl d\u00e9corative pr\u00e9sent\u00e9e dans une jolie bo\u00eete, inspir\u00e9e des mosa\u00efques color\u00e9es de Grande Canarie. Cet ornement pr\u00e9sente un design vibrant, avec des motifs g\u00e9om\u00e9triques dans les tons bleus, oranges et blancs, \u00e9voquant le riche h\u00e9ritage culturel des \u00eeles Canaries. La boule comprend un ruban rouge pour l&rsquo;accrocher facilement, offrant une mani\u00e8re festive et artistique de se souvenir de la beaut\u00e9 de Grande Canarie pendant les c\u00e9l\u00e9brations de No\u00ebl.<\/p>\n","protected":false},"featured_media":13863,"template":"","meta":{"_acf_changed":false},"product_brand":[],"product_cat":[659],"product_tag":[646],"class_list":{"0":"post-35280","1":"product","2":"type-product","3":"status-publish","4":"has-post-thumbnail","6":"product_cat-boules-de-noel","7":"product_tag-noel","8":"pa_ciudad-gran-canaria","9":"pa_motivo-mosaique","10":"pa_pais-espana","12":"first","13":"instock","14":"shipping-taxable","15":"product-type-simple"},"acf":[],"_links":{"self":[{"href":"https:\/\/olemosaic.com\/fr\/wp-json\/wp\/v2\/product\/35280","targetHints":{"allow":["GET"]}}],"collection":[{"href":"https:\/\/olemosaic.com\/fr\/wp-json\/wp\/v2\/product"}],"about":[{"href":"https:\/\/olemosaic.com\/fr\/wp-json\/wp\/v2\/types\/product"}],"wp:featuredmedia":[{"embeddable":true,"href":"https:\/\/olemosaic.com\/fr\/wp-json\/wp\/v2\/media\/13863"}],"wp:attachment":[{"href":"https:\/\/olemosaic.com\/fr\/wp-json\/wp\/v2\/media?parent=35280"}],"wp:term":[{"taxonomy":"product_brand","embeddable":true,"href":"https:\/\/olemosaic.com\/fr\/wp-json\/wp\/v2\/product_brand?post=35280"},{"taxonomy":"product_cat","embeddable":true,"href":"https:\/\/olemosaic.com\/fr\/wp-json\/wp\/v2\/product_cat?post=35280"},{"taxonomy":"product_tag","embeddable":true,"href":"https:\/\/olemosaic.com\/fr\/wp-json\/wp\/v2\/product_tag?post=35280"}],"curies":[{"name":"wp","href":"https:\/\/api.w.org\/{rel}","templated":true}]}}