{"id":35279,"date":"2025-02-20T22:37:11","date_gmt":"2025-02-20T22:37:11","guid":{"rendered":"http:\/\/olemosaic.com\/producto\/bola-de-navidad-con-caja-gato-mallorca\/"},"modified":"2025-07-25T18:41:25","modified_gmt":"2025-07-25T16:41:25","slug":"boule-de-noel-avec-boite-chat-majorque","status":"publish","type":"product","link":"https:\/\/olemosaic.com\/fr\/produit\/boule-de-noel-avec-boite-chat-majorque\/","title":{"rendered":"Boule de No\u00ebl avec bo\u00eete. Chat. Majorque."},"content":{"rendered":"<p>Cette boule de No\u00ebl d\u00e9corative est un v\u00e9ritable hommage \u00e0 la culture vibrante de Majorque, pr\u00e9sent\u00e9e dans une jolie bo\u00eete qui en fait le cadeau id\u00e9al pour ces f\u00eates. Fabriqu\u00e9e en c\u00e9ramique de haute qualit\u00e9, cette pi\u00e8ce se distingue par son design color\u00e9, repr\u00e9sentant deux adorables chats d\u00e9cor\u00e9s d&rsquo;une mosa\u00efque \u00e9voquant l&rsquo;art traditionnel de l&rsquo;\u00eele. Les chats, peints dans des tons chauds avec des d\u00e9tails frappants, apportent une touche festive et joyeuse, faisant de cette boule un \u00e9l\u00e9ment unique pour d\u00e9corer n&rsquo;importe quel sapin de No\u00ebl.<\/p>\n<p>Le fond de la boule est con\u00e7u avec de petites pi\u00e8ces de mosa\u00efque repr\u00e9sentant le riche h\u00e9ritage culturel de Majorque, un symbole de l&rsquo;art insulaire qui a laiss\u00e9 sa marque au fil des ans. Ce souvenir capture non seulement l&rsquo;essence de l&rsquo;\u00eele, mais refl\u00e8te \u00e9galement la chaleur et l&rsquo;authenticit\u00e9 que les visiteurs cherchent \u00e0 ramener chez eux en souvenir. La qualit\u00e9 artisanale et les d\u00e9tails m\u00e9ticuleusement travaill\u00e9s soulignent la pertinence culturelle de la boule en tant que souvenir repr\u00e9sentatif de Majorque, id\u00e9al pour ceux qui souhaitent se souvenir de leur visite sur l&rsquo;\u00eele.<\/p>\n<p>Chez Ol\u00e9 Mosaic, en tant que distributeurs de produits typiques en gros, nous proposons une large gamme de souvenirs c\u00e9l\u00e9brant la culture espagnole. Cette boule de No\u00ebl est une excellente option pour les boutiques de cadeaux touristiques \u00e0 la recherche d&rsquo;articles authentiques et de qualit\u00e9, parfaits pour les touristes souhaitant emporter un petit morceau de Majorque.<\/p>\n","protected":false},"excerpt":{"rendered":"<p>Boule de No\u00ebl d\u00e9corative pr\u00e9sent\u00e9e dans une jolie bo\u00eete, inspir\u00e9e par la culture vibrante de Majorque. Fabriqu\u00e9e en c\u00e9ramique, cette boule pr\u00e9sente deux chats dans un design de mosa\u00efque color\u00e9, avec un fond de petites tesselles \u00e9voquant l&rsquo;art traditionnel de l&rsquo;\u00eele. Les chats, peints avec des couleurs chaudes et des d\u00e9tails frappants, ajoutent une touche festive et joyeuse \u00e0 n&rsquo;importe quel sapin de No\u00ebl, en faisant une pi\u00e8ce singuli\u00e8re et pleine de charme.<\/p>\n","protected":false},"featured_media":13862,"template":"","meta":{"_acf_changed":false},"product_brand":[],"product_cat":[659],"product_tag":[530,646],"class_list":{"0":"post-35279","1":"product","2":"type-product","3":"status-publish","4":"has-post-thumbnail","6":"product_cat-boules-de-noel","7":"product_tag-animaux","8":"product_tag-noel","9":"pa_ciudad-mallorca","10":"pa_motivo-chats","11":"pa_pais-espana","13":"first","14":"instock","15":"shipping-taxable","16":"product-type-simple"},"acf":[],"_links":{"self":[{"href":"https:\/\/olemosaic.com\/fr\/wp-json\/wp\/v2\/product\/35279","targetHints":{"allow":["GET"]}}],"collection":[{"href":"https:\/\/olemosaic.com\/fr\/wp-json\/wp\/v2\/product"}],"about":[{"href":"https:\/\/olemosaic.com\/fr\/wp-json\/wp\/v2\/types\/product"}],"wp:featuredmedia":[{"embeddable":true,"href":"https:\/\/olemosaic.com\/fr\/wp-json\/wp\/v2\/media\/13862"}],"wp:attachment":[{"href":"https:\/\/olemosaic.com\/fr\/wp-json\/wp\/v2\/media?parent=35279"}],"wp:term":[{"taxonomy":"product_brand","embeddable":true,"href":"https:\/\/olemosaic.com\/fr\/wp-json\/wp\/v2\/product_brand?post=35279"},{"taxonomy":"product_cat","embeddable":true,"href":"https:\/\/olemosaic.com\/fr\/wp-json\/wp\/v2\/product_cat?post=35279"},{"taxonomy":"product_tag","embeddable":true,"href":"https:\/\/olemosaic.com\/fr\/wp-json\/wp\/v2\/product_tag?post=35279"}],"curies":[{"name":"wp","href":"https:\/\/api.w.org\/{rel}","templated":true}]}}