{"id":35268,"date":"2025-02-20T22:37:11","date_gmt":"2025-02-20T22:37:11","guid":{"rendered":"http:\/\/olemosaic.com\/producto\/bola-de-navidad-con-caja-salamandra-y-flores-mallorca\/"},"modified":"2025-07-25T19:59:50","modified_gmt":"2025-07-25T17:59:50","slug":"boule-de-noel-avec-boite-salamandre-et-fleurs-majorque","status":"publish","type":"product","link":"https:\/\/olemosaic.com\/fr\/produit\/boule-de-noel-avec-boite-salamandre-et-fleurs-majorque\/","title":{"rendered":"Boule de No\u00ebl avec bo\u00eete. Salamandre et fleurs. Majorque."},"content":{"rendered":"<p>D\u00e9couvrez notre boule de No\u00ebl d\u00e9corative, une pi\u00e8ce unique qui capture l&rsquo;essence de Majorque et sa culture vibrante. Pr\u00e9sent\u00e9e dans une bo\u00eete attrayante, cette boule en c\u00e9ramique est orn\u00e9e de salamandres et de fleurs color\u00e9es, \u00e9voquant le c\u00e9l\u00e8bre trencad\u00eds qui caract\u00e9rise l&rsquo;architecture majorquine. Son design int\u00e8gre le mot \u00ab\u00a0MALLORCA\u00a0\u00bb dans un style vibrant, entour\u00e9 d&rsquo;une mosa\u00efque de teintes joyeuses qui transmettent l&rsquo;essence m\u00e9diterran\u00e9enne. La pr\u00e9sence des salamandres, symboles de chance et d&rsquo;adaptabilit\u00e9, accentue la valeur culturelle de cette d\u00e9coration, en faisant non seulement un ornement, mais un souvenir significatif des traditions locales.<\/p>\n<p>L&rsquo;utilisation de couleurs vives et de formes ludiques souligne la vitalit\u00e9 de l&rsquo;\u00eele, faisant de cette boule un compl\u00e9ment id\u00e9al pour apporter une touche festive et culturelle \u00e0 toute d\u00e9coration de No\u00ebl. Parfaite pour les touristes \u00e0 la recherche de souvenirs de haute qualit\u00e9, cette boule de No\u00ebl est une excellente option pour les boutiques de cadeaux touristiques souhaitant proposer des produits authentiques refl\u00e9tant l&rsquo;h\u00e9ritage culturel de Majorque. Chez Ol\u00e9 Mosaic, nous sommes votre distributeur de souvenirs en c\u00e9ramique en gros, garantissant l&rsquo;authenticit\u00e9 et un design exceptionnel pour chaque pi\u00e8ce.<\/p>\n","protected":false},"excerpt":{"rendered":"<p>Boule de No\u00ebl d\u00e9corative pr\u00e9sent\u00e9e dans une bo\u00eete attrayante, inspir\u00e9e par la beaut\u00e9 de Majorque. Cette pi\u00e8ce en c\u00e9ramique est orn\u00e9e de salamandres et de fleurs color\u00e9es, \u00e9voquant le c\u00e9l\u00e8bre trencad\u00eds majorquin. Le design inclut le mot \u00ab\u00a0MALLORCA\u00a0\u00bb dans un style vibrant, entour\u00e9 d&rsquo;une mosa\u00efque de teintes joyeuses qui transmettent l&rsquo;essence m\u00e9diterran\u00e9enne. Un compl\u00e9ment id\u00e9al pour donner une touche festive et culturelle \u00e0 votre d\u00e9coration de No\u00ebl.<\/p>\n","protected":false},"featured_media":13861,"template":"","meta":{"_acf_changed":false},"product_brand":[],"product_cat":[659],"product_tag":[530,646],"class_list":{"0":"post-35268","1":"product","2":"type-product","3":"status-publish","4":"has-post-thumbnail","6":"product_cat-boules-de-noel","7":"product_tag-animaux","8":"product_tag-noel","9":"pa_ciudad-mallorca","10":"pa_motivo-salamandres","11":"pa_pais-espana","13":"first","14":"instock","15":"shipping-taxable","16":"product-type-simple"},"acf":[],"_links":{"self":[{"href":"https:\/\/olemosaic.com\/fr\/wp-json\/wp\/v2\/product\/35268","targetHints":{"allow":["GET"]}}],"collection":[{"href":"https:\/\/olemosaic.com\/fr\/wp-json\/wp\/v2\/product"}],"about":[{"href":"https:\/\/olemosaic.com\/fr\/wp-json\/wp\/v2\/types\/product"}],"wp:featuredmedia":[{"embeddable":true,"href":"https:\/\/olemosaic.com\/fr\/wp-json\/wp\/v2\/media\/13861"}],"wp:attachment":[{"href":"https:\/\/olemosaic.com\/fr\/wp-json\/wp\/v2\/media?parent=35268"}],"wp:term":[{"taxonomy":"product_brand","embeddable":true,"href":"https:\/\/olemosaic.com\/fr\/wp-json\/wp\/v2\/product_brand?post=35268"},{"taxonomy":"product_cat","embeddable":true,"href":"https:\/\/olemosaic.com\/fr\/wp-json\/wp\/v2\/product_cat?post=35268"},{"taxonomy":"product_tag","embeddable":true,"href":"https:\/\/olemosaic.com\/fr\/wp-json\/wp\/v2\/product_tag?post=35268"}],"curies":[{"name":"wp","href":"https:\/\/api.w.org\/{rel}","templated":true}]}}