{"id":35267,"date":"2025-02-20T22:37:11","date_gmt":"2025-02-20T22:37:11","guid":{"rendered":"http:\/\/olemosaic.com\/producto\/bola-de-navidad-con-caja-gato-tenerife\/"},"modified":"2025-07-25T20:00:38","modified_gmt":"2025-07-25T18:00:38","slug":"boule-de-noel-avec-boite-chat-tenerife","status":"publish","type":"product","link":"https:\/\/olemosaic.com\/fr\/produit\/boule-de-noel-avec-boite-chat-tenerife\/","title":{"rendered":"Boule de No\u00ebl avec bo\u00eete. Chat. Tenerife."},"content":{"rendered":"<p>Cette boule de No\u00ebl d\u00e9corative est un souvenir attachant de Tenerife, con\u00e7ue pour ajouter une touche vibrante et festive \u00e0 n&rsquo;importe quel sapin de No\u00ebl. Avec un design inspir\u00e9 par la riche tradition de la mosa\u00efque canarienne, la boule pr\u00e9sente deux adorables chats qui capturent l&rsquo;essence ludique de l&rsquo;\u00eele. Les chats sont r\u00e9alis\u00e9s avec une palette de couleurs vives comprenant des rouges, des verts et des bleus, cr\u00e9ant un contraste attrayant sur un fond de nuances grises subtiles, \u00e9voquant les mosa\u00efques caract\u00e9ristiques qui d\u00e9corent de nombreuses places et rues de Tenerife.<\/p>\n<p>La d\u00e9coration est compl\u00e9t\u00e9e par un ruban rose qui, en plus de faciliter la suspension de l&rsquo;ornement, ajoute un \u00e9l\u00e9ment d&rsquo;\u00e9l\u00e9gance et de sympathie. Sur la partie frontale, le nom \u00ab\u00a0Tenerife\u00a0\u00bb se d\u00e9tache clairement, faisant de cette boule un souvenir instantan\u00e9ment reconnaissable et repr\u00e9sentatif de l&rsquo;\u00eele. Pr\u00e9sent\u00e9e dans une bo\u00eete attrayante, cette d\u00e9coration est parfaite comme cadeau ou pour ajouter une touche d&rsquo;authenticit\u00e9 \u00e0 vos c\u00e9l\u00e9brations de No\u00ebl.<\/p>\n<p>Ce souvenir n&rsquo;est pas seulement un \u00e9l\u00e9ment d\u00e9coratif, mais un hommage \u00e0 la riche culture canarienne que les visiteurs pourront emporter chez eux. Chez Ol\u00e9 Mosaic, nous sommes des distributeurs de souvenirs de haute qualit\u00e9, et cette boule de No\u00ebl est une excellente option pour les boutiques de cadeaux touristiques \u00e0 la recherche de produits authentiques et pleins de sens culturel. C\u00e9l\u00e9brez les festivit\u00e9s avec un symbole de Tenerife qui durera dans le temps.<\/p>\n","protected":false},"excerpt":{"rendered":"<p>Boule de No\u00ebl d\u00e9corative repr\u00e9sentant deux chats dans un design de mosa\u00efque color\u00e9, inspir\u00e9e par la culture de Tenerife. Cette charmante d\u00e9coration pr\u00e9sente des \u00e9l\u00e9ments vibrants et un fond avec des d\u00e9tails d&rsquo;arches dans des tons gris et un sch\u00e9ma de couleurs vari\u00e9. La boule comprend un ruban rose pour la suspendre et un texte imprim\u00e9 soulignant le nom de l&rsquo;\u00eele. Un souvenir parfait pour c\u00e9l\u00e9brer les f\u00eates avec une touche canarienne.<\/p>\n","protected":false},"featured_media":13860,"template":"","meta":{"_acf_changed":false},"product_brand":[],"product_cat":[659],"product_tag":[530,646],"class_list":{"0":"post-35267","1":"product","2":"type-product","3":"status-publish","4":"has-post-thumbnail","6":"product_cat-boules-de-noel","7":"product_tag-animaux","8":"product_tag-noel","9":"pa_ciudad-tenerife","10":"pa_motivo-chats","11":"pa_pais-espana","13":"first","14":"instock","15":"shipping-taxable","16":"product-type-simple"},"acf":[],"_links":{"self":[{"href":"https:\/\/olemosaic.com\/fr\/wp-json\/wp\/v2\/product\/35267","targetHints":{"allow":["GET"]}}],"collection":[{"href":"https:\/\/olemosaic.com\/fr\/wp-json\/wp\/v2\/product"}],"about":[{"href":"https:\/\/olemosaic.com\/fr\/wp-json\/wp\/v2\/types\/product"}],"wp:featuredmedia":[{"embeddable":true,"href":"https:\/\/olemosaic.com\/fr\/wp-json\/wp\/v2\/media\/13860"}],"wp:attachment":[{"href":"https:\/\/olemosaic.com\/fr\/wp-json\/wp\/v2\/media?parent=35267"}],"wp:term":[{"taxonomy":"product_brand","embeddable":true,"href":"https:\/\/olemosaic.com\/fr\/wp-json\/wp\/v2\/product_brand?post=35267"},{"taxonomy":"product_cat","embeddable":true,"href":"https:\/\/olemosaic.com\/fr\/wp-json\/wp\/v2\/product_cat?post=35267"},{"taxonomy":"product_tag","embeddable":true,"href":"https:\/\/olemosaic.com\/fr\/wp-json\/wp\/v2\/product_tag?post=35267"}],"curies":[{"name":"wp","href":"https:\/\/api.w.org\/{rel}","templated":true}]}}