{"id":35264,"date":"2025-02-20T22:37:10","date_gmt":"2025-02-20T22:37:10","guid":{"rendered":"http:\/\/olemosaic.com\/producto\/bola-de-navidad-con-caja-toro-mallorca\/"},"modified":"2025-07-25T18:47:08","modified_gmt":"2025-07-25T16:47:08","slug":"boule-de-noel-avec-boite-taureau-majorque","status":"publish","type":"product","link":"https:\/\/olemosaic.com\/fr\/produit\/boule-de-noel-avec-boite-taureau-majorque\/","title":{"rendered":"Boule de No\u00ebl avec bo\u00eete. Taureau. Majorque."},"content":{"rendered":"<p>Cette boule de No\u00ebl d\u00e9corative en c\u00e9ramique est un magnifique souvenir de Majorque qui capture l&rsquo;essence vibrante de la culture locale. Avec un design pr\u00e9sentant une impressionnante mosa\u00efque en rouge, jaune et vert, la boule rend hommage \u00e0 l&rsquo;iconique taureau, symbole embl\u00e9matique de la r\u00e9gion. La repr\u00e9sentation du taureau, stylis\u00e9e avec des fragments de c\u00e9ramique \u00e9voquant la tradition de l&rsquo;art de la mosa\u00efque, est situ\u00e9e sur un fond orn\u00e9 de p\u00e9tales de fleurs, cr\u00e9ant un ensemble visuel captivant qui \u00e9gayera n&rsquo;importe quel sapin de No\u00ebl.<\/p>\n<p>Le mot \u00ab\u00a0MALLORCA\u00a0\u00bb se distingue en lettres audacieuses, offrant un rappel nostalgique de cette belle \u00eele des Bal\u00e9ares chaque fois que l&rsquo;on admire la boule d\u00e9corative. La boule est pr\u00e9sent\u00e9e dans une bo\u00eete \u00e9l\u00e9gante, ce qui en fait un cadeau parfait, non seulement pour d\u00e9corer la maison \u00e0 No\u00ebl, mais aussi comme symbole de connexion culturelle avec Majorque.<\/p>\n<p>Chez Ol\u00e9 Mosaic, nous nous sp\u00e9cialisons dans la distribution de souvenirs en gros, et cette boule de No\u00ebl est un choix id\u00e9al pour les boutiques de cadeaux touristiques \u00e0 la recherche de produits authentiques et repr\u00e9sentatifs. Elle rehaussera la d\u00e9coration de No\u00ebl avec une touche espagnole distinctive et deviendra un tr\u00e9sor inoubliable pour ceux qui souhaitent emporter un morceau de Majorque chez eux.<\/p>\n","protected":false},"excerpt":{"rendered":"<p>Boule de No\u00ebl d\u00e9corative en c\u00e9ramique, fabriqu\u00e9e \u00e0 Majorque et mettant en vedette le taureau. Ce design vibrant pr\u00e9sente une mosa\u00efque de couleurs rouge, jaune et vert qui \u00e9voque la culture locale. D\u00e9cor\u00e9e d&rsquo;un fond de p\u00e9tales et du mot \u00ab\u00a0MALLORCA\u00a0\u00bb, cette boule est livr\u00e9e dans une bo\u00eete \u00e9l\u00e9gante, id\u00e9ale pour compl\u00e9ter la d\u00e9coration de No\u00ebl et ajouter une touche espagnole distinctive \u00e0 votre int\u00e9rieur.<\/p>\n","protected":false},"featured_media":4148,"template":"","meta":{"_acf_changed":false},"product_brand":[],"product_cat":[659],"product_tag":[530,646],"class_list":{"0":"post-35264","1":"product","2":"type-product","3":"status-publish","4":"has-post-thumbnail","6":"product_cat-boules-de-noel","7":"product_tag-animaux","8":"product_tag-noel","9":"pa_ciudad-mallorca","10":"pa_motivo-taureaux","11":"pa_pais-espana","13":"first","14":"instock","15":"shipping-taxable","16":"product-type-simple"},"acf":[],"_links":{"self":[{"href":"https:\/\/olemosaic.com\/fr\/wp-json\/wp\/v2\/product\/35264","targetHints":{"allow":["GET"]}}],"collection":[{"href":"https:\/\/olemosaic.com\/fr\/wp-json\/wp\/v2\/product"}],"about":[{"href":"https:\/\/olemosaic.com\/fr\/wp-json\/wp\/v2\/types\/product"}],"wp:featuredmedia":[{"embeddable":true,"href":"https:\/\/olemosaic.com\/fr\/wp-json\/wp\/v2\/media\/4148"}],"wp:attachment":[{"href":"https:\/\/olemosaic.com\/fr\/wp-json\/wp\/v2\/media?parent=35264"}],"wp:term":[{"taxonomy":"product_brand","embeddable":true,"href":"https:\/\/olemosaic.com\/fr\/wp-json\/wp\/v2\/product_brand?post=35264"},{"taxonomy":"product_cat","embeddable":true,"href":"https:\/\/olemosaic.com\/fr\/wp-json\/wp\/v2\/product_cat?post=35264"},{"taxonomy":"product_tag","embeddable":true,"href":"https:\/\/olemosaic.com\/fr\/wp-json\/wp\/v2\/product_tag?post=35264"}],"curies":[{"name":"wp","href":"https:\/\/api.w.org\/{rel}","templated":true}]}}