{"id":35258,"date":"2025-02-20T22:37:10","date_gmt":"2025-02-20T22:37:10","guid":{"rendered":"http:\/\/olemosaic.com\/producto\/bola-de-navidad-con-caja-motivos-marinos-tenerife\/"},"modified":"2025-07-25T19:49:10","modified_gmt":"2025-07-25T17:49:10","slug":"boule-de-noel-avec-boite-motifs-marins-tenerife","status":"publish","type":"product","link":"https:\/\/olemosaic.com\/fr\/produit\/boule-de-noel-avec-boite-motifs-marins-tenerife\/","title":{"rendered":"Boule de No\u00ebl avec bo\u00eete. Motifs marins. Tenerife."},"content":{"rendered":"<p>Cette boule de No\u00ebl d\u00e9corative, inspir\u00e9e par l&rsquo;originalit\u00e9 et la beaut\u00e9 naturelle de Tenerife, est un v\u00e9ritable hommage \u00e0 l&rsquo;oc\u00e9an qui entoure l&rsquo;\u00eele. Avec un design vibrant incluant des tortues et des \u00e9l\u00e9ments marins color\u00e9s sur un fond bleu profond, cette pi\u00e8ce capture l&rsquo;essence de la vie marine canarienne. L&rsquo;utilisation de tons intenses et de motifs d\u00e9taill\u00e9s fait de cette boule un ornement frappant qui non seulement embellira votre sapin de No\u00ebl, mais \u00e9voquera \u00e9galement des souvenirs de votre visite sur cette \u00eele splendide.<\/p>\n<p>Fabriqu\u00e9e avec des mat\u00e9riaux de haute qualit\u00e9, la boule de No\u00ebl est pr\u00e9sent\u00e9e dans une \u00e9l\u00e9gante bo\u00eete, ce qui en fait un cadeau parfait pour les amis et la famille, ainsi qu&rsquo;un excellent souvenir pour les touristes cherchant \u00e0 se rem\u00e9morer leur exp\u00e9rience \u00e0 Tenerife. Le n\u0153ud rouge inclus facilite sa suspension et ajoute une touche festive et traditionnelle, faisant de cette boule un symbole de la connexion entre No\u00ebl et la mer.<\/p>\n<p>Ce souvenir de Tenerife est plus qu&rsquo;un simple ornement ; il repr\u00e9sente la culture insulaire et sa riche biodiversit\u00e9, parfait pour ceux qui recherchent un souvenir authentique de leur voyage. Chez Ol\u00e9 Mosaic, nous distribuons ces articles charmants en gros, garantissant l&rsquo;authenticit\u00e9 et la qualit\u00e9 de chaque pi\u00e8ce. Avec cette boule de No\u00ebl, les touristes pourront emporter chez eux un morceau de l&rsquo;oc\u00e9an et l&rsquo;essence magique de Tenerife.<\/p>\n","protected":false},"excerpt":{"rendered":"<p>Boule de No\u00ebl d\u00e9corative aux motifs marins, inspir\u00e9e par la beaut\u00e9 naturelle de Tenerife. Cette boule pr\u00e9sente un design vibrant avec des tortues et des \u00e9l\u00e9ments marins color\u00e9s sur un fond bleu qui \u00e9voque l&rsquo;oc\u00e9an entourant l&rsquo;\u00eele. Elle est pr\u00e9sent\u00e9e dans une \u00e9l\u00e9gante bo\u00eete, id\u00e9ale pour orner le sapin de No\u00ebl ou comme cadeau unique. Comprend un n\u0153ud rouge pour la suspendre facilement, fusionnant art et tradition insulaire.<\/p>\n","protected":false},"featured_media":13857,"template":"","meta":{"_acf_changed":false},"product_brand":[],"product_cat":[659],"product_tag":[530,646],"class_list":{"0":"post-35258","1":"product","2":"type-product","3":"status-publish","4":"has-post-thumbnail","6":"product_cat-boules-de-noel","7":"product_tag-animaux","8":"product_tag-noel","9":"pa_ciudad-tenerife","10":"pa_motivo-animaux-marins","11":"pa_pais-espana","13":"first","14":"instock","15":"shipping-taxable","16":"product-type-simple"},"acf":[],"_links":{"self":[{"href":"https:\/\/olemosaic.com\/fr\/wp-json\/wp\/v2\/product\/35258","targetHints":{"allow":["GET"]}}],"collection":[{"href":"https:\/\/olemosaic.com\/fr\/wp-json\/wp\/v2\/product"}],"about":[{"href":"https:\/\/olemosaic.com\/fr\/wp-json\/wp\/v2\/types\/product"}],"wp:featuredmedia":[{"embeddable":true,"href":"https:\/\/olemosaic.com\/fr\/wp-json\/wp\/v2\/media\/13857"}],"wp:attachment":[{"href":"https:\/\/olemosaic.com\/fr\/wp-json\/wp\/v2\/media?parent=35258"}],"wp:term":[{"taxonomy":"product_brand","embeddable":true,"href":"https:\/\/olemosaic.com\/fr\/wp-json\/wp\/v2\/product_brand?post=35258"},{"taxonomy":"product_cat","embeddable":true,"href":"https:\/\/olemosaic.com\/fr\/wp-json\/wp\/v2\/product_cat?post=35258"},{"taxonomy":"product_tag","embeddable":true,"href":"https:\/\/olemosaic.com\/fr\/wp-json\/wp\/v2\/product_tag?post=35258"}],"curies":[{"name":"wp","href":"https:\/\/api.w.org\/{rel}","templated":true}]}}