{"id":35257,"date":"2025-02-20T23:37:10","date_gmt":"2025-02-20T22:37:10","guid":{"rendered":"http:\/\/olemosaic.com\/producto\/bola-de-navidad-con-caja-mosaico-lanzarote-2\/"},"modified":"2025-07-25T18:34:40","modified_gmt":"2025-07-25T16:34:40","slug":"boule-de-noel-avec-boite-mosaique-lanzarote-2","status":"publish","type":"product","link":"https:\/\/olemosaic.com\/fr\/produit\/boule-de-noel-avec-boite-mosaique-lanzarote-2\/","title":{"rendered":"Boule de No\u00ebl avec bo\u00eete. Mosa\u00efque. Bleu, rouge et orange. Lanzarote."},"content":{"rendered":"<p>Cet ornement de No\u00ebl enchanteur est une boule d\u00e9corative en c\u00e9ramique inspir\u00e9e des mosa\u00efques vibrantes de Lanzarote, un v\u00e9ritable hommage au riche patrimoine culturel de cette magnifique \u00eele canarienne. Avec un design \u00e9blouissant, la boule se distingue par sa combinaison de motifs g\u00e9om\u00e9triques dans une palette de couleurs bleu, rouge et orange qui \u00e9voquent la chaleur et la joie typiques de Lanzarote. Le nom \u00ab\u00a0LANZAROTE\u00a0\u00bb appara\u00eet de mani\u00e8re attrayante, apportant une touche personnalis\u00e9e qui en fait un souvenir repr\u00e9sentatif de la r\u00e9gion.<\/p>\n<p>Fabriqu\u00e9e en c\u00e9ramique de haute qualit\u00e9, chaque boule est \u00e9galement un t\u00e9moignage de l&rsquo;artisanat local, devenant un souvenir unique de votre visite. La boule est orn\u00e9e d&rsquo;un n\u0153ud en tissu rouge qui non seulement souligne son aspect festif, mais facilite \u00e9galement son installation sur le sapin, ajoutant une touche d\u00e9corative \u00e0 votre maison pendant la saison de No\u00ebl.<\/p>\n<p>Ce souvenir de Lanzarote est id\u00e9al pour les touristes \u00e0 la recherche d&rsquo;une mani\u00e8re authentique de se souvenir de leur voyage, mais c&rsquo;est aussi une excellente option pour les boutiques de souvenirs touristiques souhaitant proposer des produits culturels de grande qualit\u00e9. Chez Ol\u00e9 Mosaic, en tant que distributeurs de souvenirs en gros, nous garantissons que chaque produit, comme cette boule de No\u00ebl, refl\u00e8te l&rsquo;essence et l&rsquo;authenticit\u00e9 de l&rsquo;Espagne, faisant de chaque ornement de No\u00ebl un symbole inoubliable de bonheur et de tradition.<\/p>\n","protected":false},"excerpt":{"rendered":"<p>Boule de No\u00ebl d\u00e9corative en c\u00e9ramique avec bo\u00eete, inspir\u00e9e des mosa\u00efques de Lanzarote. Cet ornement joyeux pr\u00e9sente un design vibrant combinant une vari\u00e9t\u00e9 de motifs g\u00e9om\u00e9triques dans les tons bleu, rouge et orange, refl\u00e9tant l&rsquo;h\u00e9ritage culturel de l&rsquo;\u00eele. Le texte \u00ab\u00a0LANZAROTE\u00a0\u00bb se d\u00e9tache de mani\u00e8re attrayante. De plus, elle dispose d&rsquo;un n\u0153ud en tissu rouge qui facilite son installation sur le sapin. Id\u00e9ale pour ajouter une touche festive et d\u00e9corative \u00e0 n&rsquo;importe quel foyer.<\/p>\n","protected":false},"featured_media":13856,"template":"","meta":{"_acf_changed":false},"product_brand":[],"product_cat":[659],"product_tag":[646],"class_list":{"0":"post-35257","1":"product","2":"type-product","3":"status-publish","4":"has-post-thumbnail","6":"product_cat-boules-de-noel","7":"product_tag-noel","8":"pa_ciudad-lanzarote","9":"pa_motivo-mosaique","10":"pa_pais-espana","12":"first","13":"instock","14":"shipping-taxable","15":"product-type-simple"},"acf":[],"_links":{"self":[{"href":"https:\/\/olemosaic.com\/fr\/wp-json\/wp\/v2\/product\/35257","targetHints":{"allow":["GET"]}}],"collection":[{"href":"https:\/\/olemosaic.com\/fr\/wp-json\/wp\/v2\/product"}],"about":[{"href":"https:\/\/olemosaic.com\/fr\/wp-json\/wp\/v2\/types\/product"}],"wp:featuredmedia":[{"embeddable":true,"href":"https:\/\/olemosaic.com\/fr\/wp-json\/wp\/v2\/media\/13856"}],"wp:attachment":[{"href":"https:\/\/olemosaic.com\/fr\/wp-json\/wp\/v2\/media?parent=35257"}],"wp:term":[{"taxonomy":"product_brand","embeddable":true,"href":"https:\/\/olemosaic.com\/fr\/wp-json\/wp\/v2\/product_brand?post=35257"},{"taxonomy":"product_cat","embeddable":true,"href":"https:\/\/olemosaic.com\/fr\/wp-json\/wp\/v2\/product_cat?post=35257"},{"taxonomy":"product_tag","embeddable":true,"href":"https:\/\/olemosaic.com\/fr\/wp-json\/wp\/v2\/product_tag?post=35257"}],"curies":[{"name":"wp","href":"https:\/\/api.w.org\/{rel}","templated":true}]}}